{"id":82149,"date":"2023-12-14T02:13:09","date_gmt":"2023-12-14T01:13:09","guid":{"rendered":"https:\/\/www.soanam.de\/?post_type=product&#038;p=82149"},"modified":"2023-12-14T02:15:48","modified_gmt":"2023-12-14T01:15:48","slug":"gipsy-ledermantel-seneka-in-cognac-groesse-3xl","status":"publish","type":"product","link":"https:\/\/www.soanam.de\/en\/produkt\/gipsy-ledermantel-seneka-in-cognac-groesse-3xl\/","title":{"rendered":"Gipsy leather coat Seneka, in cognac, size 3XL"},"content":{"rendered":"<p>Leicht taillierte Lederjacke in angesagter Longform von Gipsy<br \/>\nHochwertiges Lammnappa mit glatter Optik, mit Baumwoll-Innenfutter<br \/>\nFigurbetonender Ledermantel in Biker-Optik mit abnehmbarer Kapuze aus weichem Jersey<br \/>\nKlassischer Reverskragen mit asymmetrischem Rei\u00dfverschluss<\/p>\n<p>Bikerjacke und Ledermantel in einem - das ist Seneka von Gipsy.<br \/>\nDie coolen Features einer Bikerjacke werden um eine smarte Long-Passform erg\u00e4nzt.<br \/>\nDazu z\u00e4hlen der Reverskragen mit Logo verzierten Druckkn\u00f6pfen, der asymmetrische Rei\u00dfverschluss, die Zipper-Taschen sowie die Zipper an den \u00c4rmels\u00e4umen.<br \/>\nInnen ist der Mantel aus Lammnappe aufwendig bedruckt, mit einer Kapuze im Lagen-Look und modischen Steppungen versehen.<\/p>\n<p>Material: Obermaterial: 100% Lammleder. Futter: 100% Baumwolle. \u00c4rmelfutter: 100% Polyester. Kapuze: 55% Polyester, 45% Baumwolle<br \/>\nCare instructions: Leather cleaning<\/p>\n<p>Color: cognac<br \/>\nPattern: without<br \/>\nSize: 3XL<\/p>\n<p>Shoulder width: 43 cm<br \/>\nChest width: 120cm<br \/>\nSleeve length: 67cm<br \/>\nTotal length: 93cm<\/p>","protected":false},"excerpt":{"rendered":"<table class=\"dv_characteristicsTable\">\n<tbody>\n<tr>\n<td class=\"left\">Size<\/td>\n<td>3XL<\/td>\n<\/tr>\n<tr>\n<td class=\"left\">Gr\u00f6\u00dfentyp<\/td>\n<td>Normalgr\u00f6\u00dfen<\/td>\n<\/tr>\n<tr>\n<td class=\"left\">Material composition<\/td>\n<td>Obermaterial: 100% Lammleder. Futter: 100% Baumwolle. \u00c4rmelfutter: 100% Polyester. Kapuze: 55% Polyester, 45% Baumwolle<\/td>\n<\/tr>\n<tr>\n<td class=\"left\">Materialhinweis<\/td>\n<td>enth\u00e4lt nichttextile Teile tierischen Ursprungs<\/td>\n<\/tr>\n<tr>\n<td class=\"left\">Care instructions<\/td>\n<td>Lederreinigung<\/td>\n<\/tr>\n<tr>\n<td class=\"left\">Stil<\/td>\n<td>modisch<\/td>\n<\/tr>\n<tr>\n<td class=\"left\">Color<\/td>\n<td>cognac<\/td>\n<\/tr>\n<tr>\n<td class=\"left\">Kragen<\/td>\n<td>Reverskragen<\/td>\n<\/tr>\n<tr>\n<td class=\"left\">\u00c4rmel<\/td>\n<td>Long sleeve<\/td>\n<\/tr>\n<tr>\n<td class=\"left\">\u00c4rmeldetails<\/td>\n<td>\u00c4rmel mit \u00c4rmelschlitz<\/td>\n<\/tr>\n<tr>\n<td class=\"left\">\u00c4rmelabschlussdetails<\/td>\n<td>mit Rei\u00dfverschluss<\/td>\n<\/tr>\n<tr>\n<td class=\"left\">Fit<\/td>\n<td>figurbetont<\/td>\n<\/tr>\n<tr>\n<td class=\"left\">Schnittdetails<\/td>\n<td>Teilungsn\u00e4hte<\/td>\n<\/tr>\n<tr>\n<td class=\"left\">Schnittform L\u00e4nge<\/td>\n<td>lang<\/td>\n<\/tr>\n<tr>\n<td class=\"left\">Kapuze<\/td>\n<td>mit Kapuze<\/td>\n<\/tr>\n<tr>\n<td class=\"left\">Kapuzendetails<\/td>\n<td>abnehmbar<\/td>\n<\/tr>\n<tr>\n<td class=\"left\">Kapuzenf\u00fctterung<\/td>\n<td>gef\u00fcttert<\/td>\n<\/tr>\n<tr>\n<td class=\"left\">Bags<\/td>\n<td>Rei\u00dfverschlusstaschen<\/td>\n<\/tr>\n<tr>\n<td class=\"left\">Verschluss<\/td>\n<td>Zipper<\/td>\n<\/tr>\n<tr>\n<td class=\"left\">Besondere Merkmale<\/td>\n<td>lange Lederjacke mit abzippbarem Kapuzen-Einsatz<\/td>\n<\/tr>\n<\/tbody>\n<\/table>","protected":false},"featured_media":82269,"comment_status":"open","ping_status":"closed","template":"","meta":{"_seopress_robots_primary_cat":"","_seopress_titles_title":"","_seopress_titles_desc":"","_seopress_robots_index":""},"product_brand":[],"product_cat":[1348,1354,1405],"product_tag":[],"class_list":{"0":"post-82149","1":"product","2":"type-product","3":"status-publish","4":"has-post-thumbnail","6":"product_cat-damen-mode","7":"product_cat-jacken-maentel","8":"product_cat-lederjacken-jacken-maentel","9":"product_shipping_class-standard-versand","11":"first","12":"instock","13":"taxable","14":"shipping-taxable","15":"purchasable","16":"product-type-simple"},"_links":{"self":[{"href":"https:\/\/www.soanam.de\/en\/wp-json\/wp\/v2\/product\/82149","targetHints":{"allow":["GET"]}}],"collection":[{"href":"https:\/\/www.soanam.de\/en\/wp-json\/wp\/v2\/product"}],"about":[{"href":"https:\/\/www.soanam.de\/en\/wp-json\/wp\/v2\/types\/product"}],"replies":[{"embeddable":true,"href":"https:\/\/www.soanam.de\/en\/wp-json\/wp\/v2\/comments?post=82149"}],"wp:featuredmedia":[{"embeddable":true,"href":"https:\/\/www.soanam.de\/en\/wp-json\/wp\/v2\/media\/82269"}],"wp:attachment":[{"href":"https:\/\/www.soanam.de\/en\/wp-json\/wp\/v2\/media?parent=82149"}],"wp:term":[{"taxonomy":"product_brand","embeddable":true,"href":"https:\/\/www.soanam.de\/en\/wp-json\/wp\/v2\/product_brand?post=82149"},{"taxonomy":"product_cat","embeddable":true,"href":"https:\/\/www.soanam.de\/en\/wp-json\/wp\/v2\/product_cat?post=82149"},{"taxonomy":"product_tag","embeddable":true,"href":"https:\/\/www.soanam.de\/en\/wp-json\/wp\/v2\/product_tag?post=82149"}],"curies":[{"name":"wp","href":"https:\/\/api.w.org\/{rel}","templated":true}]}}