{"id":82131,"date":"2023-12-14T02:12:47","date_gmt":"2023-12-14T01:12:47","guid":{"rendered":"https:\/\/www.soanam.de\/?post_type=product&#038;p=82131"},"modified":"2023-12-14T02:15:44","modified_gmt":"2023-12-14T01:15:44","slug":"polarino-wattierte-winterjacke-in-marine-groesse-56","status":"publish","type":"product","link":"https:\/\/www.soanam.de\/en\/produkt\/polarino-wattierte-winterjacke-in-marine-groesse-56\/","title":{"rendered":"Polarino padded winter jacket, in navy, size 56"},"content":{"rendered":"<p>Funktionsjacke mit Kapuze von Polarino<br \/>\nWarm wattiert mit gestepptem Futter<br \/>\nJeweils 2 Rei\u00dfverschluss-Seitentaschen,1 Brusttasche und Innentaschen<br \/>\nAtmungsaktiv, winddicht und wasserabweisend<br \/>\n\u00c4rmelb\u00fcndchen und Saum in der Weite verstellbar<\/p>\n<p>Winddichte, wasserabweisende und atmungsaktive Eigenschaften machen das Polarino-Modell zum perfekten Begleiter in der kalten Jahreszeit. Auch die kuschelige Wattierung des Steppfutters schenkt eine angenehme W\u00e4rme.<br \/>\nDas Design pr\u00e4sentiert sich mit funktionalen Stilkomponenten wie verstellbaren \u00c4rmelriegeln und dem eingefassten Rei\u00dfverschluss samt Kinnschutz.<br \/>\nDie praktisch verstellbare Tunnelzugkapuze verhindert, dass du bei Windb\u00f6en am Kopf frierst.<br \/>\nDie Napoleontasche auf Brusth\u00f6he sowie seitliche Eingrifftaschen erm\u00f6glichen perfekten Stauraum f\u00fcr deine Habseligkeiten.<br \/>\nMit dem weitenverstellbaren Saum kannst du die Passform individuell anpassen.<\/p>\n<p>Material: Obermaterial: 96% Polyester , 4% Elasthan. Futter: 100% Polyester. Wattierung: 100% Polyester<br \/>\nCare instructions: Machine wash<\/p>\n<p>Color: navy<br \/>\nPattern: without<br \/>\nSize: 56<\/p>\n<p>Shoulder width: 52cm<br \/>\nChest width: 128cm<br \/>\nSleeve length: 70cm<br \/>\nTotal length: 81cm<\/p>","protected":false},"excerpt":{"rendered":"<table class=\"dv_characteristicsTable\">\n<tbody>\n<tr>\n<td class=\"left\">Size<\/td>\n<td>56<\/td>\n<\/tr>\n<tr>\n<td class=\"left\">Gr\u00f6\u00dfentyp<\/td>\n<td>Normalgr\u00f6\u00dfen<\/td>\n<\/tr>\n<tr>\n<td class=\"left\">Material composition<\/td>\n<td>Obermaterial: 96% Polyester\u00a0, 4% Elasthan. Futter: 100% Polyester. Wattierung: 100% Polyester<\/td>\n<\/tr>\n<tr>\n<td class=\"left\">Materialart<\/td>\n<td>Softshell<\/td>\n<\/tr>\n<tr>\n<td class=\"left\">Care instructions<\/td>\n<td>Machine wash<\/td>\n<\/tr>\n<tr>\n<td class=\"left\">Stil<\/td>\n<td>sportlich<\/td>\n<\/tr>\n<tr>\n<td class=\"left\">Color<\/td>\n<td>marine<\/td>\n<\/tr>\n<tr>\n<td class=\"left\">\u00c4rmelabschlussdetails<\/td>\n<td>mit verstellbarem Klettverschluss<\/td>\n<\/tr>\n<tr>\n<td class=\"left\">Rumpfabschlussdetails<\/td>\n<td>mit verstellbarem Gummizug<\/td>\n<\/tr>\n<tr>\n<td class=\"left\">Kapuze<\/td>\n<td>mit Kapuze<\/td>\n<\/tr>\n<tr>\n<td class=\"left\">Kapuzendetails<\/td>\n<td>mit regulierbarem Elastikband, Weite regulierbar<\/td>\n<\/tr>\n<tr>\n<td class=\"left\">Kapuzenf\u00fctterung<\/td>\n<td>gef\u00fcttert<\/td>\n<\/tr>\n<tr>\n<td class=\"left\">Applikationen<\/td>\n<td>Badge<\/td>\n<\/tr>\n<tr>\n<td class=\"left\">Bags<\/td>\n<td>Rei\u00dfverschlusstaschen, Brusttasche, Innentaschen<\/td>\n<\/tr>\n<tr>\n<td class=\"left\">Verschluss<\/td>\n<td>Zipper<\/td>\n<\/tr>\n<tr>\n<td class=\"left\">Besondere Merkmale<\/td>\n<td>mit vielen praktischen Taschen<\/td>\n<\/tr>\n<\/tbody>\n<\/table>","protected":false},"featured_media":82264,"comment_status":"open","ping_status":"closed","template":"","meta":{"_seopress_robots_primary_cat":"","_seopress_titles_title":"","_seopress_titles_desc":"","_seopress_robots_index":""},"product_brand":[],"product_cat":[1345,1363,1364,1377],"product_tag":[],"class_list":{"0":"post-82131","1":"product","2":"type-product","3":"status-publish","4":"has-post-thumbnail","6":"product_cat-herrenmode","7":"product_cat-jacken-maentel-herrenmode","8":"product_cat-funktionsjacken","9":"product_cat-winterjacken-jacken-maentel-herrenmode","10":"product_shipping_class-standard-versand","12":"first","13":"instock","14":"taxable","15":"shipping-taxable","16":"purchasable","17":"product-type-simple"},"_links":{"self":[{"href":"https:\/\/www.soanam.de\/en\/wp-json\/wp\/v2\/product\/82131","targetHints":{"allow":["GET"]}}],"collection":[{"href":"https:\/\/www.soanam.de\/en\/wp-json\/wp\/v2\/product"}],"about":[{"href":"https:\/\/www.soanam.de\/en\/wp-json\/wp\/v2\/types\/product"}],"replies":[{"embeddable":true,"href":"https:\/\/www.soanam.de\/en\/wp-json\/wp\/v2\/comments?post=82131"}],"wp:featuredmedia":[{"embeddable":true,"href":"https:\/\/www.soanam.de\/en\/wp-json\/wp\/v2\/media\/82264"}],"wp:attachment":[{"href":"https:\/\/www.soanam.de\/en\/wp-json\/wp\/v2\/media?parent=82131"}],"wp:term":[{"taxonomy":"product_brand","embeddable":true,"href":"https:\/\/www.soanam.de\/en\/wp-json\/wp\/v2\/product_brand?post=82131"},{"taxonomy":"product_cat","embeddable":true,"href":"https:\/\/www.soanam.de\/en\/wp-json\/wp\/v2\/product_cat?post=82131"},{"taxonomy":"product_tag","embeddable":true,"href":"https:\/\/www.soanam.de\/en\/wp-json\/wp\/v2\/product_tag?post=82131"}],"curies":[{"name":"wp","href":"https:\/\/api.w.org\/{rel}","templated":true}]}}