{"id":82081,"date":"2023-12-14T02:11:52","date_gmt":"2023-12-14T01:11:52","guid":{"rendered":"https:\/\/www.soanam.de\/?post_type=product&#038;p=82081"},"modified":"2023-12-14T02:14:11","modified_gmt":"2023-12-14T01:14:11","slug":"icepeak-softshelljacke-freeburg-in-marineblau-groesse-54","status":"publish","type":"product","link":"https:\/\/www.soanam.de\/en\/produkt\/icepeak-softshelljacke-freeburg-in-marineblau-groesse-54\/","title":{"rendered":"ICEPEAK softshell jacket FREEBURG, in navy blue, size 54"},"content":{"rendered":"<p>Softshell jacket from Icepeak<br \/>\nWater-repellent, windproof, breathable<br \/>\nOptimum thermal insulation<br \/>\nKapuze abnehmabr<br \/>\nWith contrasting color details<\/p>\n<p>Einer der Vorteile einer Softshelljacke ist das atmungsaktive und bequeme Material, dank dem Sie keine Abstriche bei wind- und wasserabweisenden Eigenschaften machen m\u00fcssen. Diese wattierte Skijacke sorgt f\u00fcr Atmungsaktivit\u00e4t, egal ob Sie lieber frei die Piste hinabgleiten oder schwitzen wollen, w\u00e4hrend Sie Ihre Fahrk\u00fcnste testen.Der Komfort wird durch das anatomische Design, das eine freie Bewegungsfreiheit gew\u00e4hrleistet, und einen weichen Innenkragen mit Kinnschutz erh\u00f6ht gegen unangenehmes Reiben des Rei\u00dfverschlusses auf der Haut. Dank der abnehmbaren Kapuze ist die Jacke an unterschiedliche Wetterbedingungen auf und abseits der Piste anpassbar.<\/p>\n<p>Dieses A.W.S. EXTREME-Produkt erf\u00fcllt die Anforderungen aktiver Outdoor-Leute auch unter extremen Bedingungen. Wassers\u00e4ule und Atmungsaktivit\u00e4t des Materials: 10 000 mm 8 000 mvp.<br \/>\nSoftshell is a functional material for a wide range of outdoor activities.<br \/>\nThe product offers weather protection, but is also pleasantly elastic.<br \/>\nThe fabric surface is water-repellent impregnated.<br \/>\nThe 2-way stretch material increases freedom of movement.<\/p>\n<p>Material: 94 % Polyester, 6 % Elastan<br \/>\nCare instructions: Machine wash<\/p>\n<p>Color: navy blue<br \/>\nPattern: without<br \/>\nGr\u00f6\u00dfe: 54<\/p>\n<p>Shoulder width: 50cm<br \/>\nChest width: 120cm<br \/>\n\u00c4rmell\u00e4nge: 81 cm<br \/>\nTotal length: 77cm<\/p>","protected":false},"excerpt":{"rendered":"<table class=\"dv_characteristicsTable\">\n<tbody>\n<tr>\n<td class=\"left\">Size<\/td>\n<td>54<\/td>\n<\/tr>\n<tr>\n<td class=\"left\">Material composition<\/td>\n<td>94 % Polyester, 6 % Elastan<\/td>\n<\/tr>\n<tr>\n<td class=\"left\">Care instructions<\/td>\n<td>Machine wash<\/td>\n<\/tr>\n<tr>\n<td class=\"left\">Color<\/td>\n<td>Navy blue<\/td>\n<\/tr>\n<tr>\n<td class=\"left\">Ausschnitt<\/td>\n<td>Kapuze<\/td>\n<\/tr>\n<tr>\n<td class=\"left\">\u00c4rmel<\/td>\n<td>Long sleeve<\/td>\n<\/tr>\n<tr>\n<td class=\"left\">Fit<\/td>\n<td>regular fit<\/td>\n<\/tr>\n<tr>\n<td class=\"left\">Besondere Merkmale<\/td>\n<td>Water-repellent, windproof, breathable<\/td>\n<\/tr>\n<\/tbody>\n<\/table>","protected":false},"featured_media":82197,"comment_status":"open","ping_status":"closed","template":"","meta":{"_seopress_robots_primary_cat":"","_seopress_titles_title":"","_seopress_titles_desc":"","_seopress_robots_index":""},"product_brand":[],"product_cat":[1345,1363,1648],"product_tag":[],"class_list":{"0":"post-82081","1":"product","2":"type-product","3":"status-publish","4":"has-post-thumbnail","6":"product_cat-herrenmode","7":"product_cat-jacken-maentel-herrenmode","8":"product_cat-softshelljacken-jacken-maentel-herrenmode","9":"product_shipping_class-standard-versand","11":"first","12":"instock","13":"taxable","14":"shipping-taxable","15":"purchasable","16":"product-type-simple"},"_links":{"self":[{"href":"https:\/\/www.soanam.de\/en\/wp-json\/wp\/v2\/product\/82081","targetHints":{"allow":["GET"]}}],"collection":[{"href":"https:\/\/www.soanam.de\/en\/wp-json\/wp\/v2\/product"}],"about":[{"href":"https:\/\/www.soanam.de\/en\/wp-json\/wp\/v2\/types\/product"}],"replies":[{"embeddable":true,"href":"https:\/\/www.soanam.de\/en\/wp-json\/wp\/v2\/comments?post=82081"}],"wp:featuredmedia":[{"embeddable":true,"href":"https:\/\/www.soanam.de\/en\/wp-json\/wp\/v2\/media\/82197"}],"wp:attachment":[{"href":"https:\/\/www.soanam.de\/en\/wp-json\/wp\/v2\/media?parent=82081"}],"wp:term":[{"taxonomy":"product_brand","embeddable":true,"href":"https:\/\/www.soanam.de\/en\/wp-json\/wp\/v2\/product_brand?post=82081"},{"taxonomy":"product_cat","embeddable":true,"href":"https:\/\/www.soanam.de\/en\/wp-json\/wp\/v2\/product_cat?post=82081"},{"taxonomy":"product_tag","embeddable":true,"href":"https:\/\/www.soanam.de\/en\/wp-json\/wp\/v2\/product_tag?post=82081"}],"curies":[{"name":"wp","href":"https:\/\/api.w.org\/{rel}","templated":true}]}}