{"id":82043,"date":"2023-12-14T02:11:02","date_gmt":"2023-12-14T01:11:02","guid":{"rendered":"https:\/\/www.soanam.de\/?post_type=product&#038;p=82043"},"modified":"2023-12-14T02:13:15","modified_gmt":"2023-12-14T01:13:15","slug":"hailys-amber-damen-winterjacke-in-curry-groesse-l","status":"publish","type":"product","link":"https:\/\/www.soanam.de\/en\/produkt\/hailys-amber-damen-winterjacke-in-curry-groesse-l\/","title":{"rendered":"Hailys Amber ladies winter jacket, in curry, size L"},"content":{"rendered":"<p>W\u00e4rmende Damenjacke von Hailys<br \/>\nWeich gef\u00fctterte Kapuze mit Kunstpelz<br \/>\nParka-Mantel<br \/>\nRei\u00dfverschluss vorne<br \/>\nDaumenloch<br \/>\nOberteil mit kuschelweichem Teddyfell gef\u00fcttert<\/p>\n<p>Steppjacke Amber mit farblich abgesetzen Kunstfell gef\u00fcttert, sowie im Kragen und an der Kapuze.<br \/>\nSeitliche Rei\u00dfverschlusstaschen und Taillierung, Markenlogo auf dem \u00c4rmel.<br \/>\nW\u00e4rmende Damenjacke f\u00fcr die \u00dcbergangs- und Winterzeit in Parkaform<\/p>\n<p>Material: 100 % polyester<br \/>\nCare instructions: Machine wash<\/p>\n<p>Farbe: gelb<br \/>\nPattern: without<br \/>\nSize: L<\/p>\n<p>Shoulder width: 43cm<br \/>\nBrustweite: 11 0cm<br \/>\nSleeve length: 64cm<br \/>\nTotal length: 64cm<\/p>","protected":false},"excerpt":{"rendered":"<table class=\"dv_characteristicsTable\">\n<tbody>\n<tr>\n<td class=\"left\">Size<\/td>\n<td>L<\/td>\n<\/tr>\n<tr>\n<td class=\"left\">Gr\u00f6\u00dfentyp<\/td>\n<td>Normalgr\u00f6\u00dfen<\/td>\n<\/tr>\n<tr>\n<td class=\"left\">Material composition<\/td>\n<td>100% Polyester<\/td>\n<\/tr>\n<tr>\n<td class=\"left\">Materialeigenschaften<\/td>\n<td>wasserabweisend<\/td>\n<\/tr>\n<tr>\n<td class=\"left\">Care instructions<\/td>\n<td>Machine wash<\/td>\n<\/tr>\n<tr>\n<td class=\"left\">Stil<\/td>\n<td>sportlich<\/td>\n<\/tr>\n<tr>\n<td class=\"left\">Color<\/td>\n<td>Yellow<\/td>\n<\/tr>\n<tr>\n<td class=\"left\">Fit<\/td>\n<td>schlank<\/td>\n<\/tr>\n<tr>\n<td class=\"left\">Herstellerpassform<\/td>\n<td>SLIM<\/td>\n<\/tr>\n<tr>\n<td class=\"left\">Schnittform L\u00e4nge<\/td>\n<td>h\u00fcftlang<\/td>\n<\/tr>\n<tr>\n<td class=\"left\">Kapuze<\/td>\n<td>mit Kapuze<\/td>\n<\/tr>\n<\/tbody>\n<\/table>","protected":false},"featured_media":82153,"comment_status":"open","ping_status":"closed","template":"","meta":{"_seopress_robots_primary_cat":"","_seopress_titles_title":"","_seopress_titles_desc":"","_seopress_robots_index":""},"product_brand":[],"product_cat":[1348,1354,1375,1376],"product_tag":[],"class_list":{"0":"post-82043","1":"product","2":"type-product","3":"status-publish","4":"has-post-thumbnail","6":"product_cat-damen-mode","7":"product_cat-jacken-maentel","8":"product_cat-winterjacken","9":"product_cat-daunenjacken-steppjacken","10":"product_shipping_class-standard-versand","12":"first","13":"instock","14":"sale","15":"taxable","16":"shipping-taxable","17":"purchasable","18":"product-type-simple"},"_links":{"self":[{"href":"https:\/\/www.soanam.de\/en\/wp-json\/wp\/v2\/product\/82043","targetHints":{"allow":["GET"]}}],"collection":[{"href":"https:\/\/www.soanam.de\/en\/wp-json\/wp\/v2\/product"}],"about":[{"href":"https:\/\/www.soanam.de\/en\/wp-json\/wp\/v2\/types\/product"}],"replies":[{"embeddable":true,"href":"https:\/\/www.soanam.de\/en\/wp-json\/wp\/v2\/comments?post=82043"}],"wp:featuredmedia":[{"embeddable":true,"href":"https:\/\/www.soanam.de\/en\/wp-json\/wp\/v2\/media\/82153"}],"wp:attachment":[{"href":"https:\/\/www.soanam.de\/en\/wp-json\/wp\/v2\/media?parent=82043"}],"wp:term":[{"taxonomy":"product_brand","embeddable":true,"href":"https:\/\/www.soanam.de\/en\/wp-json\/wp\/v2\/product_brand?post=82043"},{"taxonomy":"product_cat","embeddable":true,"href":"https:\/\/www.soanam.de\/en\/wp-json\/wp\/v2\/product_cat?post=82043"},{"taxonomy":"product_tag","embeddable":true,"href":"https:\/\/www.soanam.de\/en\/wp-json\/wp\/v2\/product_tag?post=82043"}],"curies":[{"name":"wp","href":"https:\/\/api.w.org\/{rel}","templated":true}]}}