{"id":81970,"date":"2023-12-14T02:09:41","date_gmt":"2023-12-14T01:09:41","guid":{"rendered":"https:\/\/www.soanam.de\/?post_type=product&#038;p=81970"},"modified":"2023-12-14T02:11:38","modified_gmt":"2023-12-14T01:11:38","slug":"kangaroos-rundhalspullover-mit-puffaermeln-in-marine-groesse-32-34","status":"publish","type":"product","link":"https:\/\/www.soanam.de\/en\/produkt\/kangaroos-rundhalspullover-mit-puffaermeln-in-marine-groesse-32-34\/","title":{"rendered":"KangaROOS Rundhalspullover mit Puff\u00e4rmeln, in Marine, Gr\u00f6\u00dfe 32\/34"},"content":{"rendered":"<p>Pullover mit Rundhals-Auschnitt von KangaROOS<br \/>\nFigurbetonte gerade Form mit modischen Puff\u00e4rmeln<br \/>\nMit lange Rippenb\u00fcndchen und Puff\u00e4rmeln in trendingem Streifenlook<br \/>\nAus weichem Feinstrick<\/p>\n<p>Der weiche Feinstrickpulli von KangaROOS verbindet einen l\u00e4ssigen Stil mit modisch charmanten Designelementen.<br \/>\nDer Halsausschnitt ist rund und weit geschnitten, die Ballon\u00e4rmel spielen mit Extravolumen und werden von langen, fein gestreiften Rippb\u00fcndchen eingefasst.<br \/>\nNat\u00fcrlich darf das typische Markenlogo nicht fehlen.<\/p>\n<p>Material: 50% cotton , 50% polyacrylic<br \/>\nCare instructions: Machine wash<\/p>\n<p>Color: navy<br \/>\nMuster: Streifen an den \u00c4rmeln<br \/>\nSize: 32\/34<\/p>\n<p>Shoulder width: 36cm<br \/>\nBrustweite: 85cm<br \/>\nSleeve length: 62cm<br \/>\nTotal length: 64cm<\/p>","protected":false},"excerpt":{"rendered":"<table class=\"dv_characteristicsTable\">\n<tbody>\n<tr>\n<td class=\"left\">Size<\/td>\n<td>32\/34<\/td>\n<\/tr>\n<tr>\n<td class=\"left\">Gr\u00f6\u00dfentyp<\/td>\n<td>Normalgr\u00f6\u00dfen<\/td>\n<\/tr>\n<tr>\n<td class=\"left\">Material composition<\/td>\n<td>Obermaterial: 50% Baumwolle\u00a0, 50% Polyacryl<\/td>\n<\/tr>\n<tr>\n<td class=\"left\">Materialart<\/td>\n<td>Feinstrick<\/td>\n<\/tr>\n<tr>\n<td class=\"left\">Care instructions<\/td>\n<td>Machine wash<\/td>\n<\/tr>\n<tr>\n<td class=\"left\">Optik<\/td>\n<td>bedruckt, gestreift, kontrastfarbene Details<\/td>\n<\/tr>\n<tr>\n<td class=\"left\">Stil<\/td>\n<td>casual<\/td>\n<\/tr>\n<tr>\n<td class=\"left\">Color<\/td>\n<td>marine-wei\u00df<\/td>\n<\/tr>\n<tr>\n<td class=\"left\">Ausschnitt<\/td>\n<td>Rundhals<\/td>\n<\/tr>\n<tr>\n<td class=\"left\">\u00c4rmel<\/td>\n<td>Long sleeve<\/td>\n<\/tr>\n<tr>\n<td class=\"left\">\u00c4rmeldetails<\/td>\n<td>Puff\u00e4rmel<\/td>\n<\/tr>\n<tr>\n<td class=\"left\">\u00c4rmelabschluss<\/td>\n<td>Rippstrickb\u00fcndchen<\/td>\n<\/tr>\n<tr>\n<td class=\"left\">Rumpfabschluss<\/td>\n<td>Rippstrick<\/td>\n<\/tr>\n<tr>\n<td class=\"left\">Fit<\/td>\n<td>figurbetont<\/td>\n<\/tr>\n<tr>\n<td class=\"left\">Schnittform L\u00e4nge<\/td>\n<td>h\u00fcftlang<\/td>\n<\/tr>\n<tr>\n<td class=\"left\">Applikationen<\/td>\n<td>Logodruck, Markenlabel<\/td>\n<\/tr>\n<\/tbody>\n<\/table>","protected":false},"featured_media":82069,"comment_status":"open","ping_status":"closed","template":"","meta":{"_seopress_robots_primary_cat":"","_seopress_titles_title":"","_seopress_titles_desc":"","_seopress_robots_index":""},"product_brand":[],"product_cat":[1348,1456,1465],"product_tag":[],"class_list":{"0":"post-81970","1":"product","2":"type-product","3":"status-publish","4":"has-post-thumbnail","6":"product_cat-damen-mode","7":"product_cat-pullover-sweater","8":"product_cat-strickpullover","9":"product_shipping_class-standard-versand","11":"first","12":"instock","13":"sale","14":"taxable","15":"shipping-taxable","16":"purchasable","17":"product-type-simple"},"_links":{"self":[{"href":"https:\/\/www.soanam.de\/en\/wp-json\/wp\/v2\/product\/81970","targetHints":{"allow":["GET"]}}],"collection":[{"href":"https:\/\/www.soanam.de\/en\/wp-json\/wp\/v2\/product"}],"about":[{"href":"https:\/\/www.soanam.de\/en\/wp-json\/wp\/v2\/types\/product"}],"replies":[{"embeddable":true,"href":"https:\/\/www.soanam.de\/en\/wp-json\/wp\/v2\/comments?post=81970"}],"wp:featuredmedia":[{"embeddable":true,"href":"https:\/\/www.soanam.de\/en\/wp-json\/wp\/v2\/media\/82069"}],"wp:attachment":[{"href":"https:\/\/www.soanam.de\/en\/wp-json\/wp\/v2\/media?parent=81970"}],"wp:term":[{"taxonomy":"product_brand","embeddable":true,"href":"https:\/\/www.soanam.de\/en\/wp-json\/wp\/v2\/product_brand?post=81970"},{"taxonomy":"product_cat","embeddable":true,"href":"https:\/\/www.soanam.de\/en\/wp-json\/wp\/v2\/product_cat?post=81970"},{"taxonomy":"product_tag","embeddable":true,"href":"https:\/\/www.soanam.de\/en\/wp-json\/wp\/v2\/product_tag?post=81970"}],"curies":[{"name":"wp","href":"https:\/\/api.w.org\/{rel}","templated":true}]}}