{"id":81907,"date":"2023-12-14T02:08:25","date_gmt":"2023-12-14T01:08:25","guid":{"rendered":"https:\/\/www.soanam.de\/?post_type=product&#038;p=81907"},"modified":"2023-12-14T02:10:20","modified_gmt":"2023-12-14T01:10:20","slug":"buffalo-feinstrickpullover-mit-kapuze-in-schwarz-groesse-44-46","status":"publish","type":"product","link":"https:\/\/www.soanam.de\/en\/produkt\/buffalo-feinstrickpullover-mit-kapuze-in-schwarz-groesse-44-46\/","title":{"rendered":"Buffalo Feinstrickpullover mit Kapuze , in Schwarz, Gr\u00f6\u00dfe 44\/46"},"content":{"rendered":"<p>Bequemer Loungehoodie von Buffalo<br \/>\nHood with drawstring<br \/>\n\u00dcberschnittene Schultern<br \/>\nS\u00e4ume mit weichen Ripp-B\u00fcndchen<br \/>\nBrand logo<br \/>\nBequemer Feinstrick<\/p>\n<p>Der Kapuzenpulli von Buffalo hat einen locker-l\u00e4ssigen Schnitt, \u00fcberschnittene Schultern und S\u00e4ume mit weichen Ripp-B\u00fcndchen, die Kapuze einen praktischen Tunnelzug mit Kordeln.<br \/>\nDer angenehme Viskosemix ist super bequem und w\u00e4rmt an k\u00fchlen Abenden.<\/p>\n<p>Material: 50% viscose, 28% polyester, 22% polyamide<br \/>\nCare instructions: Machine wash<\/p>\n<p>Color: black<br \/>\nPattern: without<br \/>\nSize: 44\/46<\/p>\n<p>Schulterbreite: 64cm<br \/>\nChest width: 126cm<br \/>\nSleeve length: 53cm<br \/>\nTotal length: 66cm<\/p>","protected":false},"excerpt":{"rendered":"<table class=\"dv_characteristicsTable\">\n<tbody>\n<tr>\n<td class=\"left\">Size<\/td>\n<td>44\/46<\/td>\n<\/tr>\n<tr>\n<td class=\"left\">Gr\u00f6\u00dfentyp<\/td>\n<td>Normalgr\u00f6\u00dfen<\/td>\n<\/tr>\n<tr>\n<td class=\"left\">Material composition<\/td>\n<td>50% Viskose, 28% Polyester, 22% Polyamid<\/td>\n<\/tr>\n<tr>\n<td class=\"left\">Materialart<\/td>\n<td>Interlock<\/td>\n<\/tr>\n<tr>\n<td class=\"left\">Care instructions<\/td>\n<td>Machine wash<\/td>\n<\/tr>\n<tr>\n<td class=\"left\">Optik<\/td>\n<td>unifarben<\/td>\n<\/tr>\n<tr>\n<td class=\"left\">Stil<\/td>\n<td>casual<\/td>\n<\/tr>\n<tr>\n<td class=\"left\">Color<\/td>\n<td>schwarz<\/td>\n<\/tr>\n<tr>\n<td class=\"left\">Kapuze<\/td>\n<td>mit Kapuze<\/td>\n<\/tr>\n<tr>\n<td class=\"left\">Kapuzendetails<\/td>\n<td>mit Kordelzug<\/td>\n<\/tr>\n<tr>\n<td class=\"left\">Besondere Merkmale<\/td>\n<td>mit Kordelzug und Rippb\u00fcndchen<\/td>\n<\/tr>\n<tr>\n<td class=\"left\">\u00c4rmel<\/td>\n<td>Long sleeve<\/td>\n<\/tr>\n<tr>\n<td class=\"left\">\u00c4rmelabschluss<\/td>\n<td>Ribbed cuffs<\/td>\n<\/tr>\n<tr>\n<td class=\"left\">Rumpfabschluss<\/td>\n<td>Ribbed cuffs<\/td>\n<\/tr>\n<tr>\n<td class=\"left\">Fit<\/td>\n<td>bequem<\/td>\n<\/tr>\n<tr>\n<td class=\"left\">Schnittform L\u00e4nge<\/td>\n<td>normal<\/td>\n<\/tr>\n<\/tbody>\n<\/table>","protected":false},"featured_media":82007,"comment_status":"open","ping_status":"closed","template":"","meta":{"_seopress_robots_primary_cat":"","_seopress_titles_title":"","_seopress_titles_desc":"","_seopress_robots_index":""},"product_brand":[],"product_cat":[1348,1456,1465],"product_tag":[],"class_list":{"0":"post-81907","1":"product","2":"type-product","3":"status-publish","4":"has-post-thumbnail","6":"product_cat-damen-mode","7":"product_cat-pullover-sweater","8":"product_cat-strickpullover","9":"product_shipping_class-standard-versand","11":"first","12":"instock","13":"taxable","14":"shipping-taxable","15":"purchasable","16":"product-type-simple"},"_links":{"self":[{"href":"https:\/\/www.soanam.de\/en\/wp-json\/wp\/v2\/product\/81907","targetHints":{"allow":["GET"]}}],"collection":[{"href":"https:\/\/www.soanam.de\/en\/wp-json\/wp\/v2\/product"}],"about":[{"href":"https:\/\/www.soanam.de\/en\/wp-json\/wp\/v2\/types\/product"}],"replies":[{"embeddable":true,"href":"https:\/\/www.soanam.de\/en\/wp-json\/wp\/v2\/comments?post=81907"}],"wp:featuredmedia":[{"embeddable":true,"href":"https:\/\/www.soanam.de\/en\/wp-json\/wp\/v2\/media\/82007"}],"wp:attachment":[{"href":"https:\/\/www.soanam.de\/en\/wp-json\/wp\/v2\/media?parent=81907"}],"wp:term":[{"taxonomy":"product_brand","embeddable":true,"href":"https:\/\/www.soanam.de\/en\/wp-json\/wp\/v2\/product_brand?post=81907"},{"taxonomy":"product_cat","embeddable":true,"href":"https:\/\/www.soanam.de\/en\/wp-json\/wp\/v2\/product_cat?post=81907"},{"taxonomy":"product_tag","embeddable":true,"href":"https:\/\/www.soanam.de\/en\/wp-json\/wp\/v2\/product_tag?post=81907"}],"curies":[{"name":"wp","href":"https:\/\/api.w.org\/{rel}","templated":true}]}}