{"id":81869,"date":"2023-12-14T02:07:37","date_gmt":"2023-12-14T01:07:37","guid":{"rendered":"https:\/\/www.soanam.de\/?post_type=product&#038;p=81869"},"modified":"2023-12-14T02:09:34","modified_gmt":"2023-12-14T01:09:34","slug":"bench-kurzer-sweater-mit-kontraststreifen-in-rauchrosa-groesse-36-38","status":"publish","type":"product","link":"https:\/\/www.soanam.de\/en\/produkt\/bench-kurzer-sweater-mit-kontraststreifen-in-rauchrosa-groesse-36-38\/","title":{"rendered":"Bench. kurzer Sweater mit Kontraststreifen, in Rauchrosa, Gr\u00f6\u00dfe 36\/38"},"content":{"rendered":"<p>Bequemer kurzer Sweater von Bench<br \/>\nMit gro\u00dfem Logodruck vorn<br \/>\nRaglan\u00e4rmel mit Kontraststreifen entlang der Schultern und \u00c4rmel<br \/>\nCuffs on the sleeves<br \/>\nComfortable cotton blend<\/p>\n<p>Das l\u00e4ssige Sweatshirt von Bench vereint eine trendige Passform und ein cooles Design.<br \/>\nSch\u00f6n in Szene setzt sich der Logogdruck vorn an der Seite und bildet zusammen mit den Streifen auf den Raglan\u00e4rmeln einen sch\u00f6nen Kontrast zum restlichen Farbdesign.<br \/>\nDie weiche Baumwollmischung tr\u00e4gt au\u00dferdem ihren Teil dazu bei, um das Oberteil zu einem trageangenehmen Begleiter f\u00fcr dein Freizeitoutfit zu machen.<\/p>\n<p>Material: 65% Baumwolle , 35% Polyester<br \/>\nCare instructions: Machine wash<\/p>\n<p>Color: smoky pink<br \/>\nPattern: Contrast stripes<br \/>\nSize: 36\/38<\/p>\n<p>Shoulder width: 43cm<br \/>\nChest width: 102cm<br \/>\nSleeve length: 69cm<br \/>\nTotal length: 57cm<\/p>","protected":false},"excerpt":{"rendered":"<table class=\"dv_characteristicsTable\">\n<tbody>\n<tr>\n<td class=\"left\">Size<\/td>\n<td>36\/38<\/td>\n<\/tr>\n<tr>\n<td class=\"left\">Gr\u00f6\u00dfentyp<\/td>\n<td>Normalgr\u00f6\u00dfen<\/td>\n<\/tr>\n<tr>\n<td class=\"left\">Material composition<\/td>\n<td>Obermaterial: 65% Baumwolle\u00a0, 35% Polyester<\/td>\n<\/tr>\n<tr>\n<td class=\"left\">Care instructions<\/td>\n<td>Machine wash<\/td>\n<\/tr>\n<tr>\n<td class=\"left\">Optik<\/td>\n<td>bedruckt, kontrastfarbene Details<\/td>\n<\/tr>\n<tr>\n<td class=\"left\">Stil<\/td>\n<td>casual<\/td>\n<\/tr>\n<tr>\n<td class=\"left\">Color<\/td>\n<td>rauchrosa<\/td>\n<\/tr>\n<tr>\n<td class=\"left\">Applikationen<\/td>\n<td>Logodruck, Kontrastbesatz<\/td>\n<\/tr>\n<tr>\n<td class=\"left\">Besondere Merkmale<\/td>\n<td>kurze Form mit Kontraststreifen<\/td>\n<\/tr>\n<tr>\n<td class=\"left\">Ausschnitt<\/td>\n<td>Rundhals<\/td>\n<\/tr>\n<tr>\n<td class=\"left\">\u00c4rmel<\/td>\n<td>Long sleeve<\/td>\n<\/tr>\n<tr>\n<td class=\"left\">\u00c4rmeldetails<\/td>\n<td>Raglan sleeves<\/td>\n<\/tr>\n<tr>\n<td class=\"left\">\u00c4rmelabschluss<\/td>\n<td>B\u00fcndchen<\/td>\n<\/tr>\n<tr>\n<td class=\"left\">Rumpfabschluss<\/td>\n<td>normaler Saum<\/td>\n<\/tr>\n<tr>\n<td class=\"left\">Fit<\/td>\n<td>bequem<\/td>\n<\/tr>\n<\/tbody>\n<\/table>","protected":false},"featured_media":81965,"comment_status":"open","ping_status":"closed","template":"","meta":{"_seopress_robots_primary_cat":"","_seopress_titles_title":"","_seopress_titles_desc":"","_seopress_robots_index":""},"product_brand":[],"product_cat":[1348,1456,1577],"product_tag":[],"class_list":{"0":"post-81869","1":"product","2":"type-product","3":"status-publish","4":"has-post-thumbnail","6":"product_cat-damen-mode","7":"product_cat-pullover-sweater","8":"product_cat-sweatshirts","9":"product_shipping_class-standard-versand","11":"first","12":"instock","13":"taxable","14":"shipping-taxable","15":"purchasable","16":"product-type-simple"},"_links":{"self":[{"href":"https:\/\/www.soanam.de\/en\/wp-json\/wp\/v2\/product\/81869","targetHints":{"allow":["GET"]}}],"collection":[{"href":"https:\/\/www.soanam.de\/en\/wp-json\/wp\/v2\/product"}],"about":[{"href":"https:\/\/www.soanam.de\/en\/wp-json\/wp\/v2\/types\/product"}],"replies":[{"embeddable":true,"href":"https:\/\/www.soanam.de\/en\/wp-json\/wp\/v2\/comments?post=81869"}],"wp:featuredmedia":[{"embeddable":true,"href":"https:\/\/www.soanam.de\/en\/wp-json\/wp\/v2\/media\/81965"}],"wp:attachment":[{"href":"https:\/\/www.soanam.de\/en\/wp-json\/wp\/v2\/media?parent=81869"}],"wp:term":[{"taxonomy":"product_brand","embeddable":true,"href":"https:\/\/www.soanam.de\/en\/wp-json\/wp\/v2\/product_brand?post=81869"},{"taxonomy":"product_cat","embeddable":true,"href":"https:\/\/www.soanam.de\/en\/wp-json\/wp\/v2\/product_cat?post=81869"},{"taxonomy":"product_tag","embeddable":true,"href":"https:\/\/www.soanam.de\/en\/wp-json\/wp\/v2\/product_tag?post=81869"}],"curies":[{"name":"wp","href":"https:\/\/api.w.org\/{rel}","templated":true}]}}