{"id":81715,"date":"2023-12-14T02:04:31","date_gmt":"2023-12-14T01:04:31","guid":{"rendered":"https:\/\/www.soanam.de\/?post_type=product&#038;p=81715"},"modified":"2023-12-14T02:06:51","modified_gmt":"2023-12-14T01:06:51","slug":"home-affaire-bedspread-melli-in-dusky-pink-mottled-280cm-x-210cm","status":"publish","type":"product","link":"https:\/\/www.soanam.de\/en\/produkt\/home-affaire-tagesdecke-melli-in-altrosa-meliert-280cm-x-210cm\/","title":{"rendered":"Home Affaire bedspread Melli, in dusky pink-mottled, 280cm x 210cm"},"content":{"rendered":"<p>Bed throw in a classic, simple linen look<br \/>\nCan also be used as a tablecloth and sofa throw<br \/>\nOne-sided printed fabric with melange effect, without filling or lining<br \/>\nFlowing drape thanks to fine, lightweight material<br \/>\nMade from pure cotton<\/p>\n<p>The classically simple Melli bedspread from the Home Affaire brand impresses with its beautiful melange look.<br \/>\nWhether as a throw, tablecloth or as a protector for your bed linen, the many possible uses make the bedspread a successful companion.<br \/>\nThe fabric is made from a breathable, skin-friendly pure cotton material.<\/p>\n<p>Material: 100% cotton<br \/>\nCare instructions: Machine wash<\/p>\n<p>Color: dusky pink<br \/>\nPattern: mottled<br \/>\nWidth: 280cm<br \/>\nLength: 210cm<\/p>","protected":false},"excerpt":{"rendered":"<table class=\"dv_characteristicsTable\">\n<caption>\u00a0<\/caption>\n<tbody>\n<tr>\n<td class=\"left\">Color<\/td>\n<td>altrosa<\/td>\n<\/tr>\n<tr>\n<td class=\"left\">Optik<\/td>\n<td>meliert<\/td>\n<\/tr>\n<\/tbody>\n<\/table>\n<table class=\"dv_characteristicsTable\">\n<caption>\u00a0<\/caption>\n<tbody>\n<tr>\n<td class=\"left\">Material composition<\/td>\n<td>100% Cotton<\/td>\n<\/tr>\n<tr>\n<td class=\"left\">Material<\/td>\n<td>Cotton<\/td>\n<\/tr>\n<tr>\n<td class=\"left\">Fl\u00e4chengewicht<\/td>\n<td>135 g\/m\u00b2<\/td>\n<\/tr>\n<\/tbody>\n<\/table>\n<table class=\"dv_characteristicsTable\">\n<caption>\u00a0<\/caption>\n<tbody>\n<tr>\n<td class=\"left\">Seitlicher \u00dcberhang<\/td>\n<td>2-seitig<\/td>\n<\/tr>\n<\/tbody>\n<\/table>\n<table class=\"dv_characteristicsTable\">\n<caption>\u00a0<\/caption>\n<tbody>\n<tr>\n<td class=\"left\">Breite<\/td>\n<td>280 cm<\/td>\n<\/tr>\n<tr>\n<td class=\"left\">L\u00e4nge<\/td>\n<td>210 cm<\/td>\n<\/tr>\n<\/tbody>\n<\/table>\n<table class=\"dv_characteristicsTable\">\n<caption>\u00a0<\/caption>\n<tbody>\n<tr>\n<td class=\"left\">Geeignet f\u00fcr Bettgr\u00f6\u00dfe<\/td>\n<td>180-200x200 cm<\/td>\n<\/tr>\n<\/tbody>\n<\/table>\n<table class=\"dv_characteristicsTable\">\n<caption>\u00a0<\/caption>\n<tbody>\n<tr>\n<td class=\"left\">Care instructions<\/td>\n<td>60\u00b0C Maschinenw\u00e4sche<br \/>\ntrocknergeeignet<\/td>\n<\/tr>\n<\/tbody>\n<\/table>","protected":false},"featured_media":81827,"comment_status":"open","ping_status":"closed","template":"","meta":{"_seopress_robots_primary_cat":"","_seopress_titles_title":"","_seopress_titles_desc":"","_seopress_robots_index":""},"product_brand":[],"product_cat":[1400,1420],"product_tag":[],"class_list":{"0":"post-81715","1":"product","2":"type-product","3":"status-publish","4":"has-post-thumbnail","6":"product_cat-wohnzubehoer","7":"product_cat-wohndekoration","9":"first","10":"instock","11":"sale","12":"taxable","13":"shipping-taxable","14":"purchasable","15":"product-type-simple"},"_links":{"self":[{"href":"https:\/\/www.soanam.de\/en\/wp-json\/wp\/v2\/product\/81715","targetHints":{"allow":["GET"]}}],"collection":[{"href":"https:\/\/www.soanam.de\/en\/wp-json\/wp\/v2\/product"}],"about":[{"href":"https:\/\/www.soanam.de\/en\/wp-json\/wp\/v2\/types\/product"}],"replies":[{"embeddable":true,"href":"https:\/\/www.soanam.de\/en\/wp-json\/wp\/v2\/comments?post=81715"}],"wp:featuredmedia":[{"embeddable":true,"href":"https:\/\/www.soanam.de\/en\/wp-json\/wp\/v2\/media\/81827"}],"wp:attachment":[{"href":"https:\/\/www.soanam.de\/en\/wp-json\/wp\/v2\/media?parent=81715"}],"wp:term":[{"taxonomy":"product_brand","embeddable":true,"href":"https:\/\/www.soanam.de\/en\/wp-json\/wp\/v2\/product_brand?post=81715"},{"taxonomy":"product_cat","embeddable":true,"href":"https:\/\/www.soanam.de\/en\/wp-json\/wp\/v2\/product_cat?post=81715"},{"taxonomy":"product_tag","embeddable":true,"href":"https:\/\/www.soanam.de\/en\/wp-json\/wp\/v2\/product_tag?post=81715"}],"curies":[{"name":"wp","href":"https:\/\/api.w.org\/{rel}","templated":true}]}}