{"id":81650,"date":"2023-12-14T02:03:13","date_gmt":"2023-12-14T01:03:13","guid":{"rendered":"https:\/\/www.soanam.de\/?post_type=product&#038;p=81650"},"modified":"2023-12-14T02:05:31","modified_gmt":"2023-12-14T01:05:31","slug":"nele-neuhaus-mothers-day-vol-9-hardcover-edition-german-2018","status":"publish","type":"product","link":"https:\/\/www.soanam.de\/en\/produkt\/nele-neuhaus-muttertag-bd-9-gebundene-ausgabe-deutsch-2018\/","title":{"rendered":"Nele Neuhaus \" Mother's Day \" vol. 9, hardcover edition, German, 2018"},"content":{"rendered":"<h3>Product description<\/h3>\n<p>Ein Bodenstein-Kirchhoff-Krimi Band 9<\/p>\n<p>Im Wohnhaus einer stillgelegten Fabrik wird eine Leiche gefunden. Es handelt sich um den ehemaligen Betreiber des Werks, Theodor Reifenrath, wie Kriminalhauptkommissarin Pia Sander feststellt. In einem Hundezwinger machen sie und ihr Chef Oliver von Bodenstein eine grausige Entdeckung: Neben einem fast verhungerten Hund liegen menschliche Knochen verstreut und die Spurensicherung f\u00f6rdert immer mehr schreckliche Details zutage. Reifenrath lebte sehr zur\u00fcckgezogen, seit sich zwanzig Jahre zuvor seine Frau Rita das Leben nahm. Im Dorf will niemand glauben, dass er ein Serienm\u00f6rder war.<\/p>\n<p>Rechtsmediziner Henning Kirchhoff kann einige der Opfer identifizieren, die schon vor Jahren ermordet wurden. Alle waren Frauen. Alle verschwanden an einem Sonntag im Mai. Pia ist \u00fcberzeugt: Der M\u00f6rder l\u00e4uft noch frei herum. Er sucht sein n\u00e4chstes Opfer. Und bald ist Anfang Mai.<\/p>\n<p><strong>Details<\/strong><br \/>\nBinding: hardcover edition<br \/>\nSeitenzahl: 560<br \/>\nErscheinungsdatum: 19.11.2018<br \/>\nLanguage: German<br \/>\nISBN: 978-3-550-08103-3<br \/>\nVerlag: Ullstein Buchverlage<br \/>\nMa\u00dfe (L\/B\/H): 21,8\/13,9\/5,8 cm<br \/>\nGewicht: 755 g<\/p>","protected":false},"excerpt":{"rendered":"<h3>Artikelmerkmale<\/h3>\n<p>Artikelzustand: Neu - Neues, ungelesenes, ungebrauchtes Buch in makellosem Zustand<\/p>\n<table dir=\"ltr\" border=\"1\" cellspacing=\"0\" cellpadding=\"0\">\n<colgroup>\n<col width=\"194\" \/>\n<col width=\"223\" \/><\/colgroup>\n<tbody>\n<tr>\n<td data-sheets-value=\"{&quot;1&quot;:2,&quot;2&quot;:&quot;Autor:&quot;}\">Autor:<\/td>\n<td data-sheets-value=\"{&quot;1&quot;:2,&quot;2&quot;:&quot;Nele Neuhaus&quot;}\">Nele Neuhaus<\/td>\n<\/tr>\n<tr>\n<td data-sheets-value=\"{&quot;1&quot;:2,&quot;2&quot;:&quot;Besonderheiten:&quot;}\">Besonderheiten:<\/td>\n<td data-sheets-value=\"{&quot;1&quot;:2,&quot;2&quot;:&quot;Schutzumschlag&quot;}\">Schutzumschlag<\/td>\n<\/tr>\n<tr>\n<td data-sheets-value=\"{&quot;1&quot;:2,&quot;2&quot;:&quot;Buchreihe:&quot;}\">Buchreihe:<\/td>\n<td data-sheets-value=\"{&quot;1&quot;:2,&quot;2&quot;:&quot;Bodenstein-Kirchhoff-Krimi&quot;}\">Bodenstein-Kirchhoff-Krimi<\/td>\n<\/tr>\n<tr>\n<td data-sheets-value=\"{&quot;1&quot;:2,&quot;2&quot;:&quot;Buchtitel:&quot;}\">Buchtitel:<\/td>\n<td data-sheets-value=\"{&quot;1&quot;:2,&quot;2&quot;:&quot;Muttertag&quot;}\">Muttertag<\/td>\n<\/tr>\n<tr>\n<td data-sheets-value=\"{&quot;1&quot;:2,&quot;2&quot;:&quot;Erscheinungsjahr:&quot;}\">Erscheinungsjahr:<\/td>\n<td data-sheets-value=\"{&quot;1&quot;:3,&quot;3&quot;:2018}\">2018<\/td>\n<\/tr>\n<tr>\n<td data-sheets-value=\"{&quot;1&quot;:2,&quot;2&quot;:&quot;Format:&quot;}\">Format:<\/td>\n<td data-sheets-value=\"{&quot;1&quot;:2,&quot;2&quot;:&quot;Gebundene Ausgabe&quot;}\">Gebundene Ausgabe<\/td>\n<\/tr>\n<tr>\n<td data-sheets-value=\"{&quot;1&quot;:2,&quot;2&quot;:&quot;Genre:&quot;}\">Genre:<\/td>\n<td data-sheets-value=\"{&quot;1&quot;:2,&quot;2&quot;:&quot;Krimis &amp; Thriller&quot;}\">Krimis &amp; Thriller<\/td>\n<\/tr>\n<tr>\n<td data-sheets-value=\"{&quot;1&quot;:2,&quot;2&quot;:&quot;Hersteller:&quot;}\">Hersteller:<\/td>\n<td data-sheets-value=\"{&quot;1&quot;:2,&quot;2&quot;:&quot;Ullstein Buchverlage&quot;}\">Ullstein Buchverlage<\/td>\n<\/tr>\n<tr>\n<td data-sheets-value=\"{&quot;1&quot;:2,&quot;2&quot;:&quot;Herstellernummer:&quot;}\">Herstellernummer:<\/td>\n<td data-sheets-value=\"{&quot;1&quot;:2,&quot;2&quot;:&quot;Nicht zutreffend&quot;}\">Nicht zutreffend<\/td>\n<\/tr>\n<tr>\n<td data-sheets-value=\"{&quot;1&quot;:2,&quot;2&quot;:&quot;Herstellungsland und -region:&quot;}\">Herstellungsland und -region:<\/td>\n<td data-sheets-value=\"{&quot;1&quot;:2,&quot;2&quot;:&quot;Deutschland&quot;}\">Germany<\/td>\n<\/tr>\n<tr>\n<td data-sheets-value=\"{&quot;1&quot;:2,&quot;2&quot;:&quot;ISBN:&quot;}\">ISBN:<\/td>\n<td data-sheets-value=\"{&quot;1&quot;:3,&quot;3&quot;:3550081030}\">3550081030<\/td>\n<\/tr>\n<tr>\n<td data-sheets-value=\"{&quot;1&quot;:2,&quot;2&quot;:&quot;Literarische Gattung:&quot;}\">Literarische Gattung:<\/td>\n<td data-sheets-value=\"{&quot;1&quot;:2,&quot;2&quot;:&quot;Belletristik&quot;}\">Belletristik<\/td>\n<\/tr>\n<tr>\n<td data-sheets-value=\"{&quot;1&quot;:2,&quot;2&quot;:&quot;Produktart:&quot;}\">Produktart:<\/td>\n<td data-sheets-value=\"{&quot;1&quot;:2,&quot;2&quot;:&quot;Roman&quot;}\">Roman<\/td>\n<\/tr>\n<tr>\n<td data-sheets-value=\"{&quot;1&quot;:2,&quot;2&quot;:&quot;Seiten:&quot;}\">Seiten:<\/td>\n<td data-sheets-value=\"{&quot;1&quot;:3,&quot;3&quot;:560}\">560<\/td>\n<\/tr>\n<tr>\n<td data-sheets-value=\"{&quot;1&quot;:2,&quot;2&quot;:&quot;Sprache:&quot;}\">Sprache:<\/td>\n<td data-sheets-value=\"{&quot;1&quot;:2,&quot;2&quot;:&quot;Deutsch&quot;}\">Deutsch<\/td>\n<\/tr>\n<tr>\n<td data-sheets-value=\"{&quot;1&quot;:2,&quot;2&quot;:&quot;Thematik:&quot;}\">Thematik:<\/td>\n<td data-sheets-value=\"{&quot;1&quot;:2,&quot;2&quot;:&quot;Regionalkrimi&quot;}\">Regionalkrimi<\/td>\n<\/tr>\n<tr>\n<td data-sheets-value=\"{&quot;1&quot;:2,&quot;2&quot;:&quot;Titelzusatz:&quot;}\">Titelzusatz:<\/td>\n<td data-sheets-value=\"{&quot;1&quot;:2,&quot;2&quot;:&quot;Kriminalroman&quot;}\">Kriminalroman<\/td>\n<\/tr>\n<tr>\n<td data-sheets-value=\"{&quot;1&quot;:2,&quot;2&quot;:&quot;Verlag:&quot;}\">Verlag:<\/td>\n<td data-sheets-value=\"{&quot;1&quot;:2,&quot;2&quot;:&quot;Ullstein Buchverlage&quot;}\">Ullstein Buchverlage<\/td>\n<\/tr>\n<tr>\n<td data-sheets-value=\"{&quot;1&quot;:2,&quot;2&quot;:&quot;Zielgruppe:&quot;}\">Zielgruppe:<\/td>\n<td data-sheets-value=\"{&quot;1&quot;:2,&quot;2&quot;:&quot;Jugendliche, Erwachsene&quot;}\">Jugendliche, Erwachsene<\/td>\n<\/tr>\n<\/tbody>\n<\/table>","protected":false},"featured_media":81760,"comment_status":"open","ping_status":"closed","template":"","meta":{"_seopress_robots_primary_cat":"","_seopress_titles_title":"","_seopress_titles_desc":"","_seopress_robots_index":""},"product_brand":[],"product_cat":[1428,1429,1434,1451,1452],"product_tag":[],"class_list":{"0":"post-81650","1":"product","2":"type-product","3":"status-publish","4":"has-post-thumbnail","6":"product_cat-buecher","7":"product_cat-jugend","8":"product_cat-erwachsene","9":"product_cat-romane","10":"product_cat-romane-jugend","11":"product_shipping_class-standard-versand","13":"first","14":"instock","15":"taxable","16":"shipping-taxable","17":"purchasable","18":"product-type-simple"},"_links":{"self":[{"href":"https:\/\/www.soanam.de\/en\/wp-json\/wp\/v2\/product\/81650","targetHints":{"allow":["GET"]}}],"collection":[{"href":"https:\/\/www.soanam.de\/en\/wp-json\/wp\/v2\/product"}],"about":[{"href":"https:\/\/www.soanam.de\/en\/wp-json\/wp\/v2\/types\/product"}],"replies":[{"embeddable":true,"href":"https:\/\/www.soanam.de\/en\/wp-json\/wp\/v2\/comments?post=81650"}],"wp:featuredmedia":[{"embeddable":true,"href":"https:\/\/www.soanam.de\/en\/wp-json\/wp\/v2\/media\/81760"}],"wp:attachment":[{"href":"https:\/\/www.soanam.de\/en\/wp-json\/wp\/v2\/media?parent=81650"}],"wp:term":[{"taxonomy":"product_brand","embeddable":true,"href":"https:\/\/www.soanam.de\/en\/wp-json\/wp\/v2\/product_brand?post=81650"},{"taxonomy":"product_cat","embeddable":true,"href":"https:\/\/www.soanam.de\/en\/wp-json\/wp\/v2\/product_cat?post=81650"},{"taxonomy":"product_tag","embeddable":true,"href":"https:\/\/www.soanam.de\/en\/wp-json\/wp\/v2\/product_tag?post=81650"}],"curies":[{"name":"wp","href":"https:\/\/api.w.org\/{rel}","templated":true}]}}