{"id":81627,"date":"2023-12-14T02:02:45","date_gmt":"2023-12-14T01:02:45","guid":{"rendered":"https:\/\/www.soanam.de\/?post_type=product&#038;p=81627"},"modified":"2023-12-14T02:04:54","modified_gmt":"2023-12-14T01:04:54","slug":"lascana-sneaker-aus-textil-in-schwarz-groesse-39","status":"publish","type":"product","link":"https:\/\/www.soanam.de\/en\/produkt\/lascana-sneaker-aus-textil-in-schwarz-groesse-39\/","title":{"rendered":"LASCANA sneaker made of textile, in black, size 39"},"content":{"rendered":"<p>Textil-Sneaker von Lascana<br \/>\nKlassisch und zeitlos<br \/>\nBesonders bequem<\/p>\n<p>Das klassische, zeitlose Design der Textil-Sneaker von Lascana rundet jedes Urlaubsoutfit ab.<br \/>\nDer Freizeitschuh in sportlicher Form tr\u00e4gt sich sehr bequem und ist durch Schn\u00fcrsenkel, die sich farblich vom Schuh abheben, auf die individuelle Fu\u00dfbreite anpassbar.<\/p>\n<p>Material: 100% Textil<br \/>\nMaterialzusammensetzung: Obermaterial: 100% Textilmaterial. Futter: 100% Textilmaterial. Decksohle: 100% Textilmaterial. Laufsohle: 100% Synthetik<br \/>\nCare instructions: Hand wash<\/p>\n<p>Color: black and white<br \/>\nPattern: without<br \/>\nSize: 39<\/p>","protected":false},"excerpt":{"rendered":"<table class=\"dv_characteristicsTable\">\n<tbody>\n<tr>\n<td class=\"left\">Size<\/td>\n<td>39<\/td>\n<\/tr>\n<tr>\n<td class=\"left\">Gr\u00f6\u00dfentyp<\/td>\n<td>Normalgr\u00f6\u00dfen<\/td>\n<\/tr>\n<tr>\n<td class=\"left\">Color<\/td>\n<td>schwarz<\/td>\n<\/tr>\n<tr>\n<td class=\"left\">Optik<\/td>\n<td>unifarben<\/td>\n<\/tr>\n<tr>\n<td class=\"left\">Obermaterial<\/td>\n<td>Textil<\/td>\n<\/tr>\n<tr>\n<td class=\"left\">Innenmaterial<\/td>\n<td>Textil<\/td>\n<\/tr>\n<tr>\n<td class=\"left\">Material composition<\/td>\n<td>Obermaterial: 100% Textilmaterial. Futter: 100% Textilmaterial. Decksohle: 100% Textilmaterial. Laufsohle: 100% Synthetik<\/td>\n<\/tr>\n<tr>\n<td class=\"left\">Stil<\/td>\n<td>casual<\/td>\n<\/tr>\n<tr>\n<td class=\"left\">Besondere Merkmale<\/td>\n<td>aus Textil<\/td>\n<\/tr>\n<tr>\n<td class=\"left\">Verschluss<\/td>\n<td>Schn\u00fcrung<\/td>\n<\/tr>\n<tr>\n<td class=\"left\">Schuhspitze<\/td>\n<td>rund<\/td>\n<\/tr>\n<tr>\n<td class=\"left\">Innensohlenmaterial<\/td>\n<td>Textil<\/td>\n<\/tr>\n<tr>\n<td class=\"left\">Laufsohlenmaterial<\/td>\n<td>Synthetic<\/td>\n<\/tr>\n<tr>\n<td class=\"left\">Laufsohlenprofil<\/td>\n<td>leicht profiliert<\/td>\n<\/tr>\n<tr>\n<td class=\"left\">Schuhh\u00f6he<\/td>\n<td>niedrig<\/td>\n<\/tr>\n<tr>\n<td class=\"left\">Schuhweite<\/td>\n<td>normal<\/td>\n<\/tr>\n<\/tbody>\n<\/table>\n<h3><\/h3>","protected":false},"featured_media":81729,"comment_status":"open","ping_status":"closed","template":"","meta":{"_seopress_robots_primary_cat":"","_seopress_titles_title":"","_seopress_titles_desc":"","_seopress_robots_index":""},"product_brand":[],"product_cat":[1348,1360,1367],"product_tag":[],"class_list":{"0":"post-81627","1":"product","2":"type-product","3":"status-publish","4":"has-post-thumbnail","6":"product_cat-damen-mode","7":"product_cat-schuhe","8":"product_cat-sneakers","9":"product_shipping_class-standard-versand","11":"first","12":"instock","13":"taxable","14":"shipping-taxable","15":"purchasable","16":"product-type-simple"},"_links":{"self":[{"href":"https:\/\/www.soanam.de\/en\/wp-json\/wp\/v2\/product\/81627","targetHints":{"allow":["GET"]}}],"collection":[{"href":"https:\/\/www.soanam.de\/en\/wp-json\/wp\/v2\/product"}],"about":[{"href":"https:\/\/www.soanam.de\/en\/wp-json\/wp\/v2\/types\/product"}],"replies":[{"embeddable":true,"href":"https:\/\/www.soanam.de\/en\/wp-json\/wp\/v2\/comments?post=81627"}],"wp:featuredmedia":[{"embeddable":true,"href":"https:\/\/www.soanam.de\/en\/wp-json\/wp\/v2\/media\/81729"}],"wp:attachment":[{"href":"https:\/\/www.soanam.de\/en\/wp-json\/wp\/v2\/media?parent=81627"}],"wp:term":[{"taxonomy":"product_brand","embeddable":true,"href":"https:\/\/www.soanam.de\/en\/wp-json\/wp\/v2\/product_brand?post=81627"},{"taxonomy":"product_cat","embeddable":true,"href":"https:\/\/www.soanam.de\/en\/wp-json\/wp\/v2\/product_cat?post=81627"},{"taxonomy":"product_tag","embeddable":true,"href":"https:\/\/www.soanam.de\/en\/wp-json\/wp\/v2\/product_tag?post=81627"}],"curies":[{"name":"wp","href":"https:\/\/api.w.org\/{rel}","templated":true}]}}