{"id":81607,"date":"2023-12-14T02:02:19","date_gmt":"2023-12-14T01:02:19","guid":{"rendered":"https:\/\/www.soanam.de\/?post_type=product&#038;p=81607"},"modified":"2023-12-14T02:04:37","modified_gmt":"2023-12-14T01:04:37","slug":"vivance-dreams-pyjama-im-2er-pack-mit-sternen-und-punkten-in-bordeaux-schwarz-groesse-40-42","status":"publish","type":"product","link":"https:\/\/www.soanam.de\/en\/produkt\/vivance-dreams-pyjama-im-2er-pack-mit-sternen-und-punkten-in-bordeaux-schwarz-groesse-40-42\/","title":{"rendered":"Vivance Dreams pyjamas in a 2-pack with stars and dots, in bordeaux-black, size 40\/42"},"content":{"rendered":"<p>Double pack of pyjamas from Vivance Dreams<br \/>\nMit Sterneprint und Punkteprint<br \/>\nLangarmshirt mit V-Cut am Rundhalsausschnitt<br \/>\nSchmal geschnittene Hose mit elastischem Hosenbund und Tunnelzug<br \/>\nMit B\u00fcndchen am Beinabschluss<br \/>\nWeiche Baumwoll-Qualit\u00e4t<\/p>\n<p>Die h\u00fcbschen Oberteilen erhalten einen modischen Touch durch die V-Ausschnitte und eine l\u00e4ssige Passform runden die Langarmshirts optisch ab.<br \/>\nEin elastischer Hosenbund mit Tunnelzug und B\u00fcndchen an den Beinabschl\u00fcssen halten die Pyjamahosen in Form, zusammen mit der schmalen Passform tr\u00e4gt das zum optimalen Wohlgef\u00fchl bei.<br \/>\nDie weiche Baumwolle der beiden Pyjamas von Vivance Dreams bieten hervorragenden Tragekomfort.<\/p>\n<p>Material: 100% cotton<br \/>\nCare instructions: Machine wash<\/p>\n<p>Farbe: bordeaux, schwarz<br \/>\nMuster: Sterne, Punkte<br \/>\nSize: 40\/42<\/p>\n<p>Oberteil\u00a0 \u00a0 \u00a0 \u00a0 \u00a0 \u00a0 \u00a0 \u00a0 \u00a0 \u00a0 \u00a0 \u00a0 \u00a0 \u00a0 \u00a0 Hose<br \/>\nBrustweite: 104cm\u00a0 \u00a0 \u00a0 \u00a0 \u00a0 \u00a0Schrittl\u00e4nge: 76cm<br \/>\nGesamtl\u00e4nge: 69cm\u00a0 \u00a0 \u00a0 \u00a0 Gesamtl\u00e4nge: 101cm<\/p>\n<p>This new item is a customer return without a label.<\/p>\n<p>&nbsp;<\/p>","protected":false},"excerpt":{"rendered":"<div class=\"spec-holder\">\n<div class=\"row\">\n<div class=\"col-xs-5 spec-name\">\n<table class=\"dv_characteristicsTable\">\n<tbody>\n<tr>\n<td class=\"left\">Size<\/td>\n<td>40\/42<\/td>\n<\/tr>\n<tr>\n<td class=\"left\">Gr\u00f6\u00dfentyp<\/td>\n<td>Normalgr\u00f6\u00dfen<\/td>\n<\/tr>\n<tr>\n<td class=\"left\">Color<\/td>\n<td>bordeaux<\/td>\n<\/tr>\n<tr>\n<td class=\"left\">Farbe Packst\u00fcck 2<\/td>\n<td>schwarz<\/td>\n<\/tr>\n<tr>\n<td class=\"left\">Applikationen<\/td>\n<td>Allover-Druck<\/td>\n<\/tr>\n<tr>\n<td class=\"left\">Verschluss<\/td>\n<td>Tunnelzug, Bindeband<\/td>\n<\/tr>\n<tr>\n<td class=\"left\">Verschlussdetails<\/td>\n<td>vorn, zum Binden<\/td>\n<\/tr>\n<tr>\n<td class=\"left\">Material composition<\/td>\n<td>Obermaterial: 100% Baumwolle<\/td>\n<\/tr>\n<tr>\n<td class=\"left\">Care instructions<\/td>\n<td>Machine wash<\/td>\n<\/tr>\n<tr>\n<td class=\"left\">\u00c4rmel<\/td>\n<td>Long sleeve<\/td>\n<\/tr>\n<tr>\n<td class=\"left\">Fit<\/td>\n<td>Basic<\/td>\n<\/tr>\n<tr>\n<td class=\"left\">Schnittform L\u00e4nge<\/td>\n<td>lang<\/td>\n<\/tr>\n<tr>\n<td class=\"left\">Beinform<\/td>\n<td>gerade<\/td>\n<\/tr>\n<tr>\n<td class=\"left\">Leibh\u00f6he<\/td>\n<td>normal<\/td>\n<\/tr>\n<\/tbody>\n<\/table>\n<\/div>\n<\/div>\n<\/div>","protected":false},"featured_media":81665,"comment_status":"open","ping_status":"closed","template":"","meta":{"_seopress_robots_primary_cat":"","_seopress_titles_title":"","_seopress_titles_desc":"","_seopress_robots_index":""},"product_brand":[],"product_cat":[1348,1520,1639],"product_tag":[],"class_list":{"0":"post-81607","1":"product","2":"type-product","3":"status-publish","4":"has-post-thumbnail","6":"product_cat-damen-mode","7":"product_cat-nachtwaesche","8":"product_cat-pyjama-lang","9":"product_shipping_class-standard-versand","11":"first","12":"instock","13":"sale","14":"taxable","15":"shipping-taxable","16":"purchasable","17":"product-type-simple"},"_links":{"self":[{"href":"https:\/\/www.soanam.de\/en\/wp-json\/wp\/v2\/product\/81607","targetHints":{"allow":["GET"]}}],"collection":[{"href":"https:\/\/www.soanam.de\/en\/wp-json\/wp\/v2\/product"}],"about":[{"href":"https:\/\/www.soanam.de\/en\/wp-json\/wp\/v2\/types\/product"}],"replies":[{"embeddable":true,"href":"https:\/\/www.soanam.de\/en\/wp-json\/wp\/v2\/comments?post=81607"}],"wp:featuredmedia":[{"embeddable":true,"href":"https:\/\/www.soanam.de\/en\/wp-json\/wp\/v2\/media\/81665"}],"wp:attachment":[{"href":"https:\/\/www.soanam.de\/en\/wp-json\/wp\/v2\/media?parent=81607"}],"wp:term":[{"taxonomy":"product_brand","embeddable":true,"href":"https:\/\/www.soanam.de\/en\/wp-json\/wp\/v2\/product_brand?post=81607"},{"taxonomy":"product_cat","embeddable":true,"href":"https:\/\/www.soanam.de\/en\/wp-json\/wp\/v2\/product_cat?post=81607"},{"taxonomy":"product_tag","embeddable":true,"href":"https:\/\/www.soanam.de\/en\/wp-json\/wp\/v2\/product_tag?post=81607"}],"curies":[{"name":"wp","href":"https:\/\/api.w.org\/{rel}","templated":true}]}}