{"id":81257,"date":"2023-12-14T01:48:40","date_gmt":"2023-12-14T00:48:40","guid":{"rendered":"https:\/\/www.soanam.de\/?post_type=product&#038;p=81257"},"modified":"2023-12-14T01:57:31","modified_gmt":"2023-12-14T00:57:31","slug":"basic-by-yest-kleid-ylona-in-schwarz-groesse-48","status":"publish","type":"product","link":"https:\/\/www.soanam.de\/en\/produkt\/basic-by-yest-kleid-ylona-in-schwarz-groesse-48\/","title":{"rendered":"BASIC by YEST Kleid Ylona, in Schwarz, Gr\u00f6\u00dfe 48"},"content":{"rendered":"<p>Basic Kleid von Yest<br \/>\nRound neckline<br \/>\n3\/4 lange \u00c4rmel<br \/>\n2 Seitentaschen<br \/>\nElastische Jersey Qualit\u00e4t<\/p>\n<p>Ein Basic-Kleid in fester Stretch-Qualit\u00e4t. Der hohe Rundhalsausschnitt wird im Nacken mit einem Rei\u00dfverschluss geschlossen. Die \u00c4rmel sind 3\/4 und auf der Vorderseite hat dieses Kleid 2 Seitentaschen. Die L\u00e4nge ist knapp \u00fcber dem Knie in fester Stretch-Qualit\u00e4t.<br \/>\nDer hohe Rundhalsausschnitt wird im Nacken mit einem Rei\u00dfverschluss geschlossen.<br \/>\nDie \u00c4rmel sind 3\/4 und auf der Vorderseite hat dieses Kleid 2 Seitentaschen.<br \/>\nDie L\u00e4nge ist knapp \u00fcber dem Knie.<\/p>\n<p>Material: 65% viscose, 30% nylon, 5% elastane<br \/>\nCare instructions: Machine wash<\/p>\n<p>Color: black<br \/>\nPattern: without<br \/>\nSize: 48<\/p>\n<p>Chest width: 122cm<br \/>\nSleeve length: 48cm<br \/>\nTotal length: 95cm<\/p>","protected":false},"excerpt":{"rendered":"<div class=\"spec-holder\">\n<div class=\"row\">\n<div class=\"col-xs-5 spec-name\">\n<table class=\"dv_characteristicsTable\">\n<tbody>\n<tr>\n<td class=\"left\">Size<\/td>\n<td>48<\/td>\n<\/tr>\n<tr>\n<td class=\"left\">Gr\u00f6\u00dfentyp<\/td>\n<td>Normalgr\u00f6\u00dfen<\/td>\n<\/tr>\n<tr>\n<td class=\"left\">Material composition<\/td>\n<td>65% Viskose, 30% Nylon, 5% Elasthan<\/td>\n<\/tr>\n<tr>\n<td class=\"left\">Materialart<\/td>\n<td>Jersey<\/td>\n<\/tr>\n<tr>\n<td class=\"left\">Care instructions<\/td>\n<td>Machine wash<\/td>\n<\/tr>\n<tr>\n<td class=\"left\">Optik<\/td>\n<td>schlank<\/td>\n<\/tr>\n<tr>\n<td class=\"left\">Stil<\/td>\n<td>Basic<\/td>\n<\/tr>\n<tr>\n<td class=\"left\">Ausschnitt<\/td>\n<td>Round neckline<\/td>\n<\/tr>\n<tr>\n<td class=\"left\">\u00c4rmel<\/td>\n<td>3\/4 lange \u00c4rmel<\/td>\n<\/tr>\n<tr>\n<td class=\"left\">Futter<\/td>\n<td>nein<\/td>\n<\/tr>\n<tr>\n<td class=\"left\">Fit<\/td>\n<td>figurbetont<\/td>\n<\/tr>\n<tr>\n<td class=\"left\">Schnittform L\u00e4nge<\/td>\n<td>knielang<\/td>\n<\/tr>\n<tr>\n<td class=\"left\">Color<\/td>\n<td>schwarz<\/td>\n<\/tr>\n<tr>\n<td class=\"left\">Verschluss<\/td>\n<td>Zipper<\/td>\n<\/tr>\n<tr>\n<td class=\"left\"><\/td>\n<td><\/td>\n<\/tr>\n<tr>\n<td class=\"left\"><\/td>\n<td><\/td>\n<\/tr>\n<tr>\n<td class=\"left\"><\/td>\n<td><\/td>\n<\/tr>\n<tr>\n<td class=\"left\"><\/td>\n<td><\/td>\n<\/tr>\n<\/tbody>\n<\/table>\n<\/div>\n<\/div>\n<\/div>","protected":false},"featured_media":81369,"comment_status":"open","ping_status":"closed","template":"","meta":{"_seopress_robots_primary_cat":"","_seopress_titles_title":"","_seopress_titles_desc":"","_seopress_robots_index":""},"product_brand":[],"product_cat":[1348,1379,1620],"product_tag":[],"class_list":{"0":"post-81257","1":"product","2":"type-product","3":"status-publish","4":"has-post-thumbnail","6":"product_cat-damen-mode","7":"product_cat-kleider","8":"product_cat-jerseykleider","9":"product_shipping_class-standard-versand","11":"first","12":"instock","13":"taxable","14":"shipping-taxable","15":"purchasable","16":"product-type-simple"},"_links":{"self":[{"href":"https:\/\/www.soanam.de\/en\/wp-json\/wp\/v2\/product\/81257","targetHints":{"allow":["GET"]}}],"collection":[{"href":"https:\/\/www.soanam.de\/en\/wp-json\/wp\/v2\/product"}],"about":[{"href":"https:\/\/www.soanam.de\/en\/wp-json\/wp\/v2\/types\/product"}],"replies":[{"embeddable":true,"href":"https:\/\/www.soanam.de\/en\/wp-json\/wp\/v2\/comments?post=81257"}],"wp:featuredmedia":[{"embeddable":true,"href":"https:\/\/www.soanam.de\/en\/wp-json\/wp\/v2\/media\/81369"}],"wp:attachment":[{"href":"https:\/\/www.soanam.de\/en\/wp-json\/wp\/v2\/media?parent=81257"}],"wp:term":[{"taxonomy":"product_brand","embeddable":true,"href":"https:\/\/www.soanam.de\/en\/wp-json\/wp\/v2\/product_brand?post=81257"},{"taxonomy":"product_cat","embeddable":true,"href":"https:\/\/www.soanam.de\/en\/wp-json\/wp\/v2\/product_cat?post=81257"},{"taxonomy":"product_tag","embeddable":true,"href":"https:\/\/www.soanam.de\/en\/wp-json\/wp\/v2\/product_tag?post=81257"}],"curies":[{"name":"wp","href":"https:\/\/api.w.org\/{rel}","templated":true}]}}