{"id":81013,"date":"2023-12-14T01:43:06","date_gmt":"2023-12-14T00:43:06","guid":{"rendered":"https:\/\/www.soanam.de\/?post_type=product&#038;p=81013"},"modified":"2023-12-14T01:45:28","modified_gmt":"2023-12-14T00:45:28","slug":"kangaroos-strickkleid-im-norweger-look-in-schwarz-weiss-rot-groesse-34","status":"publish","type":"product","link":"https:\/\/www.soanam.de\/en\/produkt\/kangaroos-strickkleid-im-norweger-look-in-schwarz-weiss-rot-groesse-34\/","title":{"rendered":"KangaROOS Strickkleid im Norweger-Look, in Schwarz-Wei\u00df-Rot, Gr\u00f6\u00dfe 34"},"content":{"rendered":"<p>Strickkleid mit Rundhalsausschnitt von KangaROOS<br \/>\nHochwertige, angenehme Feinstrickqualit\u00e4t aus Baumwollmix<br \/>\nKontrastfarbenes Strickmuster im Norweger-Style<br \/>\nFigurbetontes Design<\/p>\n<p>Das Strickkleid von Kangaroos im trendy Norweger-Style bezaubert mit einem Mix aus Norwegermuster und einem feinen Zickzackmuster.<br \/>\nAls kontrastfarbener Colorblock f\u00e4llt die Schulterpartie sofort ins Auge.<br \/>\nDer figurbetonte Schnitt des Damenkleides schmeichelt der Silhouette.<br \/>\nEin h\u00fcbscher Rundhalsausschnitt erg\u00e4nzt den durch und durch femininen Look des Kleides.<br \/>\nDer hochwertige Feinstrick tr\u00e4gt sich leicht und angenehm auf der Haut.<\/p>\n<p>Material: 50% cotton, 50% polyacrylic<br \/>\nCare instructions: Machine wash<\/p>\n<p>Farbe: schwarz-wei\u00df-rot<br \/>\nMuster: Norwegermuster<br \/>\nSize: 34<\/p>\n<p>Chest width: 88cm<br \/>\nSleeve length: 63cm<br \/>\nTotal length: 92cm<\/p>\n<p>&nbsp;<\/p>\n<p>This new item is a customer return without a label.<\/p>","protected":false},"excerpt":{"rendered":"<table class=\"dv_characteristicsTable\">\n<tbody>\n<tr>\n<td class=\"left\">Size<\/td>\n<td>34<\/td>\n<\/tr>\n<tr>\n<td class=\"left\">Gr\u00f6\u00dfentyp<\/td>\n<td>Normalgr\u00f6\u00dfen<\/td>\n<\/tr>\n<tr>\n<td class=\"left\">Material composition<\/td>\n<td>Obermaterial: 50% Baumwolle, 50% Polyacryl<\/td>\n<\/tr>\n<tr>\n<td class=\"left\">Materialart<\/td>\n<td>Strick<\/td>\n<\/tr>\n<tr>\n<td class=\"left\">Care instructions<\/td>\n<td>Machine wash<\/td>\n<\/tr>\n<tr>\n<td class=\"left\">Optik<\/td>\n<td>gemustert, Norwegermuster<\/td>\n<\/tr>\n<tr>\n<td class=\"left\">Stil<\/td>\n<td>casual<\/td>\n<\/tr>\n<tr>\n<td class=\"left\">Ausschnitt<\/td>\n<td>Rundhals<\/td>\n<\/tr>\n<tr>\n<td class=\"left\">Ausschnittdetails<\/td>\n<td>Ribbed cuffs<\/td>\n<\/tr>\n<tr>\n<td class=\"left\">\u00c4rmel<\/td>\n<td>Long sleeve<\/td>\n<\/tr>\n<tr>\n<td class=\"left\">\u00c4rmelabschluss<\/td>\n<td>Ribbed cuffs<\/td>\n<\/tr>\n<tr>\n<td class=\"left\">Kleidersaum<\/td>\n<td>Ribbed cuffs<\/td>\n<\/tr>\n<tr>\n<td class=\"left\">Fit<\/td>\n<td>figurbetont<\/td>\n<\/tr>\n<tr>\n<td class=\"left\">Schnittform L\u00e4nge<\/td>\n<td>mini<\/td>\n<\/tr>\n<tr>\n<td class=\"left\">Herstellerfarbbezeichnung<\/td>\n<td>schwarz gemustert<\/td>\n<\/tr>\n<tr>\n<td class=\"left\">Color<\/td>\n<td>schwarz-wei\u00df-rot<\/td>\n<\/tr>\n<tr>\n<td class=\"left\">Besondere Merkmale<\/td>\n<td>im Norweger-Look<\/td>\n<\/tr>\n<\/tbody>\n<\/table>\n<div class=\"spec-holder\">\n<div class=\"row\">\n<div class=\"col-xs-5 spec-name\"><\/div>\n<\/div>\n<\/div>","protected":false},"featured_media":81129,"comment_status":"open","ping_status":"closed","template":"","meta":{"_seopress_robots_primary_cat":"","_seopress_titles_title":"","_seopress_titles_desc":"","_seopress_robots_index":""},"product_brand":[],"product_cat":[1348,1379,1618],"product_tag":[],"class_list":{"0":"post-81013","1":"product","2":"type-product","3":"status-publish","4":"has-post-thumbnail","6":"product_cat-damen-mode","7":"product_cat-kleider","8":"product_cat-strickkleider","9":"product_shipping_class-standard-versand","11":"first","12":"instock","13":"sale","14":"taxable","15":"shipping-taxable","16":"purchasable","17":"product-type-simple"},"_links":{"self":[{"href":"https:\/\/www.soanam.de\/en\/wp-json\/wp\/v2\/product\/81013","targetHints":{"allow":["GET"]}}],"collection":[{"href":"https:\/\/www.soanam.de\/en\/wp-json\/wp\/v2\/product"}],"about":[{"href":"https:\/\/www.soanam.de\/en\/wp-json\/wp\/v2\/types\/product"}],"replies":[{"embeddable":true,"href":"https:\/\/www.soanam.de\/en\/wp-json\/wp\/v2\/comments?post=81013"}],"wp:featuredmedia":[{"embeddable":true,"href":"https:\/\/www.soanam.de\/en\/wp-json\/wp\/v2\/media\/81129"}],"wp:attachment":[{"href":"https:\/\/www.soanam.de\/en\/wp-json\/wp\/v2\/media?parent=81013"}],"wp:term":[{"taxonomy":"product_brand","embeddable":true,"href":"https:\/\/www.soanam.de\/en\/wp-json\/wp\/v2\/product_brand?post=81013"},{"taxonomy":"product_cat","embeddable":true,"href":"https:\/\/www.soanam.de\/en\/wp-json\/wp\/v2\/product_cat?post=81013"},{"taxonomy":"product_tag","embeddable":true,"href":"https:\/\/www.soanam.de\/en\/wp-json\/wp\/v2\/product_tag?post=81013"}],"curies":[{"name":"wp","href":"https:\/\/api.w.org\/{rel}","templated":true}]}}