{"id":81012,"date":"2023-12-14T01:43:06","date_gmt":"2023-12-14T00:43:06","guid":{"rendered":"https:\/\/www.soanam.de\/?post_type=product&#038;p=81012"},"modified":"2023-12-14T01:45:25","modified_gmt":"2023-12-14T00:45:25","slug":"came-tv-optimus-3-axis-camera-gimbal-with-double-handle-folding-stand-in-hard-case","status":"publish","type":"product","link":"https:\/\/www.soanam.de\/en\/produkt\/came-tv-optimus-3-axis-camera-gimbal-mit-doppelgriff-faltstaender-in-hartschalenkoffer\/","title":{"rendered":"CAME-TV Optimus 3-Axis Camera Gimbal with double handle, folding stand in hard case"},"content":{"rendered":"<h3>Description<\/h3>\n<p>The CAME-TV Optimus 3-axis camera gimbal enables one-handed operation. All controls and the battery are now located outside the handle. The single handle can be changed to double handles depending on the requirements of the camera operator.<\/p>\n<p>The design also allows the Optimus Gimbal to be operated completely inverted or submerged. All motors can be rotated 360\u00b0 without restriction to increase range and flexibility during operation. The gimbal offers a battery life of up to 10 hours on a single charge. The single handle has a built-in joystick and the gimbal also includes a wireless joystick remote control.<\/p>\n<p>The Optimus gimbal features a quick release camera plate and tool-less adjustments for easy and quick camera balancing. It comes with 2 batteries so you have a reserve for long shoots and the convenience of charging one while using the other.<\/p>\n<p><strong>Item condition: Used<\/strong><\/p>\n<p><strong>Delivery: In the box<\/strong><br \/>\n* CAME-TV Optimus 3-axis camera gimbal<br \/>\n* One-handed handle<br \/>\n* 2 x battery (10 hours each) 800 mAh, 11.1 V<br \/>\n* Battery charger<br \/>\n* Quick-release plate<br \/>\n* Wireless joystick remote control<br \/>\n* USB cable<br \/>\n* 2 x 1\/4\" screw (1\/4\" and 3\/8\")<br \/>\n* Hard case<br \/>\n* Double handle<br \/>\n* Mini folding stand<br \/>\n* Magic arm with clamp<\/p>","protected":false},"excerpt":{"rendered":"<p><strong>Artikelmerkmale<\/strong><\/p>\n<p>* Unterst\u00fctzt kleinere bis mittelgro\u00dfe DSLR- und spiegellose Kameras, einschlie\u00dflich BMPCC, Panasonic GH4, Sony A7r\/A7s-Serie usw. mit leichteren Objektiven<\/p>\n<p>* Bewegen Sie den Joystick (nach oben, unten, links, rechts), um die Richtung zu steuern<\/p>\n<p>* USB-Anschluss f\u00fcr PID- und Software\u00e4nderungen 1\/4\" Schraubenloch f\u00fcr den externen magischen Arm, Monitor und anderes Zubeh\u00f6r<\/p>\n<p>* Schaltfl\u00e4che Arbeitsmodi<\/p>\n<p>* 1\/4-Zoll- und 3\/8-Zoll-Schraubl\u00f6cher f\u00fcr Gimbal-Support-Zubeh\u00f6r<\/p>\n<p>* Wechseln Sie einfach zwischen Einzel- und Doppelgriffen<\/p>\n<p>* 10 Stunden Akkulaufzeit<\/p>\n<p>* Aufladestation<\/p>\n<p>* Vollst\u00e4ndige 360\u00b0-Drehung<\/p>\n<p>* Anti-Vibration behoben<\/p>\n<p>* Enth\u00e4lt eine drahtlose Joystick-Fernbedienung<\/p>","protected":false},"featured_media":81116,"comment_status":"open","ping_status":"closed","template":"","meta":{"_seopress_robots_primary_cat":"","_seopress_titles_title":"","_seopress_titles_desc":"","_seopress_robots_index":""},"product_brand":[],"product_cat":[1730],"product_tag":[],"class_list":{"0":"post-81012","1":"product","2":"type-product","3":"status-publish","4":"has-post-thumbnail","6":"product_cat-sonstiges-2","7":"product_shipping_class-standard-versand","9":"first","10":"instock","11":"sale","12":"taxable","13":"shipping-taxable","14":"purchasable","15":"product-type-simple"},"_links":{"self":[{"href":"https:\/\/www.soanam.de\/en\/wp-json\/wp\/v2\/product\/81012","targetHints":{"allow":["GET"]}}],"collection":[{"href":"https:\/\/www.soanam.de\/en\/wp-json\/wp\/v2\/product"}],"about":[{"href":"https:\/\/www.soanam.de\/en\/wp-json\/wp\/v2\/types\/product"}],"replies":[{"embeddable":true,"href":"https:\/\/www.soanam.de\/en\/wp-json\/wp\/v2\/comments?post=81012"}],"wp:featuredmedia":[{"embeddable":true,"href":"https:\/\/www.soanam.de\/en\/wp-json\/wp\/v2\/media\/81116"}],"wp:attachment":[{"href":"https:\/\/www.soanam.de\/en\/wp-json\/wp\/v2\/media?parent=81012"}],"wp:term":[{"taxonomy":"product_brand","embeddable":true,"href":"https:\/\/www.soanam.de\/en\/wp-json\/wp\/v2\/product_brand?post=81012"},{"taxonomy":"product_cat","embeddable":true,"href":"https:\/\/www.soanam.de\/en\/wp-json\/wp\/v2\/product_cat?post=81012"},{"taxonomy":"product_tag","embeddable":true,"href":"https:\/\/www.soanam.de\/en\/wp-json\/wp\/v2\/product_tag?post=81012"}],"curies":[{"name":"wp","href":"https:\/\/api.w.org\/{rel}","templated":true}]}}