{"id":80967,"date":"2023-12-14T01:42:10","date_gmt":"2023-12-14T00:42:10","guid":{"rendered":"https:\/\/www.soanam.de\/?post_type=product&#038;p=80967"},"modified":"2023-12-14T01:44:22","modified_gmt":"2023-12-14T00:44:22","slug":"tamaris-jerseykleid-mit-3-4-arm-in-schwarz-groesse-44","status":"publish","type":"product","link":"https:\/\/www.soanam.de\/en\/produkt\/tamaris-jerseykleid-mit-3-4-arm-in-schwarz-groesse-44\/","title":{"rendered":"Tamaris Jerseykleid mit 3\/4 Arm, in Schwarz, Gr\u00f6\u00dfe 44"},"content":{"rendered":"<p>Basic Kleid von TAMARIS<br \/>\nRound neckline<br \/>\nFigurumspielende Form mit 3\/4 \u00c4rmeln<br \/>\nMit G\u00fcrtelschlaufen - G\u00fcrtel ist nicht enthalten<br \/>\nSuper weicher Viskosemischung<\/p>\n<p>Ein Jerseykleid von Tamaris mit 3\/4-\u00c4rmeln.<br \/>\nEs ist aus einer feinen Viskosemischung mit Stretchanteil gearbeitet und hat einen Rundhals.<br \/>\nDas Oberteil ist figurbetont geschnitten. Der Rock ist weit ausgestellt.<br \/>\nDas Kleid aus elastischem Jersey ist tailliert und besitzt G\u00fcrtelschlaufen f\u00fcr einen Bindeg\u00fcrtel, der G\u00fcrtel ist nicht enthalten.<br \/>\nDie L\u00e4nge ist kniefrei.<\/p>\n<p>Material: 95% Viskose, 5% Elastan<br \/>\nCare instructions: Machine wash<\/p>\n<p>Color: black<br \/>\nPattern: without<br \/>\nSize: 44<\/p>\n<p>Chest width: 104cm<br \/>\n\u00c4rmell\u00e4nge: 43cm<br \/>\nTotal length: 102cm<\/p>","protected":false},"excerpt":{"rendered":"<div class=\"spec-holder\">\n<div class=\"row\">\n<div class=\"col-xs-5 spec-name\">\n<table class=\"dv_characteristicsTable\">\n<tbody>\n<tr>\n<td class=\"left\">Size<\/td>\n<td>44<\/td>\n<\/tr>\n<tr>\n<td class=\"left\">Gr\u00f6\u00dfentyp<\/td>\n<td>Normalgr\u00f6\u00dfen<\/td>\n<\/tr>\n<tr>\n<td class=\"left\">Material composition<\/td>\n<td>Obermaterial: 95% Viskose, 5% Elastan<\/td>\n<\/tr>\n<tr>\n<td class=\"left\">Care instructions<\/td>\n<td>Machine wash<\/td>\n<\/tr>\n<tr>\n<td class=\"left\">Optik<\/td>\n<td>monochrome<\/td>\n<\/tr>\n<tr>\n<td class=\"left\">Stil<\/td>\n<td>casual<\/td>\n<\/tr>\n<tr>\n<td class=\"left\">Color<\/td>\n<td>schwarz<\/td>\n<\/tr>\n<tr>\n<td class=\"left\">Besondere Merkmale<\/td>\n<td>mit G\u00fcrtelschlaufen<\/td>\n<\/tr>\n<\/tbody>\n<\/table>\n<\/div>\n<\/div>\n<\/div>","protected":false},"featured_media":81073,"comment_status":"open","ping_status":"closed","template":"","meta":{"_seopress_robots_primary_cat":"","_seopress_titles_title":"","_seopress_titles_desc":"","_seopress_robots_index":""},"product_brand":[],"product_cat":[1348,1379,1620],"product_tag":[],"class_list":{"0":"post-80967","1":"product","2":"type-product","3":"status-publish","4":"has-post-thumbnail","6":"product_cat-damen-mode","7":"product_cat-kleider","8":"product_cat-jerseykleider","9":"product_shipping_class-standard-versand","11":"first","12":"instock","13":"sale","14":"taxable","15":"shipping-taxable","16":"purchasable","17":"product-type-simple"},"_links":{"self":[{"href":"https:\/\/www.soanam.de\/en\/wp-json\/wp\/v2\/product\/80967","targetHints":{"allow":["GET"]}}],"collection":[{"href":"https:\/\/www.soanam.de\/en\/wp-json\/wp\/v2\/product"}],"about":[{"href":"https:\/\/www.soanam.de\/en\/wp-json\/wp\/v2\/types\/product"}],"replies":[{"embeddable":true,"href":"https:\/\/www.soanam.de\/en\/wp-json\/wp\/v2\/comments?post=80967"}],"wp:featuredmedia":[{"embeddable":true,"href":"https:\/\/www.soanam.de\/en\/wp-json\/wp\/v2\/media\/81073"}],"wp:attachment":[{"href":"https:\/\/www.soanam.de\/en\/wp-json\/wp\/v2\/media?parent=80967"}],"wp:term":[{"taxonomy":"product_brand","embeddable":true,"href":"https:\/\/www.soanam.de\/en\/wp-json\/wp\/v2\/product_brand?post=80967"},{"taxonomy":"product_cat","embeddable":true,"href":"https:\/\/www.soanam.de\/en\/wp-json\/wp\/v2\/product_cat?post=80967"},{"taxonomy":"product_tag","embeddable":true,"href":"https:\/\/www.soanam.de\/en\/wp-json\/wp\/v2\/product_tag?post=80967"}],"curies":[{"name":"wp","href":"https:\/\/api.w.org\/{rel}","templated":true}]}}