{"id":80966,"date":"2023-12-14T01:42:09","date_gmt":"2023-12-14T00:42:09","guid":{"rendered":"https:\/\/www.soanam.de\/?post_type=product&#038;p=80966"},"modified":"2023-12-14T01:44:15","modified_gmt":"2023-12-14T00:44:15","slug":"tamaris-midikleid-mit-volant-in-rostrot-gebluemt-groesse-34","status":"publish","type":"product","link":"https:\/\/www.soanam.de\/en\/produkt\/tamaris-midikleid-mit-volant-in-rostrot-gebluemt-groesse-34\/","title":{"rendered":"Tamaris Midikleid mit Volant, in Rostrot gebl\u00fcmt, Gr\u00f6\u00dfe 34"},"content":{"rendered":"<p>Midikleid von TAMARIS<br \/>\nIm Blumen-Muster<br \/>\nFigurumspielende Form mit 3\/4 \u00c4rmeln<br \/>\nSuper weicher Viskosemischung<\/p>\n<p>Dieses Midikleid von Tamaris ist aus einer weichen Viskosemischung hergestellt.<br \/>\nDie Schnittform bei diesem Kleid ist figurumspielend, nach unten hin weiter geschnitten, hat einen angesetzten Volant und ist wadenlang.<br \/>\nDas Kleid hat einen V-Ausschnitt mit kleiner Schleife zum binden und 3\/4-\u00c4rmel mit eleastischem Abschluss.<br \/>\nIm angesagten Blumenprint bringt es Schwung in deine weiblichen Looks.<\/p>\n<p>Material: 95% Viskose, 5% Elastan<br \/>\nCare instructions: Machine wash<\/p>\n<p>Farbe: rostrot-wei\u00df<br \/>\nMuster: floral<br \/>\nSize: 34<\/p>\n<p>Chest width: 84cm<br \/>\n\u00c4rmell\u00e4nge: 47cm<br \/>\nGesamtl\u00e4nge: 127cm<\/p>","protected":false},"excerpt":{"rendered":"<div class=\"spec-holder\">\n<div class=\"row\">\n<div class=\"col-xs-5 spec-name\">\n<table class=\"dv_characteristicsTable\">\n<tbody>\n<tr>\n<td class=\"left\">Size<\/td>\n<td>34<\/td>\n<\/tr>\n<tr>\n<td class=\"left\">Gr\u00f6\u00dfentyp<\/td>\n<td>Normalgr\u00f6\u00dfen<\/td>\n<\/tr>\n<tr>\n<td class=\"left\">Material composition<\/td>\n<td>Obermaterial: 95% Viskose, 5% Elastan<\/td>\n<\/tr>\n<tr>\n<td class=\"left\">Care instructions<\/td>\n<td>Machine wash<\/td>\n<\/tr>\n<tr>\n<td class=\"left\">Optik<\/td>\n<td>multicolored<\/td>\n<\/tr>\n<tr>\n<td class=\"left\">Stil<\/td>\n<td>casual<\/td>\n<\/tr>\n<tr>\n<td class=\"left\">Color<\/td>\n<td>rostrot-gemustert<\/td>\n<\/tr>\n<tr>\n<td class=\"left\">Besondere Merkmale<\/td>\n<td>in angesagter Form mit Volantrock<\/td>\n<\/tr>\n<\/tbody>\n<\/table>\n<\/div>\n<\/div>\n<\/div>","protected":false},"featured_media":81066,"comment_status":"open","ping_status":"closed","template":"","meta":{"_seopress_robots_primary_cat":"","_seopress_titles_title":"","_seopress_titles_desc":"","_seopress_robots_index":""},"product_brand":[],"product_cat":[1348,1379,1541],"product_tag":[],"class_list":{"0":"post-80966","1":"product","2":"type-product","3":"status-publish","4":"has-post-thumbnail","6":"product_cat-damen-mode","7":"product_cat-kleider","8":"product_cat-freizeitkleider","9":"product_shipping_class-standard-versand","11":"first","12":"instock","13":"sale","14":"taxable","15":"shipping-taxable","16":"purchasable","17":"product-type-simple"},"_links":{"self":[{"href":"https:\/\/www.soanam.de\/en\/wp-json\/wp\/v2\/product\/80966","targetHints":{"allow":["GET"]}}],"collection":[{"href":"https:\/\/www.soanam.de\/en\/wp-json\/wp\/v2\/product"}],"about":[{"href":"https:\/\/www.soanam.de\/en\/wp-json\/wp\/v2\/types\/product"}],"replies":[{"embeddable":true,"href":"https:\/\/www.soanam.de\/en\/wp-json\/wp\/v2\/comments?post=80966"}],"wp:featuredmedia":[{"embeddable":true,"href":"https:\/\/www.soanam.de\/en\/wp-json\/wp\/v2\/media\/81066"}],"wp:attachment":[{"href":"https:\/\/www.soanam.de\/en\/wp-json\/wp\/v2\/media?parent=80966"}],"wp:term":[{"taxonomy":"product_brand","embeddable":true,"href":"https:\/\/www.soanam.de\/en\/wp-json\/wp\/v2\/product_brand?post=80966"},{"taxonomy":"product_cat","embeddable":true,"href":"https:\/\/www.soanam.de\/en\/wp-json\/wp\/v2\/product_cat?post=80966"},{"taxonomy":"product_tag","embeddable":true,"href":"https:\/\/www.soanam.de\/en\/wp-json\/wp\/v2\/product_tag?post=80966"}],"curies":[{"name":"wp","href":"https:\/\/api.w.org\/{rel}","templated":true}]}}