{"id":80943,"date":"2023-12-14T01:41:44","date_gmt":"2023-12-14T00:41:44","guid":{"rendered":"https:\/\/www.soanam.de\/?post_type=product&#038;p=80943"},"modified":"2023-12-14T01:43:45","modified_gmt":"2023-12-14T00:43:45","slug":"vero-moda-strickkleid-glory-aurora-in-schwarz-groesse-m","status":"publish","type":"product","link":"https:\/\/www.soanam.de\/en\/produkt\/vero-moda-strickkleid-glory-aurora-in-schwarz-groesse-m\/","title":{"rendered":"Vero Moda knitted dress Glory Aurora, in black, size M"},"content":{"rendered":"<p>Feinstrickkleid von Vero Moda<br \/>\nR\u00fccken-Rei\u00dfverschluss<br \/>\n\u00dcberschnittene Schulter<br \/>\n3\/4 sleeve<br \/>\nWeicher Griff<\/p>\n<p>Gestricktes Minikleid von Vero Moda in l\u00e4ssiger Passform mit Rei\u00dfverschluss am R\u00fccken.<br \/>\nDie weiche Viskosemischfaser macht es so herrlich angenehm auf der Haut.<\/p>\n<p>Material: 80% Viskose, 20% Nylon<br \/>\nCare instructions: Machine wash<\/p>\n<p>Color: black<br \/>\nPattern: without<br \/>\nSize: M<\/p>\n<p>Chest width: 102cm<br \/>\nSleeve length: 31cm<br \/>\nTotal length: 90cm<\/p>\n<p>This new item is a customer return without a label.<\/p>","protected":false},"excerpt":{"rendered":"<table class=\"dv_characteristicsTable\">\n<tbody>\n<tr>\n<td class=\"left\">Size<\/td>\n<td>M<\/td>\n<\/tr>\n<tr>\n<td class=\"left\">Material composition<\/td>\n<td>Material: 80% Viskose, 20% Nylon<\/td>\n<\/tr>\n<tr>\n<td class=\"left\">Optik<\/td>\n<td>Solid colors<\/td>\n<\/tr>\n<tr>\n<td class=\"left\">Stil<\/td>\n<td>Normale Passform<\/td>\n<\/tr>\n<tr>\n<td class=\"left\">\u00c4rmel<\/td>\n<td>Dreiviertelarm<\/td>\n<\/tr>\n<tr>\n<td class=\"left\">Fit<\/td>\n<td>Normale Passform<\/td>\n<\/tr>\n<tr>\n<td class=\"left\">Schnittform L\u00e4nge<\/td>\n<td>Kurz\/Mini<\/td>\n<\/tr>\n<tr>\n<td class=\"left\">Color<\/td>\n<td>schwarz<\/td>\n<\/tr>\n<tr>\n<td class=\"left\">Verschluss<\/td>\n<td>Zipper<\/td>\n<\/tr>\n<\/tbody>\n<\/table>\n<div class=\"spec-holder\">\n<div class=\"row\">\n<div class=\"col-xs-5 spec-name\"><\/div>\n<\/div>\n<\/div>","protected":false},"featured_media":81038,"comment_status":"open","ping_status":"closed","template":"","meta":{"_seopress_robots_primary_cat":"","_seopress_titles_title":"","_seopress_titles_desc":"","_seopress_robots_index":""},"product_brand":[],"product_cat":[1348,1379,1618],"product_tag":[],"class_list":{"0":"post-80943","1":"product","2":"type-product","3":"status-publish","4":"has-post-thumbnail","6":"product_cat-damen-mode","7":"product_cat-kleider","8":"product_cat-strickkleider","9":"product_shipping_class-standard-versand","11":"first","12":"instock","13":"sale","14":"taxable","15":"shipping-taxable","16":"purchasable","17":"product-type-simple"},"_links":{"self":[{"href":"https:\/\/www.soanam.de\/en\/wp-json\/wp\/v2\/product\/80943","targetHints":{"allow":["GET"]}}],"collection":[{"href":"https:\/\/www.soanam.de\/en\/wp-json\/wp\/v2\/product"}],"about":[{"href":"https:\/\/www.soanam.de\/en\/wp-json\/wp\/v2\/types\/product"}],"replies":[{"embeddable":true,"href":"https:\/\/www.soanam.de\/en\/wp-json\/wp\/v2\/comments?post=80943"}],"wp:featuredmedia":[{"embeddable":true,"href":"https:\/\/www.soanam.de\/en\/wp-json\/wp\/v2\/media\/81038"}],"wp:attachment":[{"href":"https:\/\/www.soanam.de\/en\/wp-json\/wp\/v2\/media?parent=80943"}],"wp:term":[{"taxonomy":"product_brand","embeddable":true,"href":"https:\/\/www.soanam.de\/en\/wp-json\/wp\/v2\/product_brand?post=80943"},{"taxonomy":"product_cat","embeddable":true,"href":"https:\/\/www.soanam.de\/en\/wp-json\/wp\/v2\/product_cat?post=80943"},{"taxonomy":"product_tag","embeddable":true,"href":"https:\/\/www.soanam.de\/en\/wp-json\/wp\/v2\/product_tag?post=80943"}],"curies":[{"name":"wp","href":"https:\/\/api.w.org\/{rel}","templated":true}]}}