{"id":80868,"date":"2023-12-14T01:40:05","date_gmt":"2023-12-14T00:40:05","guid":{"rendered":"https:\/\/www.soanam.de\/?post_type=product&#038;p=80868"},"modified":"2023-12-14T01:42:07","modified_gmt":"2023-12-14T00:42:07","slug":"only-sons-kapuzensweatjacke-ceres-life-zip-thr-hoodie-sweat-in-schwarz-groesse-l","status":"publish","type":"product","link":"https:\/\/www.soanam.de\/en\/produkt\/only-sons-kapuzensweatjacke-ceres-life-zip-thr-hoodie-sweat-in-schwarz-groesse-l\/","title":{"rendered":"ONLY &amp; SONS hooded sweat jacket CERES LIFE ZIP THR. HOODIE SWEAT, in black, size L"},"content":{"rendered":"<p>Basic Sweatjacke mit Kapuze von ONLY &amp; SONS<br \/>\nAngenehmer Tragekomfort<br \/>\nRegular-fit\/ normal shape<br \/>\nMit gummierten Kordelzug an der Kapuze<\/p>\n<p>Die Kapuzensweatjacke CERES LIFE ZIP THR. HOODIE SWEAT von ONLY &amp; SONSist die perfekte \u00dcbergangsjacke.<br \/>\nDie \u00c4rmel enden, genauso wie der Saumabschluss, in einem B\u00fcndchen, die weich gef\u00fctterte Kapuze kannst du mit einem Kordelzug in der Weite verstellen.<br \/>\nDie Baumwollmischung ist weich auf der Haut und super bequem - was willst du mehr von einem Basic?<\/p>\n<p>Material: 65% cotton, 35% polyester<br \/>\nCare instructions: Machine wash<\/p>\n<p>Color: black<br \/>\nPattern: without<br \/>\nSize: L<\/p>\n<p>Shoulder width: 50cm<br \/>\nChest width: 112cm<br \/>\nSleeve length: 65cm<br \/>\nTotal length: 71cm<\/p>","protected":false},"excerpt":{"rendered":"<table class=\"dv_characteristicsTable\">\n<tbody>\n<tr>\n<td class=\"left\">Size<\/td>\n<td>L (52)<\/td>\n<\/tr>\n<tr>\n<td class=\"left\">Gr\u00f6\u00dfentyp<\/td>\n<td>Normalgr\u00f6\u00dfen<\/td>\n<\/tr>\n<tr>\n<td class=\"left\">Material composition<\/td>\n<td>Obermaterial: 65% Baumwolle, 35% Polyester<\/td>\n<\/tr>\n<tr>\n<td class=\"left\">Care instructions<\/td>\n<td>Machine wash<\/td>\n<\/tr>\n<tr>\n<td class=\"left\">Stil<\/td>\n<td>modisch<\/td>\n<\/tr>\n<tr>\n<td class=\"left\">Color<\/td>\n<td>schwarz<\/td>\n<\/tr>\n<tr>\n<td class=\"left\">\u00c4rmelabschluss<\/td>\n<td>B\u00fcndchen<\/td>\n<\/tr>\n<tr>\n<td class=\"left\">Rumpfabschluss<\/td>\n<td>B\u00fcndchen<\/td>\n<\/tr>\n<tr>\n<td class=\"left\">Fit<\/td>\n<td>normal<\/td>\n<\/tr>\n<tr>\n<td class=\"left\">Kapuze<\/td>\n<td>mit Kapuze<\/td>\n<\/tr>\n<tr>\n<td class=\"left\">Kapuzendetails<\/td>\n<td>mit Kordelzug<\/td>\n<\/tr>\n<tr>\n<td class=\"left\">Kapuzenf\u00fctterung<\/td>\n<td>farblich passend<\/td>\n<\/tr>\n<\/tbody>\n<\/table>","protected":false},"featured_media":80961,"comment_status":"open","ping_status":"closed","template":"","meta":{"_seopress_robots_primary_cat":"","_seopress_titles_title":"","_seopress_titles_desc":"","_seopress_robots_index":""},"product_brand":[],"product_cat":[1345,1365,1371],"product_tag":[],"class_list":{"0":"post-80868","1":"product","2":"type-product","3":"status-publish","4":"has-post-thumbnail","6":"product_cat-herrenmode","7":"product_cat-sportbekleidung","8":"product_cat-jacken","9":"product_shipping_class-standard-versand","11":"first","12":"instock","13":"sale","14":"taxable","15":"shipping-taxable","16":"purchasable","17":"product-type-simple"},"_links":{"self":[{"href":"https:\/\/www.soanam.de\/en\/wp-json\/wp\/v2\/product\/80868","targetHints":{"allow":["GET"]}}],"collection":[{"href":"https:\/\/www.soanam.de\/en\/wp-json\/wp\/v2\/product"}],"about":[{"href":"https:\/\/www.soanam.de\/en\/wp-json\/wp\/v2\/types\/product"}],"replies":[{"embeddable":true,"href":"https:\/\/www.soanam.de\/en\/wp-json\/wp\/v2\/comments?post=80868"}],"wp:featuredmedia":[{"embeddable":true,"href":"https:\/\/www.soanam.de\/en\/wp-json\/wp\/v2\/media\/80961"}],"wp:attachment":[{"href":"https:\/\/www.soanam.de\/en\/wp-json\/wp\/v2\/media?parent=80868"}],"wp:term":[{"taxonomy":"product_brand","embeddable":true,"href":"https:\/\/www.soanam.de\/en\/wp-json\/wp\/v2\/product_brand?post=80868"},{"taxonomy":"product_cat","embeddable":true,"href":"https:\/\/www.soanam.de\/en\/wp-json\/wp\/v2\/product_cat?post=80868"},{"taxonomy":"product_tag","embeddable":true,"href":"https:\/\/www.soanam.de\/en\/wp-json\/wp\/v2\/product_tag?post=80868"}],"curies":[{"name":"wp","href":"https:\/\/api.w.org\/{rel}","templated":true}]}}