{"id":80852,"date":"2023-12-14T01:39:42","date_gmt":"2023-12-14T00:39:42","guid":{"rendered":"https:\/\/www.soanam.de\/?post_type=product&#038;p=80852"},"modified":"2023-12-14T01:42:03","modified_gmt":"2023-12-14T00:42:03","slug":"ajc-kurzblazer-in-marine-groesse-40","status":"publish","type":"product","link":"https:\/\/www.soanam.de\/en\/produkt\/ajc-kurzblazer-in-marine-groesse-40\/","title":{"rendered":"AJC short blazer, in navy, size 40"},"content":{"rendered":"<p>Blazer von AJC<br \/>\nMit gestreiftem Kragen und \u00c4rmelbund<br \/>\nFigure-hugging shape<br \/>\nMit aufgesetzten Taschen und Knopf zum Schlie\u00dfen<br \/>\nWeiche angenehme Milano Rip Ware<\/p>\n<p>Highlight der Damenjacke von AJC sind hier nat\u00fcrlich die geringelten B\u00fcndchen an den \u00c4rmeln sowie der gestreifte Krageneinsatz im College-Look.<br \/>\nDie taillierte Form mit 1-Knopf-Verschluss betont feminin die Figur und die weiche, elastische Milano-Rib-Qualit\u00e4t wahrt jederzeit fantastisch die Form.<br \/>\nAufgesetzte Taschen perfektionieren den Style - Business- Look mit Wohlf\u00fchlcharakter.<\/p>\n<p>Material: Obermaterial: 85% Polyester, 10% Viskose, 5% Elasthan.<br \/>\nFutter: 100% Polyester.<br \/>\nB\u00fcndchen: 95% Polyester, 5% Elasthan<br \/>\nCare instructions: Machine wash<\/p>\n<p>Color: navy<br \/>\nPattern: Stripes<br \/>\nSize: 40<\/p>\n<p>Shoulder width: 40cm<br \/>\nBrustweite: 101 cm<br \/>\nSleeve length: 64cm<br \/>\nTotal length: 65cm<\/p>","protected":false},"excerpt":{"rendered":"<table class=\"dv_characteristicsTable\">\n<tbody>\n<tr>\n<td class=\"left\">Size<\/td>\n<td>40<\/td>\n<\/tr>\n<tr>\n<td class=\"left\">Gr\u00f6\u00dfentyp<\/td>\n<td>Normalgr\u00f6\u00dfen<\/td>\n<\/tr>\n<tr>\n<td class=\"left\">Material composition<\/td>\n<td>Obermaterial: 85% Polyester, 10% Viskose, 5% Elasthan. Futter: 100% Polyester. B\u00fcndchen: 95% Polyester, 5% Elasthan<\/td>\n<\/tr>\n<tr>\n<td class=\"left\">Materialart<\/td>\n<td>Milano Rib<\/td>\n<\/tr>\n<tr>\n<td class=\"left\">Materialeigenschaften<\/td>\n<td>Stretch, elastisch<\/td>\n<\/tr>\n<tr>\n<td class=\"left\">Care instructions<\/td>\n<td>Machine wash<\/td>\n<\/tr>\n<tr>\n<td class=\"left\">Optik<\/td>\n<td>unifarben<\/td>\n<\/tr>\n<tr>\n<td class=\"left\">Stil<\/td>\n<td>feminin<\/td>\n<\/tr>\n<tr>\n<td class=\"left\">Herstellerfarbbezeichnung<\/td>\n<td>marine<\/td>\n<\/tr>\n<tr>\n<td class=\"left\">Color<\/td>\n<td>marine<\/td>\n<\/tr>\n<tr>\n<td class=\"left\">Kragen<\/td>\n<td>Reverskragen<\/td>\n<\/tr>\n<tr>\n<td class=\"left\">Ausschnitt<\/td>\n<td>V-Ausschnitt<\/td>\n<\/tr>\n<tr>\n<td class=\"left\">\u00c4rmel<\/td>\n<td>Long sleeve<\/td>\n<\/tr>\n<tr>\n<td class=\"left\">\u00c4rmelabschluss<\/td>\n<td>angesetztes B\u00fcndchen<\/td>\n<\/tr>\n<tr>\n<td class=\"left\">Fit<\/td>\n<td>figurbetont<\/td>\n<\/tr>\n<tr>\n<td class=\"left\">Schnittdetails<\/td>\n<td>Teilungsn\u00e4hte<\/td>\n<\/tr>\n<tr>\n<td class=\"left\">Schnittform L\u00e4nge<\/td>\n<td>h\u00fcftlang<\/td>\n<\/tr>\n<tr>\n<td class=\"left\">Kapuze<\/td>\n<td>ohne Kapuze<\/td>\n<\/tr>\n<tr>\n<td class=\"left\">Applikationen<\/td>\n<td>Markenlabel, Kontrastbesatz<\/td>\n<\/tr>\n<tr>\n<td class=\"left\">Bags<\/td>\n<td>aufgesetzte Taschen<\/td>\n<\/tr>\n<tr>\n<td class=\"left\">Verschluss<\/td>\n<td>1-Knopf-Form<\/td>\n<\/tr>\n<tr>\n<td class=\"left\">Verschlussdetails<\/td>\n<td>vorn<\/td>\n<\/tr>\n<tr>\n<td class=\"left\">Besondere Merkmale<\/td>\n<td>mit gestreiftem Kragen und \u00c4rmelbund<\/td>\n<\/tr>\n<\/tbody>\n<\/table>","protected":false},"featured_media":80960,"comment_status":"open","ping_status":"closed","template":"","meta":{"_seopress_robots_primary_cat":"","_seopress_titles_title":"","_seopress_titles_desc":"","_seopress_robots_index":""},"product_brand":[],"product_cat":[1348,1354,1492],"product_tag":[],"class_list":{"0":"post-80852","1":"product","2":"type-product","3":"status-publish","4":"has-post-thumbnail","6":"product_cat-damen-mode","7":"product_cat-jacken-maentel","8":"product_cat-blazer","9":"product_shipping_class-standard-versand","11":"first","12":"instock","13":"sale","14":"taxable","15":"shipping-taxable","16":"purchasable","17":"product-type-simple"},"_links":{"self":[{"href":"https:\/\/www.soanam.de\/en\/wp-json\/wp\/v2\/product\/80852","targetHints":{"allow":["GET"]}}],"collection":[{"href":"https:\/\/www.soanam.de\/en\/wp-json\/wp\/v2\/product"}],"about":[{"href":"https:\/\/www.soanam.de\/en\/wp-json\/wp\/v2\/types\/product"}],"replies":[{"embeddable":true,"href":"https:\/\/www.soanam.de\/en\/wp-json\/wp\/v2\/comments?post=80852"}],"wp:featuredmedia":[{"embeddable":true,"href":"https:\/\/www.soanam.de\/en\/wp-json\/wp\/v2\/media\/80960"}],"wp:attachment":[{"href":"https:\/\/www.soanam.de\/en\/wp-json\/wp\/v2\/media?parent=80852"}],"wp:term":[{"taxonomy":"product_brand","embeddable":true,"href":"https:\/\/www.soanam.de\/en\/wp-json\/wp\/v2\/product_brand?post=80852"},{"taxonomy":"product_cat","embeddable":true,"href":"https:\/\/www.soanam.de\/en\/wp-json\/wp\/v2\/product_cat?post=80852"},{"taxonomy":"product_tag","embeddable":true,"href":"https:\/\/www.soanam.de\/en\/wp-json\/wp\/v2\/product_tag?post=80852"}],"curies":[{"name":"wp","href":"https:\/\/api.w.org\/{rel}","templated":true}]}}