{"id":80697,"date":"2023-12-14T01:36:17","date_gmt":"2023-12-14T00:36:17","guid":{"rendered":"https:\/\/www.soanam.de\/?post_type=product&#038;p=80697"},"modified":"2023-12-14T01:38:50","modified_gmt":"2023-12-14T00:38:50","slug":"farbmax-silver-tip-309-classic-reversible-nozzle-for-lacquers-and-emulsion-paints","status":"publish","type":"product","link":"https:\/\/www.soanam.de\/en\/produkt\/farbmax-silver-tip-309-klassische-wendeduese-fuer-lacke-und-dispersionsfarben\/","title":{"rendered":"FARBMAX Silver Tip 309 - classic reversible nozzle - for lacquers and emulsion paints"},"content":{"rendered":"<div>\n<p>The FARBMAX - Silver Tip nozzle offers the following features:<\/p>\n<ul>\n<li>Classic reversible nozzle<\/li>\n<li>Suitable for processing varnish, emulsion paint, roof coating, spray filler<\/li>\n<li>suitable for guns from the manufacturers FARBMAX, Graco, Wagner, Titan and Storch\/Airlessco<\/li>\n<li>max. working pressure: 250 bar<\/li>\n<\/ul>\n<\/div>\n<div><span style=\"font-size: large;\">The FARBMAX Silver Tip nozzles are made of particularly durable tungsten carbide, a material that is characterized by its hardness and long service life. These properties guarantee a clear spray pattern even after a large number of applications. The FARBMAX Silver Tip nozzles are standard reversible nozzles and, in addition to the FARBMAX Silver Tip nozzle holder, also fit into holders from the manufacturers Wagner (Trade Tip), Graco (RAC V) or Titan (SC).<\/span><\/div>","protected":false},"excerpt":{"rendered":"<p>Die FARBMAX - Silver Tip D\u00fcse bietet folgende Leistungsmerkmale: klassische Wended\u00fcse geeignet zur Verarbeitung von Lack, Dispersionsfarbe, Dachbeschichtung, Spritzspachtel eignet sich f\u00fcr Pistolen der Hersteller FARBMAX, Graco, Wagner, Titan und Storch\/Airlessco max. Arbeitsdruck: 250 bar Die FARBMAX Silver Tip D\u00fcsen sind aus besonders best\u00e4ndigem Wolframcarbid gefertigt, ein Material das sich durch seine H\u00e4rte und hohe [&hellip;]<\/p>\n","protected":false},"featured_media":80815,"comment_status":"open","ping_status":"closed","template":"","meta":{"_seopress_robots_primary_cat":"","_seopress_titles_title":"","_seopress_titles_desc":"","_seopress_robots_index":""},"product_brand":[],"product_cat":[1730],"product_tag":[],"class_list":{"0":"post-80697","1":"product","2":"type-product","3":"status-publish","4":"has-post-thumbnail","6":"product_cat-sonstiges-2","7":"product_shipping_class-standard-versand","9":"first","10":"instock","11":"sale","12":"taxable","13":"shipping-taxable","14":"purchasable","15":"product-type-simple"},"_links":{"self":[{"href":"https:\/\/www.soanam.de\/en\/wp-json\/wp\/v2\/product\/80697","targetHints":{"allow":["GET"]}}],"collection":[{"href":"https:\/\/www.soanam.de\/en\/wp-json\/wp\/v2\/product"}],"about":[{"href":"https:\/\/www.soanam.de\/en\/wp-json\/wp\/v2\/types\/product"}],"replies":[{"embeddable":true,"href":"https:\/\/www.soanam.de\/en\/wp-json\/wp\/v2\/comments?post=80697"}],"wp:featuredmedia":[{"embeddable":true,"href":"https:\/\/www.soanam.de\/en\/wp-json\/wp\/v2\/media\/80815"}],"wp:attachment":[{"href":"https:\/\/www.soanam.de\/en\/wp-json\/wp\/v2\/media?parent=80697"}],"wp:term":[{"taxonomy":"product_brand","embeddable":true,"href":"https:\/\/www.soanam.de\/en\/wp-json\/wp\/v2\/product_brand?post=80697"},{"taxonomy":"product_cat","embeddable":true,"href":"https:\/\/www.soanam.de\/en\/wp-json\/wp\/v2\/product_cat?post=80697"},{"taxonomy":"product_tag","embeddable":true,"href":"https:\/\/www.soanam.de\/en\/wp-json\/wp\/v2\/product_tag?post=80697"}],"curies":[{"name":"wp","href":"https:\/\/api.w.org\/{rel}","templated":true}]}}