{"id":80575,"date":"2023-12-14T01:33:37","date_gmt":"2023-12-14T00:33:37","guid":{"rendered":"https:\/\/www.soanam.de\/?post_type=product&#038;p=80575"},"modified":"2023-12-14T01:36:13","modified_gmt":"2023-12-14T00:36:13","slug":"motu-4pre-6-x-8-kompaktes-audiointerface-with-4-mic-preamps","status":"publish","type":"product","link":"https:\/\/www.soanam.de\/en\/produkt\/motu-4pre-6-x-8-kompaktes-audiointerface-with-4-mic-preamps\/","title":{"rendered":"MOTU 4pre 6 x 8 Kompaktes Audiointerface with 4 mic Preamps"},"content":{"rendered":"<h3>Description<\/h3>\n<p>MOTU 4pre 6x8 Kompaktes Audiointerface ist ein kompaktes digitales Hybrid-Audio-Interface, das sowohl FireWire- als auch USB 2.0-Konnektivit\u00e4t bietet.<\/p>\n<p>Das Interface kann auch als eigenst\u00e4ndiges Mischpult fungieren, ohne dass ein Computer erforderlich ist. \u00dcber die kombinierten Mikrofon-\/Gitarreneing\u00e4nge k\u00f6nnen vier einzelne Mikrofone oder zwei Stereopaare aufgenommen werden.<\/p>\n<p>Die transparenten Vorverst\u00e4rker bieten einzeln schaltbare Phantomspeisung und ein -20dB-Pad, wobei alle Einstellungen auf der Frontplatte oder \u00fcber die mitgelieferte CueMix-Software einstellbar sind. Zwei Gitarrenbuchsen bieten hochohmige Lasteigenschaften, die f\u00fcr passive und aktive Tonabnehmer geeignet sind. Line-Eing\u00e4nge k\u00f6nnen f\u00fcr Keyboards, analoge Mixer, Effektprozessoren oder andere Ger\u00e4te mit unterschiedlichen Referenzpegeln angepasst werden.<\/p>\n<p>Vier analoge Ausg\u00e4nge erm\u00f6glichen den Anschluss aktiver Studiomonitore an die Hauptausg\u00e4nge, w\u00e4hrend separate Line-Ausg\u00e4nge f\u00fcr eine Vielzahl von Zwecken verwendet werden k\u00f6nnen, entweder als Spiegelung der Hauptausg\u00e4nge oder als v\u00f6llig unabh\u00e4ngiges Ausgangspaar. Zwei Kopfh\u00f6reranschl\u00fcsse erleichtern das Arbeiten mit anderen. Digitale Ein-\/Ausg\u00e4nge erleichtern digitale \u00dcbertragungen mit Unterst\u00fctzung f\u00fcr Abtastraten von bis zu 96 kHz.<\/p>\n<p>Digital gesteuerte analoge Trimmung liefert analoge Qualit\u00e4t mit digitaler Pr\u00e4zision mit der M\u00f6glichkeit, Trimmeinstellungen zu speichern und abzurufen. Die digitalen S\/PDIF-Eing\u00e4nge k\u00f6nnen ebenfalls getrimmt werden. Sofortige Lautst\u00e4rkeanpassungen sind immer in Reichweite, sodass das Interface als perfekter kompakter, tragbarer Live-Mixer dient, mit oder ohne Computer.<\/p>\n<p>Die enthaltene CueMix-Software bietet Mischen und Steuern auf dem Bildschirm und kann Seite an Seite mit jeder Host-Audio-Software f\u00fcr Mac oder Windows betrieben werden. Es kann auch \u00fcber die Mackie Control Universal Pro-Arbeitsoberfl\u00e4che oder einen beliebigen HUI-kompatiblen Controller gesteuert werden. Dar\u00fcber hinaus bietet es Talkback- und Listenback-Funktionen sowie eine Reihe von Software-Analysetools.<\/p>\n<p>Das 4pre kann mit einem anderen Pre- oder MOTU-Audio-Interface verkettet werden. Die direkte SMPTE-Timecode-Synchronisierung wird unterst\u00fctzt, ohne dass ein separater Synchronizer erforderlich ist. Die mitgelieferte SMPTE-Konsolensoftware (f\u00fcr Mac OS X und Windows) bietet einen vollst\u00e4ndigen Satz von Tools zum Generieren von SMPTE zum Striping, Regenerieren oder Slaven anderer Ger\u00e4te an den Computer.<\/p>\n<h3>Specification<\/h3>\n<table>\n<tbody>\n<tr>\n<td width=\"138\">Converters<\/td>\n<td width=\"466\">24-bit<\/td>\n<\/tr>\n<tr>\n<td><\/td>\n<td><\/td>\n<\/tr>\n<tr>\n<td>Sample Rates<\/td>\n<td>44.1, 48, 88.2, 96kHz<\/td>\n<\/tr>\n<tr>\n<td><\/td>\n<td><\/td>\n<\/tr>\n<tr>\n<td>Analog In<\/td>\n<td>4 x XLR\/TRS combo<\/td>\n<\/tr>\n<tr>\n<td><\/td>\n<td>2 x 1\/4\" TRS (balanced\/unbalanced)<\/td>\n<\/tr>\n<tr>\n<td><\/td>\n<td>2 x 1\/4\" hi-Z guitar<\/td>\n<\/tr>\n<tr>\n<td><\/td>\n<td><\/td>\n<\/tr>\n<tr>\n<td>Analog Outputs<\/td>\n<td>2 x 1\/4\" balanced TRS main out<\/td>\n<\/tr>\n<tr>\n<td><\/td>\n<td>2 x 1\/4\" balanced TRS line out<\/td>\n<\/tr>\n<tr>\n<td><\/td>\n<td>2 x 1\/4\" TRS headphone<\/td>\n<\/tr>\n<tr>\n<td><\/td>\n<td><\/td>\n<\/tr>\n<tr>\n<td>Digital Input<\/td>\n<td>1 x RCA coaxial S\/PDIF<\/td>\n<\/tr>\n<tr>\n<td><\/td>\n<td><\/td>\n<\/tr>\n<tr>\n<td>Digital Output<\/td>\n<td>1 x RCA coaxial S\/PDIF<\/td>\n<\/tr>\n<tr>\n<td><\/td>\n<td><\/td>\n<\/tr>\n<tr>\n<td>Computer I\/O<\/td>\n<td>1 x FireWire 400 (Type B)<\/td>\n<\/tr>\n<tr>\n<td><\/td>\n<td>1 x USB 2.0<\/td>\n<\/tr>\n<tr>\n<td><\/td>\n<td><\/td>\n<\/tr>\n<tr>\n<td>Sync In\/Out<\/td>\n<td>S\/PDIF<\/td>\n<\/tr>\n<tr>\n<td><\/td>\n<td>SMPTE time code (LTC)<\/td>\n<\/tr>\n<tr>\n<td><\/td>\n<td><\/td>\n<\/tr>\n<tr>\n<td>Headphone Output<\/td>\n<td>2 x 1\/4\" TRS phone with independent volume control<\/td>\n<\/tr>\n<tr>\n<td><\/td>\n<td><\/td>\n<\/tr>\n<tr>\n<td>Phantom Power<\/td>\n<td>Individual +48V<\/td>\n<\/tr>\n<tr>\n<td><\/td>\n<td><\/td>\n<\/tr>\n<tr>\n<td>Front panel<\/td>\n<td>2 x 10-segment ladder LEDs \u2022 main outs<\/td>\n<\/tr>\n<tr>\n<td><\/td>\n<td>4 x 5-segment LEDs \u2022 inputs<\/td>\n<\/tr>\n<tr>\n<td><\/td>\n<td>2 x signal present LEDs \u2022 S\/PDIF I\/O<\/td>\n<\/tr>\n<tr>\n<td><\/td>\n<td>2 x signal present LEDs \u2022 stereo line out<\/td>\n<\/tr>\n<tr>\n<td><\/td>\n<td>4 x LEDs \u2022 48V phantom power<\/td>\n<\/tr>\n<tr>\n<td><\/td>\n<td>4 x LEDs \u2022 -20 dB pad<\/td>\n<\/tr>\n<tr>\n<td><\/td>\n<td>5 x LEDs \u2022 mix\/trim (main, line, S\/PDIF, phone, trim)<\/td>\n<\/tr>\n<tr>\n<td><\/td>\n<td>1 x LED \u2022 Vol\/Pan<\/td>\n<\/tr>\n<tr>\n<td><\/td>\n<td><\/td>\n<\/tr>\n<tr>\n<td>Power Requirements<\/td>\n<td>9-18V DC, 5W, tip + or -<\/td>\n<\/tr>\n<tr>\n<td><\/td>\n<td>FireWire bus power<\/td>\n<\/tr>\n<tr>\n<td><\/td>\n<td>DC power adapter included, required for stand-alone and USB 2.0 operation<\/td>\n<\/tr>\n<\/tbody>\n<\/table>","protected":false},"excerpt":{"rendered":"<p>Item condition: New with label: New, unused and unworn item in its original packaging<\/p>\n<ul>\n<li>MOTU 4Pre Audio Interface Features<\/li>\n<li>6 Input \/ 8 Output<\/li>\n<li>4 Microphone Preamps<\/li>\n<li>8-Bus Digital Mixer<\/li>\n<li>Digital I\/O<\/li>\n<li>Phantom Power<\/li>\n<li>Time Code Support<\/li>\n<li>24-bit\/96kHz<\/li>\n<li>Standalone Operation<\/li>\n<li>Mac OS X<\/li>\n<li>Windows Vista\/7<\/li>\n<\/ul>","protected":false},"featured_media":80686,"comment_status":"open","ping_status":"closed","template":"","meta":{"_seopress_robots_primary_cat":"","_seopress_titles_title":"","_seopress_titles_desc":"","_seopress_robots_index":""},"product_brand":[],"product_cat":[1730],"product_tag":[],"class_list":{"0":"post-80575","1":"product","2":"type-product","3":"status-publish","4":"has-post-thumbnail","6":"product_cat-sonstiges-2","7":"product_shipping_class-standard-versand","9":"first","10":"instock","11":"sale","12":"taxable","13":"shipping-taxable","14":"purchasable","15":"product-type-simple"},"_links":{"self":[{"href":"https:\/\/www.soanam.de\/en\/wp-json\/wp\/v2\/product\/80575","targetHints":{"allow":["GET"]}}],"collection":[{"href":"https:\/\/www.soanam.de\/en\/wp-json\/wp\/v2\/product"}],"about":[{"href":"https:\/\/www.soanam.de\/en\/wp-json\/wp\/v2\/types\/product"}],"replies":[{"embeddable":true,"href":"https:\/\/www.soanam.de\/en\/wp-json\/wp\/v2\/comments?post=80575"}],"wp:featuredmedia":[{"embeddable":true,"href":"https:\/\/www.soanam.de\/en\/wp-json\/wp\/v2\/media\/80686"}],"wp:attachment":[{"href":"https:\/\/www.soanam.de\/en\/wp-json\/wp\/v2\/media?parent=80575"}],"wp:term":[{"taxonomy":"product_brand","embeddable":true,"href":"https:\/\/www.soanam.de\/en\/wp-json\/wp\/v2\/product_brand?post=80575"},{"taxonomy":"product_cat","embeddable":true,"href":"https:\/\/www.soanam.de\/en\/wp-json\/wp\/v2\/product_cat?post=80575"},{"taxonomy":"product_tag","embeddable":true,"href":"https:\/\/www.soanam.de\/en\/wp-json\/wp\/v2\/product_tag?post=80575"}],"curies":[{"name":"wp","href":"https:\/\/api.w.org\/{rel}","templated":true}]}}