{"id":80558,"date":"2023-12-14T01:33:09","date_gmt":"2023-12-14T00:33:09","guid":{"rendered":"https:\/\/www.soanam.de\/?post_type=product&#038;p=80558"},"modified":"2023-12-14T01:35:24","modified_gmt":"2023-12-14T00:35:24","slug":"lascana-kapuzensweatjacke-im-animalprint-in-beige-schwarz-groesse-36-38","status":"publish","type":"product","link":"https:\/\/www.soanam.de\/en\/produkt\/lascana-kapuzensweatjacke-im-animalprint-in-beige-schwarz-groesse-36-38\/","title":{"rendered":"LASCANA hooded sweat jacket in animal print, in beige-black, size 36\/38"},"content":{"rendered":"<p>Bequeme Kapuzensweatjacke von Lascana<br \/>\nSide slit pockets<br \/>\nRippb\u00fcndchen am Bund und \u00c4rmel<br \/>\nMetall Details in Ros\u00e9gold<br \/>\nSoft cotton blend<\/p>\n<p>Ganz weich schmiegt sich die Kapuzensweatjacke von Lascana an deinen K\u00f6rper an.<br \/>\nUm dem Look einen sportlichen Touch zu verleihen, ist die Sweatjacke mit einer Kapuze ausgestattet, die du \u00fcber einen Tunnelzug regulieren kannst.<br \/>\nEingrifftaschen an der Seite und elastische B\u00fcndchen an den \u00c4rmeln und Saum erg\u00e4nzen die Optik.<br \/>\nDer immer aktuelle Animalprint sticht sofort ins Auge.<\/p>\n<p>Material: Obermaterial: 50% Baumwolle, 50% Polyester. Kapuzenfutter: 100% Baumwolle<br \/>\nCare instructions: Machine wash<\/p>\n<p>Farbe: beige-schwarz<br \/>\nPattern: leo<br \/>\nSize: 36\/38<\/p>\n<p>Shoulder width: 54cm<br \/>\nChest width: 103cm<br \/>\nSleeve length: 67cm<br \/>\nTotal length: 63cm<\/p>","protected":false},"excerpt":{"rendered":"<table class=\"dv_characteristicsTable\">\n<tbody>\n<tr>\n<td class=\"left\">Size<\/td>\n<td>36\/38<\/td>\n<\/tr>\n<tr>\n<td class=\"left\">Gr\u00f6\u00dfentyp<\/td>\n<td>Normalgr\u00f6\u00dfen<\/td>\n<\/tr>\n<tr>\n<td class=\"left\">Material composition<\/td>\n<td>Obermaterial: 50% Baumwolle, 50% Polyester. Kapuzenfutter: 100% Baumwolle<\/td>\n<\/tr>\n<tr>\n<td class=\"left\">Care instructions<\/td>\n<td>Machine wash<\/td>\n<\/tr>\n<tr>\n<td class=\"left\">Optik<\/td>\n<td>gemustert, bedruckt<\/td>\n<\/tr>\n<tr>\n<td class=\"left\">Stil<\/td>\n<td>casual<\/td>\n<\/tr>\n<tr>\n<td class=\"left\">Color<\/td>\n<td>beige-schwarz<\/td>\n<\/tr>\n<tr>\n<td class=\"left\">\u00c4rmel<\/td>\n<td>Long sleeve<\/td>\n<\/tr>\n<tr>\n<td class=\"left\">\u00c4rmelabschluss<\/td>\n<td>B\u00fcndchen<\/td>\n<\/tr>\n<tr>\n<td class=\"left\">Rumpfabschluss<\/td>\n<td>B\u00fcndchen<\/td>\n<\/tr>\n<tr>\n<td class=\"left\">Fit<\/td>\n<td>bequem<\/td>\n<\/tr>\n<tr>\n<td class=\"left\">Schnittform L\u00e4nge<\/td>\n<td>h\u00fcftlang<\/td>\n<\/tr>\n<tr>\n<td class=\"left\">Kapuze<\/td>\n<td>mit Kapuze<\/td>\n<\/tr>\n<tr>\n<td class=\"left\">Kapuzendetails<\/td>\n<td>mit Kordelzug<\/td>\n<\/tr>\n<tr>\n<td class=\"left\">Kapuzenf\u00fctterung<\/td>\n<td>Sweatware<\/td>\n<\/tr>\n<tr>\n<td class=\"left\">Applikationen<\/td>\n<td>Bindeb\u00e4nder, Tunnelzug<\/td>\n<\/tr>\n<tr>\n<td class=\"left\">Bags<\/td>\n<td>Pockets<\/td>\n<\/tr>\n<tr>\n<td class=\"left\">Verschluss<\/td>\n<td>Metallrei\u00dfverschluss, Band<\/td>\n<\/tr>\n<tr>\n<td class=\"left\">Verschlussdetails<\/td>\n<td>durchgehend, vorn, zum Binden<\/td>\n<\/tr>\n<tr>\n<td class=\"left\">Besondere Merkmale<\/td>\n<td>mit Rei\u00dfverschluss und Taschen<\/td>\n<\/tr>\n<\/tbody>\n<\/table>","protected":false},"featured_media":80659,"comment_status":"open","ping_status":"closed","template":"","meta":{"_seopress_robots_primary_cat":"","_seopress_titles_title":"","_seopress_titles_desc":"","_seopress_robots_index":""},"product_brand":[],"product_cat":[1348,1354,1402,1585,1599],"product_tag":[],"class_list":{"0":"post-80558","1":"product","2":"type-product","3":"status-publish","4":"has-post-thumbnail","6":"product_cat-damen-mode","7":"product_cat-jacken-maentel","8":"product_cat-sportbekleidung-damen-mode","9":"product_cat-jacken-sportbekleidung-damen-mode","10":"product_cat-shirtjacken","11":"product_shipping_class-standard-versand","13":"first","14":"instock","15":"taxable","16":"shipping-taxable","17":"purchasable","18":"product-type-simple"},"_links":{"self":[{"href":"https:\/\/www.soanam.de\/en\/wp-json\/wp\/v2\/product\/80558","targetHints":{"allow":["GET"]}}],"collection":[{"href":"https:\/\/www.soanam.de\/en\/wp-json\/wp\/v2\/product"}],"about":[{"href":"https:\/\/www.soanam.de\/en\/wp-json\/wp\/v2\/types\/product"}],"replies":[{"embeddable":true,"href":"https:\/\/www.soanam.de\/en\/wp-json\/wp\/v2\/comments?post=80558"}],"wp:featuredmedia":[{"embeddable":true,"href":"https:\/\/www.soanam.de\/en\/wp-json\/wp\/v2\/media\/80659"}],"wp:attachment":[{"href":"https:\/\/www.soanam.de\/en\/wp-json\/wp\/v2\/media?parent=80558"}],"wp:term":[{"taxonomy":"product_brand","embeddable":true,"href":"https:\/\/www.soanam.de\/en\/wp-json\/wp\/v2\/product_brand?post=80558"},{"taxonomy":"product_cat","embeddable":true,"href":"https:\/\/www.soanam.de\/en\/wp-json\/wp\/v2\/product_cat?post=80558"},{"taxonomy":"product_tag","embeddable":true,"href":"https:\/\/www.soanam.de\/en\/wp-json\/wp\/v2\/product_tag?post=80558"}],"curies":[{"name":"wp","href":"https:\/\/api.w.org\/{rel}","templated":true}]}}