{"id":80555,"date":"2023-12-14T01:33:08","date_gmt":"2023-12-14T00:33:08","guid":{"rendered":"https:\/\/www.soanam.de\/?post_type=product&#038;p=80555"},"modified":"2023-12-14T01:35:08","modified_gmt":"2023-12-14T00:35:08","slug":"lascana-cargojacke-mit-krempelaermeln-in-khaki-groesse-36","status":"publish","type":"product","link":"https:\/\/www.soanam.de\/en\/produkt\/lascana-cargojacke-mit-krempelaermeln-in-khaki-groesse-36\/","title":{"rendered":"LASCANA Cargojacke mit Krempel\u00e4rmeln, in Khaki, Gr\u00f6\u00dfe 36"},"content":{"rendered":"<p>Cargojacke mit Krempel\u00e4rmeln von Lascana<br \/>\nOffene, verschlusslose Form<br \/>\nLeichte Zipfelform<br \/>\nTunnelzug auf Taillenh\u00f6he<br \/>\nFigure-hugging fit<br \/>\nGewebte Ware mit Viskose<\/p>\n<p>Die Jacke von Lascana ist eine gelungene Mischung aus Blazer und Cargojacke.<br \/>\nVorn f\u00e4llt der Kragen durch die offene, verschlusslose Form l\u00e4ssig herab und passt sich der leichten Zipfelform an.<br \/>\nDas unterst\u00fctzt die figurumspielende Passform, mit der die eine oder andere Problemzone wundervoll charmant kaschiert wird.<br \/>\nUnd sollte dir der Sinn nach mehr Taille stehen, kannst du das \u00fcber den Tunnelzug regulieren.<\/p>\n<p>Material: 92% Viskose, 8% Polyester<br \/>\nCare instructions: Machine wash<\/p>\n<p>Color: khaki<br \/>\nPattern: without<br \/>\nSize: 36<\/p>\n<p>Schulterbreite: 99cm<br \/>\nChest width: 102cm<br \/>\nSleeve length: 61cm<br \/>\nTotal length: 69cm<\/p>","protected":false},"excerpt":{"rendered":"<table class=\"dv_characteristicsTable\">\n<tbody>\n<tr>\n<td class=\"left\">Size<\/td>\n<td>36<\/td>\n<\/tr>\n<tr>\n<td class=\"left\">Gr\u00f6\u00dfentyp<\/td>\n<td>Normalgr\u00f6\u00dfen<\/td>\n<\/tr>\n<tr>\n<td class=\"left\">Material composition<\/td>\n<td>Obermaterial: 92% Viskose, 8% Polyester<\/td>\n<\/tr>\n<tr>\n<td class=\"left\">Materialart<\/td>\n<td>Web<\/td>\n<\/tr>\n<tr>\n<td class=\"left\">Care instructions<\/td>\n<td>Machine wash<\/td>\n<\/tr>\n<tr>\n<td class=\"left\">Optik<\/td>\n<td>unifarben<\/td>\n<\/tr>\n<tr>\n<td class=\"left\">Stil<\/td>\n<td>modisch<\/td>\n<\/tr>\n<tr>\n<td class=\"left\">Color<\/td>\n<td>khaki<\/td>\n<\/tr>\n<tr>\n<td class=\"left\">\u00c4rmel<\/td>\n<td>Long sleeve<\/td>\n<\/tr>\n<tr>\n<td class=\"left\">\u00c4rmeldetails<\/td>\n<td>mit Riegel<\/td>\n<\/tr>\n<tr>\n<td class=\"left\">Rumpfabschluss<\/td>\n<td>Zipfelsaum<\/td>\n<\/tr>\n<tr>\n<td class=\"left\">Fit<\/td>\n<td>figurumspielend<\/td>\n<\/tr>\n<tr>\n<td class=\"left\">Schnittform L\u00e4nge<\/td>\n<td>h\u00fcftbedeckend<\/td>\n<\/tr>\n<tr>\n<td class=\"left\">Applikationen<\/td>\n<td>Tunnelzug<\/td>\n<\/tr>\n<tr>\n<td class=\"left\">Verschluss<\/td>\n<td>ohne Verschluss<\/td>\n<\/tr>\n<tr>\n<td class=\"left\">Besondere Merkmale<\/td>\n<td>mit langen \u00c4rmeln zum Krempeln<\/td>\n<\/tr>\n<\/tbody>\n<\/table>","protected":false},"featured_media":80645,"comment_status":"open","ping_status":"closed","template":"","meta":{"_seopress_robots_primary_cat":"","_seopress_titles_title":"","_seopress_titles_desc":"","_seopress_robots_index":""},"product_brand":[],"product_cat":[1348,1354,1492],"product_tag":[],"class_list":{"0":"post-80555","1":"product","2":"type-product","3":"status-publish","4":"has-post-thumbnail","6":"product_cat-damen-mode","7":"product_cat-jacken-maentel","8":"product_cat-blazer","9":"product_shipping_class-standard-versand","11":"first","12":"instock","13":"taxable","14":"shipping-taxable","15":"purchasable","16":"product-type-simple"},"_links":{"self":[{"href":"https:\/\/www.soanam.de\/en\/wp-json\/wp\/v2\/product\/80555","targetHints":{"allow":["GET"]}}],"collection":[{"href":"https:\/\/www.soanam.de\/en\/wp-json\/wp\/v2\/product"}],"about":[{"href":"https:\/\/www.soanam.de\/en\/wp-json\/wp\/v2\/types\/product"}],"replies":[{"embeddable":true,"href":"https:\/\/www.soanam.de\/en\/wp-json\/wp\/v2\/comments?post=80555"}],"wp:featuredmedia":[{"embeddable":true,"href":"https:\/\/www.soanam.de\/en\/wp-json\/wp\/v2\/media\/80645"}],"wp:attachment":[{"href":"https:\/\/www.soanam.de\/en\/wp-json\/wp\/v2\/media?parent=80555"}],"wp:term":[{"taxonomy":"product_brand","embeddable":true,"href":"https:\/\/www.soanam.de\/en\/wp-json\/wp\/v2\/product_brand?post=80555"},{"taxonomy":"product_cat","embeddable":true,"href":"https:\/\/www.soanam.de\/en\/wp-json\/wp\/v2\/product_cat?post=80555"},{"taxonomy":"product_tag","embeddable":true,"href":"https:\/\/www.soanam.de\/en\/wp-json\/wp\/v2\/product_tag?post=80555"}],"curies":[{"name":"wp","href":"https:\/\/api.w.org\/{rel}","templated":true}]}}