{"id":80495,"date":"2023-12-14T01:31:54","date_gmt":"2023-12-14T00:31:54","guid":{"rendered":"https:\/\/www.soanam.de\/?post_type=product&#038;p=80495"},"modified":"2024-01-12T16:57:14","modified_gmt":"2024-01-12T15:57:14","slug":"nike-sportswear-club-sweat-jacket-in-black-size-xl","status":"publish","type":"product","link":"https:\/\/www.soanam.de\/en\/produkt\/nike-sportswear-club-sweatjacke-in-schwarz-groesse-xl\/","title":{"rendered":"Nike SPORTSWEAR CLUB Sweatjacke, in Schwarz, Gr\u00f6\u00dfe XL"},"content":{"rendered":"<p>Sweatjacke von Nike Sportswear<br \/>\nFull-length zipper<br \/>\nScuba-Kapuze mit Kordelzug<br \/>\nPockets<br \/>\nLogostickerei<br \/>\nMit B\u00fcndchen<\/p>\n<p>Der Nike Sportswear Club Hoodie hat einen klassischen Look mit einem simplen Street-Style. Er besteht aus weichem French-Terry-Material und sorgt f\u00fcr Schutz f\u00fcr ganzt\u00e4gigen Tragekomfort.<br \/>\nDas French-Terry-Material ist weich, leicht und bequem.<br \/>\nEine Scuba-Kapuze mit Kordelzug bietet zus\u00e4tzlichen Schutz bei Wind und Wetter.<\/p>\n<p>Material: 80% cotton, 20% polyester<br \/>\nCare instructions: Machine wash<\/p>\n<p>Color: black<br \/>\nPattern: Logo embroidery<br \/>\nSize: XL<\/p>\n<p>Shoulder width: 53cm<br \/>\nBrustweite: 138cm<br \/>\nSleeve length: 67cm<br \/>\nTotal length: 75cm<\/p>","protected":false},"excerpt":{"rendered":"<table class=\"dv_characteristicsTable\">\n<tbody>\n<tr>\n<td class=\"left\">Size<\/td>\n<td>XL<\/td>\n<\/tr>\n<tr>\n<td class=\"left\">Gr\u00f6\u00dfentyp<\/td>\n<td>Normalgr\u00f6\u00dfen<\/td>\n<\/tr>\n<tr>\n<td class=\"left\">Material composition<\/td>\n<td>Obermaterial: 80% Baumwolle, 20% Polyester<\/td>\n<\/tr>\n<tr>\n<td class=\"left\">Care instructions<\/td>\n<td>Machine wash<\/td>\n<\/tr>\n<tr>\n<td class=\"left\">Stil<\/td>\n<td>sportlich<\/td>\n<\/tr>\n<tr>\n<td class=\"left\">Color<\/td>\n<td>schwarz<\/td>\n<\/tr>\n<tr>\n<td class=\"left\">\u00c4rmel<\/td>\n<td>Long sleeve<\/td>\n<\/tr>\n<tr>\n<td class=\"left\">\u00c4rmelabschluss<\/td>\n<td>B\u00fcndchen<\/td>\n<\/tr>\n<tr>\n<td class=\"left\">Rumpfabschluss<\/td>\n<td>B\u00fcndchen<\/td>\n<\/tr>\n<tr>\n<td class=\"left\">Kapuze<\/td>\n<td>mit Kapuze<\/td>\n<\/tr>\n<tr>\n<td class=\"left\">Applikationen<\/td>\n<td>Logostickerei<\/td>\n<\/tr>\n<tr>\n<td class=\"left\">Bags<\/td>\n<td>Pockets<\/td>\n<\/tr>\n<\/tbody>\n<\/table>","protected":false},"featured_media":80596,"comment_status":"open","ping_status":"closed","template":"","meta":{"_seopress_robots_primary_cat":"","_seopress_titles_title":"","_seopress_titles_desc":"","_seopress_robots_index":""},"product_brand":[],"product_cat":[1345,1365,1371],"product_tag":[],"class_list":{"0":"post-80495","1":"product","2":"type-product","3":"status-publish","4":"has-post-thumbnail","6":"product_cat-herrenmode","7":"product_cat-sportbekleidung","8":"product_cat-jacken","9":"product_shipping_class-standard-versand","11":"first","12":"outofstock","13":"sale","14":"taxable","15":"shipping-taxable","16":"purchasable","17":"product-type-simple"},"_links":{"self":[{"href":"https:\/\/www.soanam.de\/en\/wp-json\/wp\/v2\/product\/80495","targetHints":{"allow":["GET"]}}],"collection":[{"href":"https:\/\/www.soanam.de\/en\/wp-json\/wp\/v2\/product"}],"about":[{"href":"https:\/\/www.soanam.de\/en\/wp-json\/wp\/v2\/types\/product"}],"replies":[{"embeddable":true,"href":"https:\/\/www.soanam.de\/en\/wp-json\/wp\/v2\/comments?post=80495"}],"wp:featuredmedia":[{"embeddable":true,"href":"https:\/\/www.soanam.de\/en\/wp-json\/wp\/v2\/media\/80596"}],"wp:attachment":[{"href":"https:\/\/www.soanam.de\/en\/wp-json\/wp\/v2\/media?parent=80495"}],"wp:term":[{"taxonomy":"product_brand","embeddable":true,"href":"https:\/\/www.soanam.de\/en\/wp-json\/wp\/v2\/product_brand?post=80495"},{"taxonomy":"product_cat","embeddable":true,"href":"https:\/\/www.soanam.de\/en\/wp-json\/wp\/v2\/product_cat?post=80495"},{"taxonomy":"product_tag","embeddable":true,"href":"https:\/\/www.soanam.de\/en\/wp-json\/wp\/v2\/product_tag?post=80495"}],"curies":[{"name":"wp","href":"https:\/\/api.w.org\/{rel}","templated":true}]}}