{"id":80470,"date":"2023-12-14T01:31:28","date_gmt":"2023-12-14T00:31:28","guid":{"rendered":"https:\/\/www.soanam.de\/?post_type=product&#038;p=80470"},"modified":"2023-12-14T01:33:26","modified_gmt":"2023-12-14T00:33:26","slug":"flensted-mobiles-mobile-bauhaus","status":"publish","type":"product","link":"https:\/\/www.soanam.de\/en\/produkt\/flensted-mobiles-mobile-bauhaus\/","title":{"rendered":"Flensted Mobile Bauhaus"},"content":{"rendered":"<h3>Description<\/h3>\n<p>Dieses Mobile wurde f\u00fcr das Bauhaus-Museum in Weimar entworfen und wird in dessen Formen und Farben hergestellt.<\/p>\n<p>Mobiles an sich haben in den L\u00e4ndern des hohen Nordens eine gro\u00dfe Tradition. Aber der Kult um diese sch\u00f6nen Windspiele entstand erst durch die tollen Kreationen von Christian Flensted und seiner Frau Grethe. Die beiden entwarfen seit 1954 wunderbare Mobiles mit viel Liebe zum Detail. Der erste Entwurf war ein Storchen-Mobile und war von Anfang an ein gro\u00dfer Erfolg. Die Mobiles aus D\u00e4nemark werden im Familienbetrieb in dritter Generation gefertigt. Nicht nur das Design, auch die Fertigung dieser kleinen Kostbarkeiten erfolgt bis heute in D\u00e4nemark. Bis zu 60 Personen fertigen in Heimarbeit die Mobiles mit viel Liebe und Pr\u00e4zision.<\/p>\n<p>Item condition: New with label: New, unused and unworn item in its original packaging<\/p>","protected":false},"excerpt":{"rendered":"<p>Artikelmerkmale<\/p>\n<table style=\"height: 185px;\" border=\"0\" width=\"375\" frame=\"VOID\" rules=\"NONE\" cellspacing=\"0\">\n<colgroup>\n<col width=\"183\" \/>\n<col width=\"127\" \/><\/colgroup>\n<tbody>\n<tr>\n<td align=\"LEFT\" width=\"183\" height=\"17\">Design:<\/td>\n<td align=\"LEFT\" width=\"127\">Ole Flensted<\/td>\n<\/tr>\n<tr>\n<td align=\"LEFT\" height=\"17\">Material:<\/td>\n<td align=\"LEFT\">Polypropylen, Holz<\/td>\n<\/tr>\n<tr>\n<td align=\"LEFT\" height=\"17\">Ma\u00dfe (BxH):<\/td>\n<td align=\"LEFT\">35 x 62 cm<\/td>\n<\/tr>\n<tr>\n<td align=\"LEFT\" height=\"17\">Hersteller:<\/td>\n<td align=\"LEFT\">Flensted Mobiles<\/td>\n<\/tr>\n<tr>\n<td align=\"LEFT\" height=\"17\">EAN :<\/td>\n<td align=\"LEFT\">5706602042817<\/td>\n<\/tr>\n<tr>\n<td align=\"LEFT\" height=\"17\">Herstellernummer :<\/td>\n<td align=\"LEFT\">428<\/td>\n<\/tr>\n<\/tbody>\n<\/table>","protected":false},"featured_media":80570,"comment_status":"open","ping_status":"closed","template":"","meta":{"_seopress_robots_primary_cat":"","_seopress_titles_title":"","_seopress_titles_desc":"","_seopress_robots_index":""},"product_brand":[],"product_cat":[1400,1420],"product_tag":[],"class_list":{"0":"post-80470","1":"product","2":"type-product","3":"status-publish","4":"has-post-thumbnail","6":"product_cat-wohnzubehoer","7":"product_cat-wohndekoration","8":"product_shipping_class-standard-versand","10":"first","11":"instock","12":"sale","13":"taxable","14":"shipping-taxable","15":"purchasable","16":"product-type-simple"},"_links":{"self":[{"href":"https:\/\/www.soanam.de\/en\/wp-json\/wp\/v2\/product\/80470","targetHints":{"allow":["GET"]}}],"collection":[{"href":"https:\/\/www.soanam.de\/en\/wp-json\/wp\/v2\/product"}],"about":[{"href":"https:\/\/www.soanam.de\/en\/wp-json\/wp\/v2\/types\/product"}],"replies":[{"embeddable":true,"href":"https:\/\/www.soanam.de\/en\/wp-json\/wp\/v2\/comments?post=80470"}],"wp:featuredmedia":[{"embeddable":true,"href":"https:\/\/www.soanam.de\/en\/wp-json\/wp\/v2\/media\/80570"}],"wp:attachment":[{"href":"https:\/\/www.soanam.de\/en\/wp-json\/wp\/v2\/media?parent=80470"}],"wp:term":[{"taxonomy":"product_brand","embeddable":true,"href":"https:\/\/www.soanam.de\/en\/wp-json\/wp\/v2\/product_brand?post=80470"},{"taxonomy":"product_cat","embeddable":true,"href":"https:\/\/www.soanam.de\/en\/wp-json\/wp\/v2\/product_cat?post=80470"},{"taxonomy":"product_tag","embeddable":true,"href":"https:\/\/www.soanam.de\/en\/wp-json\/wp\/v2\/product_tag?post=80470"}],"curies":[{"name":"wp","href":"https:\/\/api.w.org\/{rel}","templated":true}]}}