{"id":80469,"date":"2023-12-14T01:31:27","date_gmt":"2023-12-14T00:31:27","guid":{"rendered":"https:\/\/www.soanam.de\/?post_type=product&#038;p=80469"},"modified":"2023-12-14T01:33:24","modified_gmt":"2023-12-14T00:33:24","slug":"olephants-plexi-hanging-mobile-24-inches-plastic","status":"publish","type":"product","link":"https:\/\/www.soanam.de\/en\/produkt\/olephants-plexi-hanging-mobile-24-inches-plastic\/","title":{"rendered":"Olephants, plexi Hanging Mobile - 24 Inches Plastic"},"content":{"rendered":"<h2><strong>Flensted Mobiles - Olephants mit Geschenkbox, plexi<\/strong><\/h2>\n<p>Diese Olephant-Variante ist aus transluzentem Acryl gelasert und daher teurer als die Pappmodelle. Durch das Material sehr interessant anzusehen, und die Oberfl\u00e4chen werfen Sonnenflecken auf den Boden.<\/p>\n<p><strong>Entworfen von Ole Flensted<\/strong><br \/>\nEs ist immer gut, Tr\u00e4ume zu haben und selbst ein Trugbild k\u00f6nnte wahr werden, wenn Sie nicht aufgeben, Ihren Traum zu verfolgen. Lassen Sie sich vom Mobile daran erinnern, im Gleichgewicht zu bleiben und sich weiter zu bewegen, um Ihre Tr\u00e4ume zu verwirklichen - egal, was sie sind und wie gro\u00df sie sein m\u00f6gen. Zus\u00e4tzliche Funktion: Sie k\u00f6nnen einen der Fl\u00fcgel durch einen blauen Fl\u00fcgel ersetzen, den wir f\u00fcr Sie hinzugef\u00fcgt haben.<\/p>\n<p><strong>Farben und Formen ver\u00e4ndern und beschleunigen<\/strong><br \/>\nDie bei Flensted Mobiles lieben es, Ihrem Alltag ein positives Gef\u00fchl zu verleihen, wenn Sie Ihre Materialien, die oft nicht mehr als einen Millimeter dick sind, mit einer guten Idee verbinden - und alle Traditionen mit Qualit\u00e4t und Kreativit\u00e4t erg\u00e4nzen. Das Ergebnis sind Farben und Formen, die sich \u00e4hnlich wie Mutter Erde auf ihrer Umlaufbahn um die Sonne bewegen.<\/p>\n<p>Dies bedeutet, dass sich die Elemente eines Mobiles tats\u00e4chlich mit einer Geschwindigkeit von 107.136 km\/h und 29,76 km\/s bewegen. Nicht schlecht f\u00fcr ein paar Fadenl\u00e4ngen, ein wenig Metall und ein paar St\u00fccke farbigen Materials.<\/p>\n<p><strong>Finden Sie Gelassenheit, leben Sie im Jetzt<\/strong><br \/>\nDie Welt um dich herum ist in st\u00e4ndiger Bewegung. Vielleicht brauchen Sie Ruhe, um Ihre Gedanken zu sammeln. Inspiration finden. Entspannen Sie Sich. Denke neue Gedanken. Mehr denken. Oder vielleicht sogar gelegentlich weniger denken.<\/p>\n<p>Ein Mobile von Flensted bietet Ihnen all dies auf einen Schlag: Gelassenheit, belebende Gedanken und eine neue Inspiration, um im Jetzt zu leben. Lassen Sie Flensted-Mobiles Ihre Welt aufhellen und versch\u00f6nern - und lassen Sie sich durch ihren eleganten, verspielten Tanz mit der Luft von Vitalit\u00e4t, Inspiration und Gelassenheit inspirieren.<\/p>","protected":false},"excerpt":{"rendered":"<table style=\"height: 158px;\" border=\"0\" width=\"256\" frame=\"VOID\" rules=\"NONE\" cellspacing=\"0\">\n<colgroup>\n<col width=\"86\" \/>\n<col width=\"127\" \/><\/colgroup>\n<tbody>\n<tr>\n<td align=\"LEFT\" width=\"86\" height=\"17\">EAN<\/td>\n<td align=\"LEFT\" width=\"127\">5706602014999<\/td>\n<\/tr>\n<tr>\n<td align=\"LEFT\" height=\"17\">Brand<\/td>\n<td align=\"LEFT\">Flensted Mobiles<\/td>\n<\/tr>\n<tr>\n<td align=\"LEFT\" height=\"17\">Dimensions<\/td>\n<td align=\"LEFT\">47 x 35 cm<\/td>\n<\/tr>\n<tr>\n<td align=\"LEFT\" height=\"17\">Material<\/td>\n<td align=\"LEFT\">Acrylic<\/td>\n<\/tr>\n<tr>\n<td align=\"LEFT\" height=\"17\">Design<\/td>\n<td align=\"LEFT\">Ole Flensted, 2009<\/td>\n<\/tr>\n<\/tbody>\n<\/table>","protected":false},"featured_media":80569,"comment_status":"open","ping_status":"closed","template":"","meta":{"_seopress_robots_primary_cat":"","_seopress_titles_title":"","_seopress_titles_desc":"","_seopress_robots_index":""},"product_brand":[],"product_cat":[1400,1420],"product_tag":[],"class_list":{"0":"post-80469","1":"product","2":"type-product","3":"status-publish","4":"has-post-thumbnail","6":"product_cat-wohnzubehoer","7":"product_cat-wohndekoration","8":"product_shipping_class-standard-versand","10":"first","11":"instock","12":"sale","13":"taxable","14":"shipping-taxable","15":"purchasable","16":"product-type-simple"},"_links":{"self":[{"href":"https:\/\/www.soanam.de\/en\/wp-json\/wp\/v2\/product\/80469","targetHints":{"allow":["GET"]}}],"collection":[{"href":"https:\/\/www.soanam.de\/en\/wp-json\/wp\/v2\/product"}],"about":[{"href":"https:\/\/www.soanam.de\/en\/wp-json\/wp\/v2\/types\/product"}],"replies":[{"embeddable":true,"href":"https:\/\/www.soanam.de\/en\/wp-json\/wp\/v2\/comments?post=80469"}],"wp:featuredmedia":[{"embeddable":true,"href":"https:\/\/www.soanam.de\/en\/wp-json\/wp\/v2\/media\/80569"}],"wp:attachment":[{"href":"https:\/\/www.soanam.de\/en\/wp-json\/wp\/v2\/media?parent=80469"}],"wp:term":[{"taxonomy":"product_brand","embeddable":true,"href":"https:\/\/www.soanam.de\/en\/wp-json\/wp\/v2\/product_brand?post=80469"},{"taxonomy":"product_cat","embeddable":true,"href":"https:\/\/www.soanam.de\/en\/wp-json\/wp\/v2\/product_cat?post=80469"},{"taxonomy":"product_tag","embeddable":true,"href":"https:\/\/www.soanam.de\/en\/wp-json\/wp\/v2\/product_tag?post=80469"}],"curies":[{"name":"wp","href":"https:\/\/api.w.org\/{rel}","templated":true}]}}