{"id":80397,"date":"2023-12-14T01:29:53","date_gmt":"2023-12-14T00:29:53","guid":{"rendered":"https:\/\/www.soanam.de\/?post_type=product&#038;p=80397"},"modified":"2023-12-14T01:32:02","modified_gmt":"2023-12-14T00:32:02","slug":"superdry-womens-rw-classic-applique-hooded-sweatshirt-in-grau-meliert-groesse-42","status":"publish","type":"product","link":"https:\/\/www.soanam.de\/en\/produkt\/superdry-womens-rw-classic-applique-hooded-sweatshirt-in-grau-meliert-groesse-42\/","title":{"rendered":"Superdry Women's Rw Classic Applique Hooded Sweatshirt , in Grau Meliert, Gr\u00f6\u00dfe 42"},"content":{"rendered":"<p>Kapuzen-Sweatshirt von Superdry<br \/>\nW-Knit Sweat\/Kapuze aus Baumwolle<br \/>\nLogostickerei<br \/>\nKangaroo pocket<br \/>\nB\u00fcndchen-\/Rippstrick-Kragen<br \/>\nSweatstoff, innen angeraut<\/p>\n<p>Das Kapuzen-Sweatshirt von Superdry ist ein Basic zum Wohlf\u00fchlen.<br \/>\nMit der gro\u00dfen Schriftzugstickerei vorn ist der klassische Hoodie ein echter Blickfang.<br \/>\nDank der gerippten B\u00fcndchen sitzt der legere Schnitt superbequem und auch das Sweatmaterial kann mit einem angenehmen Tragegef\u00fchl total \u00fcberzeugen.<\/p>\n<p>Material: 58% Baumwolle, 42% Polyester<br \/>\nCare instructions: Machine wash<\/p>\n<p>Color: grey-mottled<br \/>\nPattern: Logo embroidery<br \/>\nSize: 42<\/p>\n<p>Shoulder width: 43cm<br \/>\nChest width: 111cm<br \/>\nSleeve length: 62cm<br \/>\nTotal length: 63cm<\/p>","protected":false},"excerpt":{"rendered":"<table class=\"dv_characteristicsTable\">\n<tbody>\n<tr>\n<td class=\"left\">Size<\/td>\n<td>42<\/td>\n<\/tr>\n<tr>\n<td class=\"left\">Gr\u00f6\u00dfentyp<\/td>\n<td>Normalgr\u00f6\u00dfen<\/td>\n<\/tr>\n<tr>\n<td class=\"left\">Material composition<\/td>\n<td>Obermaterial: 58% Baumwolle , 42% Polyester<\/td>\n<\/tr>\n<tr>\n<td class=\"left\">Materialart<\/td>\n<td>angeraute Sweatware<\/td>\n<\/tr>\n<tr>\n<td class=\"left\">Care instructions<\/td>\n<td>Machine wash<\/td>\n<\/tr>\n<tr>\n<td class=\"left\">Optik<\/td>\n<td>bestickt, meliert<\/td>\n<\/tr>\n<tr>\n<td class=\"left\">Color<\/td>\n<td>grau-meliert<\/td>\n<\/tr>\n<tr>\n<td class=\"left\">Kapuze<\/td>\n<td>mit Kapuze<\/td>\n<\/tr>\n<tr>\n<td class=\"left\">Kapuzenf\u00fctterung<\/td>\n<td>Sweatware<\/td>\n<\/tr>\n<tr>\n<td class=\"left\">Applikationen<\/td>\n<td>Stickerei<\/td>\n<\/tr>\n<tr>\n<td class=\"left\">Bags<\/td>\n<td>Kangaroo pocket<\/td>\n<\/tr>\n<tr>\n<td class=\"left\">Besondere Merkmale<\/td>\n<td>keine<\/td>\n<\/tr>\n<tr>\n<td class=\"left\">\u00c4rmel<\/td>\n<td>Long sleeve<\/td>\n<\/tr>\n<tr>\n<td class=\"left\">\u00c4rmelabschluss<\/td>\n<td>B\u00fcndchen<\/td>\n<\/tr>\n<tr>\n<td class=\"left\">Rumpfabschluss<\/td>\n<td>B\u00fcndchen<\/td>\n<\/tr>\n<tr>\n<td class=\"left\">Fit<\/td>\n<td>Basic<\/td>\n<\/tr>\n<tr>\n<td class=\"left\">Schnittform L\u00e4nge<\/td>\n<td>h\u00fcftlang<\/td>\n<\/tr>\n<\/tbody>\n<\/table>","protected":false},"featured_media":80499,"comment_status":"open","ping_status":"closed","template":"","meta":{"_seopress_robots_primary_cat":"","_seopress_titles_title":"","_seopress_titles_desc":"","_seopress_robots_index":""},"product_brand":[],"product_cat":[1351,1487,1595],"product_tag":[],"class_list":{"0":"post-80397","1":"product","2":"type-product","3":"status-publish","4":"has-post-thumbnail","6":"product_cat-kindermode","7":"product_cat-pullover-sweater-kindermode","8":"product_cat-hoodies-pullover-sweater-kindermode","9":"product_shipping_class-standard-versand","11":"first","12":"instock","13":"taxable","14":"shipping-taxable","15":"purchasable","16":"product-type-simple"},"_links":{"self":[{"href":"https:\/\/www.soanam.de\/en\/wp-json\/wp\/v2\/product\/80397","targetHints":{"allow":["GET"]}}],"collection":[{"href":"https:\/\/www.soanam.de\/en\/wp-json\/wp\/v2\/product"}],"about":[{"href":"https:\/\/www.soanam.de\/en\/wp-json\/wp\/v2\/types\/product"}],"replies":[{"embeddable":true,"href":"https:\/\/www.soanam.de\/en\/wp-json\/wp\/v2\/comments?post=80397"}],"wp:featuredmedia":[{"embeddable":true,"href":"https:\/\/www.soanam.de\/en\/wp-json\/wp\/v2\/media\/80499"}],"wp:attachment":[{"href":"https:\/\/www.soanam.de\/en\/wp-json\/wp\/v2\/media?parent=80397"}],"wp:term":[{"taxonomy":"product_brand","embeddable":true,"href":"https:\/\/www.soanam.de\/en\/wp-json\/wp\/v2\/product_brand?post=80397"},{"taxonomy":"product_cat","embeddable":true,"href":"https:\/\/www.soanam.de\/en\/wp-json\/wp\/v2\/product_cat?post=80397"},{"taxonomy":"product_tag","embeddable":true,"href":"https:\/\/www.soanam.de\/en\/wp-json\/wp\/v2\/product_tag?post=80397"}],"curies":[{"name":"wp","href":"https:\/\/api.w.org\/{rel}","templated":true}]}}