{"id":80375,"date":"2023-12-14T00:31:55","date_gmt":"2023-12-13T23:31:55","guid":{"rendered":"https:\/\/www.soanam.de\/?post_type=product&#038;p=80375"},"modified":"2023-12-14T01:31:46","modified_gmt":"2023-12-14T00:31:46","slug":"melrose-rundhalspullover-mit-zierknoepfen-in-schwarz-groesse-32","status":"publish","type":"product","link":"https:\/\/www.soanam.de\/en\/produkt\/melrose-rundhalspullover-mit-zierknoepfen-in-schwarz-groesse-32\/","title":{"rendered":"Melrose Rundhalspullover mit Zierkn\u00f6pfen, in Schwarz, Gr\u00f6\u00dfe 32"},"content":{"rendered":"<p>Eleganter Pullover mit Spitze von Melrose<br \/>\nZierknopfleiste am R\u00fccken<br \/>\nSehr figurbetonte Form<br \/>\nWeich gerippte Abschl\u00fcsse<br \/>\nSuper softer Viskose-Feinstrick<\/p>\n<p>Der Strickpullover von Melrose ist wirklich etwas f\u00fcrs Auge.<br \/>\nW\u00e4hrend der romantisch-verspielte Spitzeneinsatz f\u00fcr einen verf\u00fchrerischen Look sorgt, ziehen dekorative Metallkn\u00f6pfe den Blick auf den R\u00fccken.<br \/>\nDer glatte, superweiche Feinstrick schmeichelt sanft der Haut und schmiegt sich an den K\u00f6rper an.<\/p>\n<p>Material: Obermaterial: 70% Viskose, 30% Polyamid. Spitze: 90% Polyamid, 10% Elasthan<br \/>\nCare instructions: Machine wash<\/p>\n<p>Color: black<br \/>\nPattern: Blossoms<br \/>\nSize: 32<\/p>\n<p>Schulterbreite: 33cm<br \/>\nBrustweite: 76cm<br \/>\nSleeve length: 61cm<br \/>\nTotal length: 63cm<\/p>","protected":false},"excerpt":{"rendered":"<table class=\"dv_characteristicsTable\">\n<tbody>\n<tr>\n<td class=\"left\">Size<\/td>\n<td>32<\/td>\n<\/tr>\n<tr>\n<td class=\"left\">Gr\u00f6\u00dfentyp<\/td>\n<td>Normalgr\u00f6\u00dfen<\/td>\n<\/tr>\n<tr>\n<td class=\"left\">Material composition<\/td>\n<td>Obermaterial: 70% Viskose, 30% Polyamid. Spitze: 90% Polyamid, 10% Elasthan<\/td>\n<\/tr>\n<tr>\n<td class=\"left\">Materialart<\/td>\n<td>Feinstrick, Spitze<\/td>\n<\/tr>\n<tr>\n<td class=\"left\">Materialeigenschaften<\/td>\n<td>elastisch<\/td>\n<\/tr>\n<tr>\n<td class=\"left\">Care instructions<\/td>\n<td>Machine wash<\/td>\n<\/tr>\n<tr>\n<td class=\"left\">Optik<\/td>\n<td>unifarben<\/td>\n<\/tr>\n<tr>\n<td class=\"left\">Stil<\/td>\n<td>feminin<\/td>\n<\/tr>\n<tr>\n<td class=\"left\">Color<\/td>\n<td>schwarz<\/td>\n<\/tr>\n<tr>\n<td class=\"left\">Ausschnitt<\/td>\n<td>Rundhals<\/td>\n<\/tr>\n<tr>\n<td class=\"left\">\u00c4rmel<\/td>\n<td>Long sleeve<\/td>\n<\/tr>\n<tr>\n<td class=\"left\">Rumpfabschluss<\/td>\n<td>Ribbed cuffs<\/td>\n<\/tr>\n<tr>\n<td class=\"left\">Fit<\/td>\n<td>figurbetont<\/td>\n<\/tr>\n<tr>\n<td class=\"left\">Schnittform L\u00e4nge<\/td>\n<td>h\u00fcftlang<\/td>\n<\/tr>\n<tr>\n<td class=\"left\">Applikationen<\/td>\n<td>Zierkn\u00f6pfe<\/td>\n<\/tr>\n<tr>\n<td class=\"left\">Besondere Merkmale<\/td>\n<td>mit Spitze und Zierkn\u00f6pfen<\/td>\n<\/tr>\n<\/tbody>\n<\/table>","protected":false},"featured_media":80483,"comment_status":"open","ping_status":"closed","template":"","meta":{"_seopress_robots_primary_cat":"","_seopress_titles_title":"","_seopress_titles_desc":"","_seopress_robots_index":""},"product_brand":[],"product_cat":[1348,1456,1465],"product_tag":[],"class_list":{"0":"post-80375","1":"product","2":"type-product","3":"status-publish","4":"has-post-thumbnail","6":"product_cat-damen-mode","7":"product_cat-pullover-sweater","8":"product_cat-strickpullover","9":"product_shipping_class-standard-versand","11":"first","12":"instock","13":"sale","14":"taxable","15":"shipping-taxable","16":"purchasable","17":"product-type-simple"},"_links":{"self":[{"href":"https:\/\/www.soanam.de\/en\/wp-json\/wp\/v2\/product\/80375","targetHints":{"allow":["GET"]}}],"collection":[{"href":"https:\/\/www.soanam.de\/en\/wp-json\/wp\/v2\/product"}],"about":[{"href":"https:\/\/www.soanam.de\/en\/wp-json\/wp\/v2\/types\/product"}],"replies":[{"embeddable":true,"href":"https:\/\/www.soanam.de\/en\/wp-json\/wp\/v2\/comments?post=80375"}],"wp:featuredmedia":[{"embeddable":true,"href":"https:\/\/www.soanam.de\/en\/wp-json\/wp\/v2\/media\/80483"}],"wp:attachment":[{"href":"https:\/\/www.soanam.de\/en\/wp-json\/wp\/v2\/media?parent=80375"}],"wp:term":[{"taxonomy":"product_brand","embeddable":true,"href":"https:\/\/www.soanam.de\/en\/wp-json\/wp\/v2\/product_brand?post=80375"},{"taxonomy":"product_cat","embeddable":true,"href":"https:\/\/www.soanam.de\/en\/wp-json\/wp\/v2\/product_cat?post=80375"},{"taxonomy":"product_tag","embeddable":true,"href":"https:\/\/www.soanam.de\/en\/wp-json\/wp\/v2\/product_tag?post=80375"}],"curies":[{"name":"wp","href":"https:\/\/api.w.org\/{rel}","templated":true}]}}