{"id":80286,"date":"2023-12-14T00:30:11","date_gmt":"2023-12-13T23:30:11","guid":{"rendered":"https:\/\/www.soanam.de\/?post_type=product&#038;p=80286"},"modified":"2023-12-14T00:32:13","modified_gmt":"2023-12-13T23:32:13","slug":"bench-kapuzensweatshirt-mit-reissverschluss-in-ecru-groesse-36-38","status":"publish","type":"product","link":"https:\/\/www.soanam.de\/en\/produkt\/bench-kapuzensweatshirt-mit-reissverschluss-in-ecru-groesse-36-38\/","title":{"rendered":"Bench. Kapuzensweatshirt mit Rei\u00dfverschluss, in Ecru, Gr\u00f6\u00dfe 36\/38"},"content":{"rendered":"<p>Sportliches Kapuzensweatshirt mit Rei\u00dfverschluss von Bench<br \/>\nKontrastfarbene Kapuze<br \/>\nPractical slit pockets<br \/>\nAdjustable strap at the hem<br \/>\nAus pflegeleichtem Baumwoll-Mix<\/p>\n<p>Der Bench Hoodie aus hochwertigem pflegeleichtem Baumwoll-Mix hat zwei seitliche, praktische Taschen, elastische B\u00fcndchen und einen Kordelzug, der den Sweater auf Figur h\u00e4lt, ohne dich einzuengen.<br \/>\nAn hei\u00dfen Tagen sorgt der Zipper am Dekollet\u00e9 daf\u00fcr, dass du nicht ins Schwitzen ger\u00e4tst, und f\u00fcr eine trendige Optik sind die kontrastfarbene Kapuze und die seitlichen Logotapes da.<\/p>\n<p>Material: 60% cotton , 40% polyester<br \/>\nCare instructions: Machine wash<\/p>\n<p>Farbe: ecru<br \/>\nMuster: Logoschriftzug<br \/>\nSize: 36\/38<\/p>\n<p>Shoulder width: 44cm<br \/>\nChest width: 100cm<br \/>\nSleeve length: 58cm<br \/>\nTotal length: 66cm<\/p>","protected":false},"excerpt":{"rendered":"<table class=\"dv_characteristicsTable\">\n<tbody>\n<tr>\n<td class=\"left\">Size<\/td>\n<td>36\/38<\/td>\n<\/tr>\n<tr>\n<td class=\"left\">Gr\u00f6\u00dfentyp<\/td>\n<td>Normalgr\u00f6\u00dfen<\/td>\n<\/tr>\n<tr>\n<td class=\"left\">Material composition<\/td>\n<td>Obermaterial: 60% Baumwolle\u00a0, 40% Polyester<\/td>\n<\/tr>\n<tr>\n<td class=\"left\">Materialart<\/td>\n<td>Interlock<\/td>\n<\/tr>\n<tr>\n<td class=\"left\">Care instructions<\/td>\n<td>Machine wash<\/td>\n<\/tr>\n<tr>\n<td class=\"left\">Optik<\/td>\n<td>unifarben mit Farbeinsatz, kontrastfarbene Details<\/td>\n<\/tr>\n<tr>\n<td class=\"left\">Stil<\/td>\n<td>sportlich<\/td>\n<\/tr>\n<tr>\n<td class=\"left\">Color<\/td>\n<td>ecru<\/td>\n<\/tr>\n<tr>\n<td class=\"left\">Kapuze<\/td>\n<td>mit Kapuze<\/td>\n<\/tr>\n<tr>\n<td class=\"left\">Kapuzenf\u00fctterung<\/td>\n<td>kontrastfarben, Sweatware<\/td>\n<\/tr>\n<tr>\n<td class=\"left\">Applikationen<\/td>\n<td>Logoschriftzug, Kontrastbesatz, Piping, Rei\u00dfverschluss<\/td>\n<\/tr>\n<tr>\n<td class=\"left\">Bags<\/td>\n<td>Pockets<\/td>\n<\/tr>\n<tr>\n<td class=\"left\">Verschluss<\/td>\n<td>Gummizug, Tunnelzug, Rei\u00dfverschluss<\/td>\n<\/tr>\n<tr>\n<td class=\"left\">Verschlussdetails<\/td>\n<td>vorn<\/td>\n<\/tr>\n<tr>\n<td class=\"left\">Besondere Merkmale<\/td>\n<td>mit Rei\u00dfverschluss und regulierbaren Saum<\/td>\n<\/tr>\n<tr>\n<td class=\"left\">Ausschnittdetails<\/td>\n<td>mit Rei\u00dfverschluss<\/td>\n<\/tr>\n<tr>\n<td class=\"left\">\u00c4rmel<\/td>\n<td>Long sleeve<\/td>\n<\/tr>\n<tr>\n<td class=\"left\">\u00c4rmelabschluss<\/td>\n<td>B\u00fcndchen<\/td>\n<\/tr>\n<tr>\n<td class=\"left\">Rumpfabschluss<\/td>\n<td>B\u00fcndchen<\/td>\n<\/tr>\n<tr>\n<td class=\"left\">Rumpfabschlussdetails<\/td>\n<td>mit Gummizug, mit innenliegendem Gummizug, mit Kordelstopper<\/td>\n<\/tr>\n<tr>\n<td class=\"left\">Fit<\/td>\n<td>Basic<\/td>\n<\/tr>\n<tr>\n<td class=\"left\">Schnittform L\u00e4nge<\/td>\n<td>normal<\/td>\n<\/tr>\n<\/tbody>\n<\/table>","protected":false},"featured_media":80389,"comment_status":"open","ping_status":"closed","template":"","meta":{"_seopress_robots_primary_cat":"","_seopress_titles_title":"","_seopress_titles_desc":"","_seopress_robots_index":""},"product_brand":[],"product_cat":[1348,1456,1583],"product_tag":[],"class_list":{"0":"post-80286","1":"product","2":"type-product","3":"status-publish","4":"has-post-thumbnail","6":"product_cat-damen-mode","7":"product_cat-pullover-sweater","8":"product_cat-hoodies","9":"product_shipping_class-standard-versand","11":"first","12":"instock","13":"taxable","14":"shipping-taxable","15":"purchasable","16":"product-type-simple"},"_links":{"self":[{"href":"https:\/\/www.soanam.de\/en\/wp-json\/wp\/v2\/product\/80286","targetHints":{"allow":["GET"]}}],"collection":[{"href":"https:\/\/www.soanam.de\/en\/wp-json\/wp\/v2\/product"}],"about":[{"href":"https:\/\/www.soanam.de\/en\/wp-json\/wp\/v2\/types\/product"}],"replies":[{"embeddable":true,"href":"https:\/\/www.soanam.de\/en\/wp-json\/wp\/v2\/comments?post=80286"}],"wp:featuredmedia":[{"embeddable":true,"href":"https:\/\/www.soanam.de\/en\/wp-json\/wp\/v2\/media\/80389"}],"wp:attachment":[{"href":"https:\/\/www.soanam.de\/en\/wp-json\/wp\/v2\/media?parent=80286"}],"wp:term":[{"taxonomy":"product_brand","embeddable":true,"href":"https:\/\/www.soanam.de\/en\/wp-json\/wp\/v2\/product_brand?post=80286"},{"taxonomy":"product_cat","embeddable":true,"href":"https:\/\/www.soanam.de\/en\/wp-json\/wp\/v2\/product_cat?post=80286"},{"taxonomy":"product_tag","embeddable":true,"href":"https:\/\/www.soanam.de\/en\/wp-json\/wp\/v2\/product_tag?post=80286"}],"curies":[{"name":"wp","href":"https:\/\/api.w.org\/{rel}","templated":true}]}}