{"id":80105,"date":"2023-12-13T23:59:00","date_gmt":"2023-12-13T22:59:00","guid":{"rendered":"https:\/\/www.soanam.de\/?post_type=product&#038;p=80105"},"modified":"2023-12-14T00:29:31","modified_gmt":"2023-12-13T23:29:31","slug":"hugo-boss-herren-armband-in-schwarz-seal-stahl-leder","status":"publish","type":"product","link":"https:\/\/www.soanam.de\/en\/produkt\/hugo-boss-herren-armband-in-schwarz-seal-stahl-leder\/","title":{"rendered":"HUGO BOSS men's bracelet in black \"Seal\", steel\/leather"},"content":{"rendered":"<h3>Description<\/h3>\n<p>Mit dem l\u00e4ssigem Accessoire betonen M\u00e4nner ihre coole Seite. Dieses Armband ist genau das richtige Schmuckst\u00fcck f\u00fcr trendy Looks. Die geflochtene Optik tr\u00e4gt dazu ihren Teil bei.<\/p>\n<p><strong>Product details<\/strong><br \/>\nschwarzes geflochtenes Lederarmband<br \/>\nSchlie\u00dfe aus Edelstahl mit Logoprint<br \/>\ngut kombinierbar mit vielen anderen Armb\u00e4ndern<\/p>","protected":false},"excerpt":{"rendered":"<h3>Artikelmerkmale<\/h3>\n<p>Item condition: New with label: New, unused and unworn item in its original packaging<\/p>\n<table border=\"0\" frame=\"VOID\" rules=\"NONE\" cellspacing=\"0\">\n<colgroup>\n<col width=\"154\" \/>\n<col width=\"110\" \/><\/colgroup>\n<tbody>\n<tr>\n<td align=\"LEFT\" width=\"154\" height=\"17\">Produktart<\/td>\n<td align=\"LEFT\" width=\"110\">Jewelry<\/td>\n<\/tr>\n<tr>\n<td align=\"LEFT\" height=\"17\">Produkttyp<\/td>\n<td align=\"LEFT\">Armschmuck<\/td>\n<\/tr>\n<tr>\n<td align=\"LEFT\" height=\"17\">Ausf\u00fchrung<\/td>\n<td align=\"LEFT\">Armband<\/td>\n<\/tr>\n<tr>\n<td align=\"LEFT\" height=\"17\">Zielgruppe<\/td>\n<td align=\"LEFT\">Herren<\/td>\n<\/tr>\n<tr>\n<td align=\"LEFT\" height=\"17\">Color<\/td>\n<td align=\"LEFT\">schwarz<\/td>\n<\/tr>\n<tr>\n<td align=\"LEFT\" height=\"17\">Size<\/td>\n<td align=\"LEFT\">19 cm<\/td>\n<\/tr>\n<tr>\n<td align=\"LEFT\" height=\"17\">Oberfl\u00e4chenbearbeitung<\/td>\n<td align=\"LEFT\">Geb\u00fcrstet<\/td>\n<\/tr>\n<tr>\n<td align=\"LEFT\" height=\"17\">Material<\/td>\n<td align=\"LEFT\">Edelstahl, Leder<\/td>\n<\/tr>\n<tr>\n<td align=\"LEFT\" height=\"17\">Legierung<\/td>\n<td align=\"LEFT\">Edelstahl<\/td>\n<\/tr>\n<tr>\n<td align=\"LEFT\" height=\"17\">Breite<\/td>\n<td align=\"LEFT\">3 mm<\/td>\n<\/tr>\n<tr>\n<td align=\"LEFT\" height=\"17\">L\u00e4nge (Schmuckst\u00fcck)<\/td>\n<td align=\"LEFT\">20 cm<\/td>\n<\/tr>\n<tr>\n<td align=\"LEFT\" height=\"17\">Gewicht<\/td>\n<td align=\"LEFT\">6,88<\/td>\n<\/tr>\n<tr>\n<td align=\"LEFT\" height=\"17\">Verschluss<\/td>\n<td align=\"LEFT\">Button closure<\/td>\n<\/tr>\n<tr>\n<td align=\"LEFT\" height=\"17\">Artikelnummer \/ EAN<\/td>\n<td align=\"LEFT\">7613272393669<\/td>\n<\/tr>\n<\/tbody>\n<\/table>","protected":false},"featured_media":80247,"comment_status":"open","ping_status":"closed","template":"","meta":{"_seopress_robots_primary_cat":"","_seopress_titles_title":"","_seopress_titles_desc":"","_seopress_robots_index":""},"product_brand":[],"product_cat":[1345,1387,1559],"product_tag":[],"class_list":{"0":"post-80105","1":"product","2":"type-product","3":"status-publish","4":"has-post-thumbnail","6":"product_cat-herrenmode","7":"product_cat-accessoires-herrenmode","8":"product_cat-sonstiges-accessoires-herrenmode","9":"product_shipping_class-standard-versand","11":"first","12":"instock","13":"sale","14":"taxable","15":"shipping-taxable","16":"purchasable","17":"product-type-simple"},"_links":{"self":[{"href":"https:\/\/www.soanam.de\/en\/wp-json\/wp\/v2\/product\/80105","targetHints":{"allow":["GET"]}}],"collection":[{"href":"https:\/\/www.soanam.de\/en\/wp-json\/wp\/v2\/product"}],"about":[{"href":"https:\/\/www.soanam.de\/en\/wp-json\/wp\/v2\/types\/product"}],"replies":[{"embeddable":true,"href":"https:\/\/www.soanam.de\/en\/wp-json\/wp\/v2\/comments?post=80105"}],"wp:featuredmedia":[{"embeddable":true,"href":"https:\/\/www.soanam.de\/en\/wp-json\/wp\/v2\/media\/80247"}],"wp:attachment":[{"href":"https:\/\/www.soanam.de\/en\/wp-json\/wp\/v2\/media?parent=80105"}],"wp:term":[{"taxonomy":"product_brand","embeddable":true,"href":"https:\/\/www.soanam.de\/en\/wp-json\/wp\/v2\/product_brand?post=80105"},{"taxonomy":"product_cat","embeddable":true,"href":"https:\/\/www.soanam.de\/en\/wp-json\/wp\/v2\/product_cat?post=80105"},{"taxonomy":"product_tag","embeddable":true,"href":"https:\/\/www.soanam.de\/en\/wp-json\/wp\/v2\/product_tag?post=80105"}],"curies":[{"name":"wp","href":"https:\/\/api.w.org\/{rel}","templated":true}]}}