{"id":80093,"date":"2023-12-13T23:58:27","date_gmt":"2023-12-13T22:58:27","guid":{"rendered":"https:\/\/www.soanam.de\/?post_type=product&#038;p=80093"},"modified":"2023-12-14T00:02:27","modified_gmt":"2023-12-13T23:02:27","slug":"lavana-overknees-in-melangequalitaet-in-grau-meliert-groesse-35-38","status":"publish","type":"product","link":"https:\/\/www.soanam.de\/en\/produkt\/lavana-overknees-in-melangequalitaet-in-grau-meliert-groesse-35-38\/","title":{"rendered":"Lavana Overknees in Melangequalit\u00e4t, in Grau-Meliert, Gr\u00f6\u00dfe 35-38"},"content":{"rendered":"<p>elastische Overknee-Str\u00fcmpfe mit feinem Strickmuster<br \/>\nflache Zehennaht<br \/>\nverst\u00e4rkte Ferse<br \/>\naus super weicher Materialmischung<\/p>\n<p>Das feine Strickmuster veredelt das melierte Design der Overknee-Socken, die mit einem schmalen Rippstrickb\u00fcndchen bequem enden.<br \/>\nDie superweiche Materialmischung garantiert ein angenehmes Tragegef\u00fchl bei jedem Schritt.<\/p>\n<p>Material: 91% Baumwolle, 8% Polyamid, 1% Elasthan<br \/>\nCare instructions: Machine wash<\/p>\n<p>Color: grey<br \/>\nPattern: mottled<br \/>\nGr\u00f6\u00dfe: 35-38<\/p>","protected":false},"excerpt":{"rendered":"<table class=\"dv_characteristicsTable\">\n<caption>MASSANGABE<\/caption>\n<tbody>\n<tr>\n<td class=\"left\">Size<\/td>\n<td>35-38<\/td>\n<\/tr>\n<tr>\n<td class=\"left\">Gr\u00f6\u00dfentyp<\/td>\n<td>Sockengr\u00f6\u00dfe<\/td>\n<\/tr>\n<\/tbody>\n<\/table>\n<table class=\"dv_characteristicsTable\">\n<caption>PRODUKTDETAILS<\/caption>\n<tbody>\n<tr>\n<td class=\"left\">Art B\u00fcndchen<\/td>\n<td>gerippt<\/td>\n<\/tr>\n<tr>\n<td class=\"left\">Art Ferse<\/td>\n<td>verst\u00e4rkte Ferse<\/td>\n<\/tr>\n<tr>\n<td class=\"left\">Griff<\/td>\n<td>weicher Griff<\/td>\n<\/tr>\n<tr>\n<td class=\"left\">Nahtverarbeitung<\/td>\n<td>flache Zehennaht<\/td>\n<\/tr>\n<tr>\n<td class=\"left\">Fit<\/td>\n<td>elastisch<\/td>\n<\/tr>\n<tr>\n<td class=\"left\">Care instructions<\/td>\n<td>Machine wash<\/td>\n<\/tr>\n<tr>\n<td class=\"left\">Schaftl\u00e4nge<\/td>\n<td>lange Form<\/td>\n<\/tr>\n<\/tbody>\n<\/table>\n<table class=\"dv_characteristicsTable\">\n<caption>OPTIK\/STIL<\/caption>\n<tbody>\n<tr>\n<td class=\"left\">Optik<\/td>\n<td>meliert<\/td>\n<\/tr>\n<\/tbody>\n<\/table>\n<table class=\"dv_characteristicsTable\">\n<caption>MATERIAL<\/caption>\n<tbody>\n<tr>\n<td class=\"left\">Materialeigenschaften<\/td>\n<td>elastisch<\/td>\n<\/tr>\n<tr>\n<td class=\"left\">Material composition<\/td>\n<td>Obermaterial: 91% Baumwolle, 8% Polyamid, 1% Elasthan<\/td>\n<\/tr>\n<\/tbody>\n<\/table>","protected":false},"featured_media":80234,"comment_status":"open","ping_status":"closed","template":"","meta":{"_seopress_robots_primary_cat":"","_seopress_titles_title":"","_seopress_titles_desc":"","_seopress_robots_index":""},"product_brand":[],"product_cat":[1348,1444,1557],"product_tag":[],"class_list":{"0":"post-80093","1":"product","2":"type-product","3":"status-publish","4":"has-post-thumbnail","6":"product_cat-damen-mode","7":"product_cat-unterwaesche","8":"product_cat-struempfe","9":"product_shipping_class-standard-versand","11":"first","12":"instock","13":"taxable","14":"shipping-taxable","15":"purchasable","16":"product-type-simple"},"_links":{"self":[{"href":"https:\/\/www.soanam.de\/en\/wp-json\/wp\/v2\/product\/80093","targetHints":{"allow":["GET"]}}],"collection":[{"href":"https:\/\/www.soanam.de\/en\/wp-json\/wp\/v2\/product"}],"about":[{"href":"https:\/\/www.soanam.de\/en\/wp-json\/wp\/v2\/types\/product"}],"replies":[{"embeddable":true,"href":"https:\/\/www.soanam.de\/en\/wp-json\/wp\/v2\/comments?post=80093"}],"wp:featuredmedia":[{"embeddable":true,"href":"https:\/\/www.soanam.de\/en\/wp-json\/wp\/v2\/media\/80234"}],"wp:attachment":[{"href":"https:\/\/www.soanam.de\/en\/wp-json\/wp\/v2\/media?parent=80093"}],"wp:term":[{"taxonomy":"product_brand","embeddable":true,"href":"https:\/\/www.soanam.de\/en\/wp-json\/wp\/v2\/product_brand?post=80093"},{"taxonomy":"product_cat","embeddable":true,"href":"https:\/\/www.soanam.de\/en\/wp-json\/wp\/v2\/product_cat?post=80093"},{"taxonomy":"product_tag","embeddable":true,"href":"https:\/\/www.soanam.de\/en\/wp-json\/wp\/v2\/product_tag?post=80093"}],"curies":[{"name":"wp","href":"https:\/\/api.w.org\/{rel}","templated":true}]}}