{"id":80064,"date":"2023-12-13T23:57:06","date_gmt":"2023-12-13T22:57:06","guid":{"rendered":"https:\/\/www.soanam.de\/?post_type=product&#038;p=80064"},"modified":"2023-12-14T00:02:14","modified_gmt":"2023-12-13T23:02:14","slug":"petite-fleur-gold-tights-with-graphic-pattern-20-deniers-in-black-size-36-38","status":"publish","type":"product","link":"https:\/\/www.soanam.de\/en\/produkt\/petite-fleur-gold-feinstrumpfhose-mit-grafischem-muster-20-den-in-schwarz-groesse-36-38\/","title":{"rendered":"petite fleur gold tights with graphic pattern, 20 DEN, in black, size 36\/38"},"content":{"rendered":"<p>Feinstrumpfhose von petite fleur<br \/>\nMit grafischem Muster<br \/>\nVerst\u00e4rktes H\u00f6schenteil<br \/>\nMit Baumwollzwickel<br \/>\n20DEN<\/p>\n<p>Mit dem eingewebtem Argyle-Strukturmuster setzt die Tights den aktuellen Trend zum Karomuster auf einmalige Art und Weise um.<br \/>\nDas Vierecksmuster spielt sinnlich mit transparenten und blickdichten Partien und macht deine Beine so zum absoluten Blickfang.<br \/>\nSicheren Halt und hohe Bequemlichkeit kommen hier dank der elastischen Qualit\u00e4t und dem verst\u00e4rkten H\u00f6schenteil mit regul\u00e4rer Leibh\u00f6he inklusive.<\/p>\n<p>Material: 92% polyamide, 8% elastane<br \/>\nCare instructions: Machine wash (washing in wash bag recommended)<\/p>\n<p>Color: black<br \/>\nMuster: grafisches Karomuster<br \/>\nSize: 36\/38<\/p>","protected":false},"excerpt":{"rendered":"<table class=\"dv_characteristicsTable\">\n<caption>MASSANGABE<\/caption>\n<tbody>\n<tr>\n<td class=\"left\">Size<\/td>\n<td>36\/38<\/td>\n<\/tr>\n<tr>\n<td class=\"left\">Gr\u00f6\u00dfentyp<\/td>\n<td>Normalgr\u00f6\u00dfen<\/td>\n<\/tr>\n<\/tbody>\n<\/table>\n<table class=\"dv_characteristicsTable\">\n<caption>COLOR<\/caption>\n<tbody>\n<tr>\n<td class=\"left\">Color<\/td>\n<td>schwarz<\/td>\n<\/tr>\n<\/tbody>\n<\/table>\n<table class=\"dv_characteristicsTable\">\n<caption>PRODUKTDETAILS<\/caption>\n<tbody>\n<tr>\n<td class=\"left\">Fit<\/td>\n<td>elastisch<\/td>\n<\/tr>\n<tr>\n<td class=\"left\">Art B\u00fcndchen<\/td>\n<td>druckfrei<br \/>\nweicher Abschluss<\/td>\n<\/tr>\n<tr>\n<td class=\"left\">Griff<\/td>\n<td>weicher Griff<\/td>\n<\/tr>\n<tr>\n<td class=\"left\">Care instructions<\/td>\n<td>Machine wash<br \/>\nWaschen im Waschbeutel empfohlen<\/td>\n<\/tr>\n<\/tbody>\n<\/table>\n<table class=\"dv_characteristicsTable\">\n<caption>MATERIAL<\/caption>\n<tbody>\n<tr>\n<td class=\"left\">Material composition<\/td>\n<td>Obermaterial: 92% Polyamid, 8% Elasthan<\/td>\n<\/tr>\n<tr>\n<td class=\"left\">Materialst\u00e4rke (DEN)<\/td>\n<td>20 DEN<\/td>\n<\/tr>\n<tr>\n<td class=\"left\">Materialeigenschaften<\/td>\n<td>elastisch<\/td>\n<\/tr>\n<\/tbody>\n<\/table>\n<table class=\"dv_characteristicsTable\">\n<caption>OPTIK\/STIL<\/caption>\n<tbody>\n<tr>\n<td class=\"left\">Optik<\/td>\n<td>gemustert<br \/>\nKaromuster<br \/>\ntransparent<\/td>\n<\/tr>\n<\/tbody>\n<\/table>","protected":false},"featured_media":80224,"comment_status":"open","ping_status":"closed","template":"","meta":{"_seopress_robots_primary_cat":"","_seopress_titles_title":"","_seopress_titles_desc":"","_seopress_robots_index":""},"product_brand":[],"product_cat":[1348,1444,1445],"product_tag":[],"class_list":{"0":"post-80064","1":"product","2":"type-product","3":"status-publish","4":"has-post-thumbnail","6":"product_cat-damen-mode","7":"product_cat-unterwaesche","8":"product_cat-strumpfhosen","9":"product_shipping_class-standard-versand","11":"first","12":"instock","13":"sale","14":"taxable","15":"shipping-taxable","16":"purchasable","17":"product-type-simple"},"_links":{"self":[{"href":"https:\/\/www.soanam.de\/en\/wp-json\/wp\/v2\/product\/80064","targetHints":{"allow":["GET"]}}],"collection":[{"href":"https:\/\/www.soanam.de\/en\/wp-json\/wp\/v2\/product"}],"about":[{"href":"https:\/\/www.soanam.de\/en\/wp-json\/wp\/v2\/types\/product"}],"replies":[{"embeddable":true,"href":"https:\/\/www.soanam.de\/en\/wp-json\/wp\/v2\/comments?post=80064"}],"wp:featuredmedia":[{"embeddable":true,"href":"https:\/\/www.soanam.de\/en\/wp-json\/wp\/v2\/media\/80224"}],"wp:attachment":[{"href":"https:\/\/www.soanam.de\/en\/wp-json\/wp\/v2\/media?parent=80064"}],"wp:term":[{"taxonomy":"product_brand","embeddable":true,"href":"https:\/\/www.soanam.de\/en\/wp-json\/wp\/v2\/product_brand?post=80064"},{"taxonomy":"product_cat","embeddable":true,"href":"https:\/\/www.soanam.de\/en\/wp-json\/wp\/v2\/product_cat?post=80064"},{"taxonomy":"product_tag","embeddable":true,"href":"https:\/\/www.soanam.de\/en\/wp-json\/wp\/v2\/product_tag?post=80064"}],"curies":[{"name":"wp","href":"https:\/\/api.w.org\/{rel}","templated":true}]}}