{"id":80062,"date":"2023-12-13T23:57:05","date_gmt":"2023-12-13T22:57:05","guid":{"rendered":"https:\/\/www.soanam.de\/?post_type=product&#038;p=80062"},"modified":"2023-12-14T00:02:02","modified_gmt":"2023-12-13T23:02:02","slug":"rogo-strickleggings-im-2er-pack-in-schwarz-beere-groesse-46-48","status":"publish","type":"product","link":"https:\/\/www.soanam.de\/en\/produkt\/rogo-strickleggings-im-2er-pack-in-schwarz-beere-groesse-46-48\/","title":{"rendered":"Rogo Strickleggings im 2er Pack, in Schwarz, Beere, Gr\u00f6\u00dfe 46\/48"},"content":{"rendered":"<p>Knitted tights without foot<br \/>\nDimensionally stable and sweat-absorbent<br \/>\nAlso ideal for winter sports<br \/>\nElastic cotton blend<\/p>\n<p>Die Rogo Leggings\u00a0 umschmeicheln die Beine mit weicher Feinstrickqualit\u00e4t, wie eine formbest\u00e4ndige Strumpfhose ohne Fu\u00df.<br \/>\nThe cuff ensures a pleasantly secure fit.<br \/>\nDas mollige Feinstrickmaterial wirkt schwei\u00dfaufsaugend und ist somit f\u00fcr Wintersportler unverzichtbar aber auch einfach f\u00fcr k\u00fchlere Tage einfach sch\u00f6n und bequem.<\/p>\n<p>Material: 78% Baumwolle, 20% Polyamid, 2% Elasthan<br \/>\nCare instructions: Machine wash<\/p>\n<p>Farbe: schwarz, beere<br \/>\nPattern: without<br \/>\nGr\u00f6\u00dfe: 46\/48<\/p>\n<p>Step length: 68cm<br \/>\nTotal length: 89cm<\/p>","protected":false},"excerpt":{"rendered":"<table class=\"dv_characteristicsTable\">\n<tbody>\n<tr>\n<td class=\"left\">Size<\/td>\n<td>46 (46\/48)<\/td>\n<\/tr>\n<tr>\n<td class=\"left\">Gr\u00f6\u00dfentyp<\/td>\n<td>Normalgr\u00f6\u00dfen<\/td>\n<\/tr>\n<tr>\n<td class=\"left\">Material composition<\/td>\n<td>Obermaterial: 78% Baumwolle, 20% Polyamid, 2% Elasthan<\/td>\n<\/tr>\n<tr>\n<td class=\"left\">Materialart<\/td>\n<td>Strick<\/td>\n<\/tr>\n<tr>\n<td class=\"left\">Materialeigenschaften<\/td>\n<td>elastisch<\/td>\n<\/tr>\n<tr>\n<td class=\"left\">Care instructions<\/td>\n<td>Machine wash<\/td>\n<\/tr>\n<tr>\n<td class=\"left\">Optik<\/td>\n<td>unifarben<\/td>\n<\/tr>\n<tr>\n<td class=\"left\">Stil<\/td>\n<td>Basic<\/td>\n<\/tr>\n<tr>\n<td class=\"left\">Color<\/td>\n<td>beere, schwarz<\/td>\n<\/tr>\n<tr>\n<td class=\"left\">Farbe Packst\u00fcck 2<\/td>\n<td>schwarz<\/td>\n<\/tr>\n<tr>\n<td class=\"left\">Leibh\u00f6he<\/td>\n<td>hoch<\/td>\n<\/tr>\n<tr>\n<td class=\"left\">Fit<\/td>\n<td>stretch fit<\/td>\n<\/tr>\n<tr>\n<td class=\"left\">Schnittform L\u00e4nge<\/td>\n<td>lang<\/td>\n<\/tr>\n<tr>\n<td class=\"left\">Besondere Merkmale<\/td>\n<td>mit glatter Oberfl\u00e4che<\/td>\n<\/tr>\n<\/tbody>\n<\/table>","protected":false},"featured_media":80214,"comment_status":"open","ping_status":"closed","template":"","meta":{"_seopress_robots_primary_cat":"","_seopress_titles_title":"","_seopress_titles_desc":"","_seopress_robots_index":""},"product_brand":[],"product_cat":[1348,1444,1445,1453],"product_tag":[],"class_list":{"0":"post-80062","1":"product","2":"type-product","3":"status-publish","4":"has-post-thumbnail","6":"product_cat-damen-mode","7":"product_cat-unterwaesche","8":"product_cat-strumpfhosen","9":"product_cat-leggings","10":"product_shipping_class-standard-versand","12":"first","13":"instock","14":"sale","15":"taxable","16":"shipping-taxable","17":"purchasable","18":"product-type-simple"},"_links":{"self":[{"href":"https:\/\/www.soanam.de\/en\/wp-json\/wp\/v2\/product\/80062","targetHints":{"allow":["GET"]}}],"collection":[{"href":"https:\/\/www.soanam.de\/en\/wp-json\/wp\/v2\/product"}],"about":[{"href":"https:\/\/www.soanam.de\/en\/wp-json\/wp\/v2\/types\/product"}],"replies":[{"embeddable":true,"href":"https:\/\/www.soanam.de\/en\/wp-json\/wp\/v2\/comments?post=80062"}],"wp:featuredmedia":[{"embeddable":true,"href":"https:\/\/www.soanam.de\/en\/wp-json\/wp\/v2\/media\/80214"}],"wp:attachment":[{"href":"https:\/\/www.soanam.de\/en\/wp-json\/wp\/v2\/media?parent=80062"}],"wp:term":[{"taxonomy":"product_brand","embeddable":true,"href":"https:\/\/www.soanam.de\/en\/wp-json\/wp\/v2\/product_brand?post=80062"},{"taxonomy":"product_cat","embeddable":true,"href":"https:\/\/www.soanam.de\/en\/wp-json\/wp\/v2\/product_cat?post=80062"},{"taxonomy":"product_tag","embeddable":true,"href":"https:\/\/www.soanam.de\/en\/wp-json\/wp\/v2\/product_tag?post=80062"}],"curies":[{"name":"wp","href":"https:\/\/api.w.org\/{rel}","templated":true}]}}