{"id":80061,"date":"2023-12-13T23:57:05","date_gmt":"2023-12-13T22:57:05","guid":{"rendered":"https:\/\/www.soanam.de\/?post_type=product&#038;p=80061"},"modified":"2023-12-14T00:01:57","modified_gmt":"2023-12-13T23:01:57","slug":"sympatico-teddyfleece-thermal-leggings-in-black-size-l-xl","status":"publish","type":"product","link":"https:\/\/www.soanam.de\/en\/produkt\/sympatico-teddyfleece-thermoleggings-in-schwarz-groesse-l-xl\/","title":{"rendered":"Sympatico Teddyfleece Thermoleggings, in Schwarz, Gr\u00f6\u00dfe L\/XL"},"content":{"rendered":"<p>Blickdichte und strapazierf\u00e4hige Thermoleggings<br \/>\nInnen warm und flauschig<br \/>\nAus kuscheligem Teddyfleece<br \/>\nWeicher Komfortbund<\/p>\n<p>Die blickdichte und strapazierf\u00e4hige Thermoleggings von Sympatico ist der ideale Begleiter an kalten Tagen.<br \/>\nDank des dicken Innenfutters aus Teddypl\u00fcsch bist du mit diesen Damenleggings f\u00fcr richtig kalte Tage bestens ger\u00fcstet.<br \/>\nEin breiter Rippstrickbund sowie die B\u00fcndchen am Beinabschluss sorgen in Kombination mit den Teilungsn\u00e4hten im Schritt f\u00fcr einen superbequemen Sitz.<\/p>\n<p>Material: 100% polyester<br \/>\nCare instructions: Machine wash<\/p>\n<p>Color: black<br \/>\nPattern: without<br \/>\nGr\u00f6\u00dfe: L\/XL<\/p>\n<p>Schrittl\u00e4nge: 58cm<br \/>\nTotal length: 86cm<\/p>\n<p>This new item is a customer return without a label.<\/p>","protected":false},"excerpt":{"rendered":"<table class=\"dv_characteristicsTable\">\n<tbody>\n<tr>\n<td class=\"left\">Size<\/td>\n<td>L\/XL<\/td>\n<\/tr>\n<tr>\n<td class=\"left\">Gr\u00f6\u00dfentyp<\/td>\n<td>Normalgr\u00f6\u00dfen<\/td>\n<\/tr>\n<tr>\n<td class=\"left\">Material composition<\/td>\n<td>Obermaterial: 100% Polyester<\/td>\n<\/tr>\n<tr>\n<td class=\"left\">Care instructions<\/td>\n<td>Machine wash<\/td>\n<\/tr>\n<tr>\n<td class=\"left\">Optik<\/td>\n<td>unifarben<\/td>\n<\/tr>\n<tr>\n<td class=\"left\">Stil<\/td>\n<td>Basic<\/td>\n<\/tr>\n<tr>\n<td class=\"left\">Color<\/td>\n<td>schwarz<\/td>\n<\/tr>\n<tr>\n<td class=\"left\">Leibh\u00f6he<\/td>\n<td>hoch<\/td>\n<\/tr>\n<tr>\n<td class=\"left\">Bundabschluss<\/td>\n<td>breiter Bund<\/td>\n<\/tr>\n<tr>\n<td class=\"left\">Beinabschluss<\/td>\n<td>Rounded hem<\/td>\n<\/tr>\n<tr>\n<td class=\"left\">Beinform<\/td>\n<td>gerade<\/td>\n<\/tr>\n<tr>\n<td class=\"left\">Fit<\/td>\n<td>figurbetont<\/td>\n<\/tr>\n<tr>\n<td class=\"left\">Schnittdetails<\/td>\n<td>Taillenn\u00e4hte<\/td>\n<\/tr>\n<tr>\n<td class=\"left\">Schnittform L\u00e4nge<\/td>\n<td>lang<\/td>\n<\/tr>\n<tr>\n<td class=\"left\">Besondere Merkmale<\/td>\n<td>mit Innenfutter aus Teddyfleece<\/td>\n<\/tr>\n<\/tbody>\n<\/table>","protected":false},"featured_media":80210,"comment_status":"open","ping_status":"closed","template":"","meta":{"_seopress_robots_primary_cat":"","_seopress_titles_title":"","_seopress_titles_desc":"","_seopress_robots_index":""},"product_brand":[],"product_cat":[1348,1444,1445,1453],"product_tag":[],"class_list":{"0":"post-80061","1":"product","2":"type-product","3":"status-publish","4":"has-post-thumbnail","6":"product_cat-damen-mode","7":"product_cat-unterwaesche","8":"product_cat-strumpfhosen","9":"product_cat-leggings","10":"product_shipping_class-standard-versand","12":"first","13":"instock","14":"sale","15":"taxable","16":"shipping-taxable","17":"purchasable","18":"product-type-simple"},"_links":{"self":[{"href":"https:\/\/www.soanam.de\/en\/wp-json\/wp\/v2\/product\/80061","targetHints":{"allow":["GET"]}}],"collection":[{"href":"https:\/\/www.soanam.de\/en\/wp-json\/wp\/v2\/product"}],"about":[{"href":"https:\/\/www.soanam.de\/en\/wp-json\/wp\/v2\/types\/product"}],"replies":[{"embeddable":true,"href":"https:\/\/www.soanam.de\/en\/wp-json\/wp\/v2\/comments?post=80061"}],"wp:featuredmedia":[{"embeddable":true,"href":"https:\/\/www.soanam.de\/en\/wp-json\/wp\/v2\/media\/80210"}],"wp:attachment":[{"href":"https:\/\/www.soanam.de\/en\/wp-json\/wp\/v2\/media?parent=80061"}],"wp:term":[{"taxonomy":"product_brand","embeddable":true,"href":"https:\/\/www.soanam.de\/en\/wp-json\/wp\/v2\/product_brand?post=80061"},{"taxonomy":"product_cat","embeddable":true,"href":"https:\/\/www.soanam.de\/en\/wp-json\/wp\/v2\/product_cat?post=80061"},{"taxonomy":"product_tag","embeddable":true,"href":"https:\/\/www.soanam.de\/en\/wp-json\/wp\/v2\/product_tag?post=80061"}],"curies":[{"name":"wp","href":"https:\/\/api.w.org\/{rel}","templated":true}]}}