{"id":79947,"date":"2023-12-13T23:54:41","date_gmt":"2023-12-13T22:54:41","guid":{"rendered":"https:\/\/www.soanam.de\/?post_type=product&#038;p=79947"},"modified":"2023-12-13T23:57:46","modified_gmt":"2023-12-13T22:57:46","slug":"halbsteife-silikon-handyhuelle-fuer-google-pixel-5-schutzhuelle-mit-soft-touch-design-rot-2-panzerglass","status":"publish","type":"product","link":"https:\/\/www.soanam.de\/en\/produkt\/halbsteife-silikon-handyhuelle-fuer-google-pixel-5-schutzhuelle-mit-soft-touch-design-rot-2-panzerglass\/","title":{"rendered":"Semi-rigid silicone phone case for Google Pixel 5, protective case with soft-touch design - Red + 2 Panzerglass"},"content":{"rendered":"<h3>Description<\/h3>\n<p>Sch\u00fctzen Sie Ihr Google Pixel 5 perfekt, dank dieser H\u00fclle. Sie ist aus hochwertigem, halbhartem Silikon gefertigt, und bietet Ihrem Smartphone einen hervorragenden Schutz vor allt\u00e4glichen St\u00f6\u00dfen und Kratzern. Die matte R\u00fcckseite sch\u00fctzt Ihr Smartphone vor Fingerabdr\u00fccken. Die Soft-Touch Innenseite ist au\u00dferdem weich und sch\u00fctzt die R\u00fcckseite Ihres Google Pixel 5 vor Kratzern und Staub.<\/p>\n<p><strong>Properties<\/strong><\/p>\n<p>Silikon Handyh\u00fclle f\u00fcr Google Pixel 5 gefertigt<br \/>\nSch\u00fctzt Ihr Smartphone vor t\u00e4glichen St\u00f6\u00dfen, St\u00fcrzen und Kratzern.<br \/>\nMatte R\u00fcckseite, sch\u00fctzt vor Fingerabdr\u00fccken, Soft-Touch Innenseite sch\u00fctzt vor Kratzern<br \/>\nDie H\u00fclle ist in verschiedenen Farben erh\u00e4ltlich. Ein unentbehrliches Accessoire f\u00fcr Ihr Smartphone!<br \/>\nEinfacher Zugriff auf alle wichtigen Anschl\u00fcsse und Funktionen<br \/>\nEinfach zu greifen und bequem zu halten<br \/>\nVerleiht Ihrem Smartphone einen modischen Look<br \/>\nDie perfekte Schutzl\u00f6sung f\u00fcr Ihr Smartphone.<\/p>","protected":false},"excerpt":{"rendered":"<h3>Artikelmerkmale<\/h3>\n<p>Item condition: New with label: New, unused and unworn item in its original packaging<\/p>\n<p><strong>Technische Daten<\/strong><\/p>\n<p>OE-Referenznummer: BACK-FAST-RD-PXL5<br \/>\nMarke: Weycolor<br \/>\nFarbe: Rot<br \/>\nLieferumfang: 1x Soft Touch Schutzh\u00fclle<br \/>\nSonderfunktionen: Sch\u00fctzend<br \/>\nMaterial: Silikongel<br \/>\nKompatibilit\u00e4t des Produkts: Google Pixel 5<\/p>","protected":false},"featured_media":80068,"comment_status":"open","ping_status":"closed","template":"","meta":{"_seopress_robots_primary_cat":"","_seopress_titles_title":"","_seopress_titles_desc":"","_seopress_robots_index":""},"product_brand":[],"product_cat":[1730],"product_tag":[],"class_list":{"0":"post-79947","1":"product","2":"type-product","3":"status-publish","4":"has-post-thumbnail","6":"product_cat-sonstiges-2","7":"product_shipping_class-standard-versand","9":"first","10":"instock","11":"sale","12":"taxable","13":"shipping-taxable","14":"purchasable","15":"product-type-simple"},"_links":{"self":[{"href":"https:\/\/www.soanam.de\/en\/wp-json\/wp\/v2\/product\/79947","targetHints":{"allow":["GET"]}}],"collection":[{"href":"https:\/\/www.soanam.de\/en\/wp-json\/wp\/v2\/product"}],"about":[{"href":"https:\/\/www.soanam.de\/en\/wp-json\/wp\/v2\/types\/product"}],"replies":[{"embeddable":true,"href":"https:\/\/www.soanam.de\/en\/wp-json\/wp\/v2\/comments?post=79947"}],"wp:featuredmedia":[{"embeddable":true,"href":"https:\/\/www.soanam.de\/en\/wp-json\/wp\/v2\/media\/80068"}],"wp:attachment":[{"href":"https:\/\/www.soanam.de\/en\/wp-json\/wp\/v2\/media?parent=79947"}],"wp:term":[{"taxonomy":"product_brand","embeddable":true,"href":"https:\/\/www.soanam.de\/en\/wp-json\/wp\/v2\/product_brand?post=79947"},{"taxonomy":"product_cat","embeddable":true,"href":"https:\/\/www.soanam.de\/en\/wp-json\/wp\/v2\/product_cat?post=79947"},{"taxonomy":"product_tag","embeddable":true,"href":"https:\/\/www.soanam.de\/en\/wp-json\/wp\/v2\/product_tag?post=79947"}],"curies":[{"name":"wp","href":"https:\/\/api.w.org\/{rel}","templated":true}]}}