{"id":79823,"date":"2023-12-13T23:19:52","date_gmt":"2023-12-13T22:19:52","guid":{"rendered":"https:\/\/www.soanam.de\/?post_type=product&#038;p=79823"},"modified":"2023-12-13T23:54:47","modified_gmt":"2023-12-13T22:54:47","slug":"bench-sweathose-mit-seitenstreifen-und-geradem-bein-in-mint-schwarz-groesse-36-38","status":"publish","type":"product","link":"https:\/\/www.soanam.de\/en\/produkt\/bench-sweathose-mit-seitenstreifen-und-geradem-bein-in-mint-schwarz-groesse-36-38\/","title":{"rendered":"Bench. Sweat trousers with side stripes and straight leg, in mint-black, size 36\/38"},"content":{"rendered":"<p>Loungehose mit Logodruck von Bench.<br \/>\nMit Seitenstreifen<br \/>\nGerade Hosenbeinform<br \/>\nElastisches Rippb\u00fcndchen mit Tunnelzug<br \/>\nMade from stretchy interlock jersey<\/p>\n<p>Die seitlichen Steifen und der dezente Logodruck auf den geraden Hosenbeinen verleihen den Pants von Bench einen sportlichen Look.<br \/>\nUm dir rund um die H\u00fcften ein tolles Tragegef\u00fchl zu geben, ist die Jogginghose mit einem elastischen Rippb\u00fcndchen ausgestattet, aufgrund des weichen Interlock-Jersey ist der Wohlf\u00fchlfaktor zu 100% garantiert.<\/p>\n<p>Material: 60% cotton , 40% polyester<br \/>\nCare instructions: Machine wash<\/p>\n<p>Farbe: mint, schwarz<br \/>\nPattern: Side stripes<br \/>\nSize: 36\/38<\/p>\n<p>Waist size: 71cm<br \/>\nHip circumference: 98cm<br \/>\nStep length: 75cm<br \/>\nTotal length: 100cm<\/p>","protected":false},"excerpt":{"rendered":"<table class=\"dv_characteristicsTable\">\n<tbody>\n<tr>\n<td class=\"left\">Size<\/td>\n<td>36\/38<\/td>\n<\/tr>\n<tr>\n<td class=\"left\">Gr\u00f6\u00dfentyp<\/td>\n<td>Normalgr\u00f6\u00dfen<\/td>\n<\/tr>\n<tr>\n<td class=\"left\">Material composition<\/td>\n<td>Obermaterial: 60% Baumwolle\u00a0, 40% Polyester<\/td>\n<\/tr>\n<tr>\n<td class=\"left\">Materialart<\/td>\n<td>Jersey, Interlock<\/td>\n<\/tr>\n<tr>\n<td class=\"left\">Care instructions<\/td>\n<td>Machine wash<\/td>\n<\/tr>\n<tr>\n<td class=\"left\">Optik<\/td>\n<td>unifarben mit Farbeinsatz<\/td>\n<\/tr>\n<tr>\n<td class=\"left\">Stil<\/td>\n<td>casual<\/td>\n<\/tr>\n<tr>\n<td class=\"left\">Color<\/td>\n<td>mint, schwarz<\/td>\n<\/tr>\n<tr>\n<td class=\"left\">Leibh\u00f6he<\/td>\n<td>normal<\/td>\n<\/tr>\n<tr>\n<td class=\"left\">Bundabschluss<\/td>\n<td>breiter Bund<\/td>\n<\/tr>\n<tr>\n<td class=\"left\">Bundabschlussdetails<\/td>\n<td>mit Tunnelzug<\/td>\n<\/tr>\n<tr>\n<td class=\"left\">Beinabschluss<\/td>\n<td>abgesteppt<\/td>\n<\/tr>\n<tr>\n<td class=\"left\">Beinform<\/td>\n<td>gerade<\/td>\n<\/tr>\n<tr>\n<td class=\"left\">Fit<\/td>\n<td>bequem<\/td>\n<\/tr>\n<tr>\n<td class=\"left\">Schnittform L\u00e4nge<\/td>\n<td>lang<\/td>\n<\/tr>\n<tr>\n<td class=\"left\">Applikationen<\/td>\n<td>Logo printing<\/td>\n<\/tr>\n<tr>\n<td class=\"left\">Bags<\/td>\n<td>Ohne Taschen<\/td>\n<\/tr>\n<tr>\n<td class=\"left\">Verschluss<\/td>\n<td>Bindeband<\/td>\n<\/tr>\n<tr>\n<td class=\"left\">Verschlussdetails<\/td>\n<td>zum Binden<\/td>\n<\/tr>\n<tr>\n<td class=\"left\">Besondere Merkmale<\/td>\n<td>mit Seitenstreifen und geradem Bein<\/td>\n<\/tr>\n<\/tbody>\n<\/table>","protected":false},"featured_media":79950,"comment_status":"open","ping_status":"closed","template":"","meta":{"_seopress_robots_primary_cat":"","_seopress_titles_title":"","_seopress_titles_desc":"","_seopress_robots_index":""},"product_brand":[],"product_cat":[1348,1402,1584],"product_tag":[],"class_list":{"0":"post-79823","1":"product","2":"type-product","3":"status-publish","4":"has-post-thumbnail","6":"product_cat-damen-mode","7":"product_cat-sportbekleidung-damen-mode","8":"product_cat-jogginghosen-sportbekleidung-damen-mode","9":"product_shipping_class-standard-versand","11":"first","12":"instock","13":"taxable","14":"shipping-taxable","15":"purchasable","16":"product-type-simple"},"_links":{"self":[{"href":"https:\/\/www.soanam.de\/en\/wp-json\/wp\/v2\/product\/79823","targetHints":{"allow":["GET"]}}],"collection":[{"href":"https:\/\/www.soanam.de\/en\/wp-json\/wp\/v2\/product"}],"about":[{"href":"https:\/\/www.soanam.de\/en\/wp-json\/wp\/v2\/types\/product"}],"replies":[{"embeddable":true,"href":"https:\/\/www.soanam.de\/en\/wp-json\/wp\/v2\/comments?post=79823"}],"wp:featuredmedia":[{"embeddable":true,"href":"https:\/\/www.soanam.de\/en\/wp-json\/wp\/v2\/media\/79950"}],"wp:attachment":[{"href":"https:\/\/www.soanam.de\/en\/wp-json\/wp\/v2\/media?parent=79823"}],"wp:term":[{"taxonomy":"product_brand","embeddable":true,"href":"https:\/\/www.soanam.de\/en\/wp-json\/wp\/v2\/product_brand?post=79823"},{"taxonomy":"product_cat","embeddable":true,"href":"https:\/\/www.soanam.de\/en\/wp-json\/wp\/v2\/product_cat?post=79823"},{"taxonomy":"product_tag","embeddable":true,"href":"https:\/\/www.soanam.de\/en\/wp-json\/wp\/v2\/product_tag?post=79823"}],"curies":[{"name":"wp","href":"https:\/\/api.w.org\/{rel}","templated":true}]}}