{"id":79711,"date":"2023-12-13T23:17:09","date_gmt":"2023-12-13T22:17:09","guid":{"rendered":"https:\/\/www.soanam.de\/?post_type=product&#038;p=79711"},"modified":"2023-12-13T23:20:35","modified_gmt":"2023-12-13T22:20:35","slug":"horseware-ireland-amigo-stable-sheet-fig-navy-tan-gr-155-cm","status":"publish","type":"product","link":"https:\/\/www.soanam.de\/en\/produkt\/horseware-ireland-amigo-stable-sheet-fig-navy-tan-gr-155-cm\/","title":{"rendered":"Horseware Ireland Amigo Stable Sheet Fig \/ Navy &amp; Tan , size 155 cm"},"content":{"rendered":"<h3>Description<\/h3>\n<p>Mit den Amigo-Modellen bietet Horseware traditionell robuste, leichte Stalldecken. Wer eine leichte und d\u00fcnne Decke f\u00fcr den Stall und den Transport sucht, ist mit dieser Horseware Decke bestens bedient. Sie sch\u00fctzt das Pony zuverl\u00e4ssig vor Schmutz und Staub. Eignet sich besonders gut f\u00fcr k\u00fchlere Sommern\u00e4chte und moderate Temperaturen in der \u00dcbergangszeit sowie f\u00fcr den Transport.<\/p>\n<p>Die Horseware Amigo Cooler Abschwitzdecke \u00fcberzeugt durch modisches Design, \u00e4u\u00dferst schnelle Abschwitzfunktion.<\/p>\n<p>- die Decke besteht aus weichem Polyester, innen ist sie leicht angeraut<br \/>\n- die Decke saugt Feuchtigkeit sofort auf und leitet diese nach au\u00dfen ab<br \/>\n- die Au\u00dfenseite ist besonders glatt gewebt, damit kein Schmutz, Heu oder Stroh am Pferd h\u00e4ngen bleiben<br \/>\n- die Decke l\u00e4sst sich sehr leicht reinigen<br \/>\n- geb\u00fcrstetes Polyester<br \/>\n- T-Frontverschluss<br \/>\n- abnehmbare Kreuzbegurtung<br \/>\n- Schweifkordel<br \/>\n- waschbar bei 30\u00b0<\/p>\n<p>Diese klassische Horseware Abschwitzdecke besitzt Schweifschn\u00fcre ohne Karabiner und jetzt neu, einen T-Frontverschluss.<\/p>\n<p>Material:<br \/>\n100% Polyester<\/p>","protected":false},"excerpt":{"rendered":"<h3>Artikelmerkmale<\/h3>\n<p>Item condition: New with label: New, unused and unworn item in its original packaging<\/p>\n<p><strong>At a glance<\/strong><\/p>\n<ul>\n<li>Pony-Schnitt<\/li>\n<li>100% ringgesponnenes Polyester<\/li>\n<li>Seidiges Innenfutter im Brustbereich<\/li>\n<li>Doppelter T-Haken Frontverschluss<\/li>\n<li>Verstellbare Kreuzgurte<\/li>\n<li>Schweifkordel<\/li>\n<\/ul>","protected":false},"featured_media":79850,"comment_status":"open","ping_status":"closed","template":"","meta":{"_seopress_robots_primary_cat":"","_seopress_titles_title":"","_seopress_titles_desc":"","_seopress_robots_index":""},"product_brand":[],"product_cat":[1730],"product_tag":[],"class_list":{"0":"post-79711","1":"product","2":"type-product","3":"status-publish","4":"has-post-thumbnail","6":"product_cat-sonstiges-2","7":"product_shipping_class-standard-versand","9":"first","10":"instock","11":"sale","12":"taxable","13":"shipping-taxable","14":"purchasable","15":"product-type-simple"},"_links":{"self":[{"href":"https:\/\/www.soanam.de\/en\/wp-json\/wp\/v2\/product\/79711","targetHints":{"allow":["GET"]}}],"collection":[{"href":"https:\/\/www.soanam.de\/en\/wp-json\/wp\/v2\/product"}],"about":[{"href":"https:\/\/www.soanam.de\/en\/wp-json\/wp\/v2\/types\/product"}],"replies":[{"embeddable":true,"href":"https:\/\/www.soanam.de\/en\/wp-json\/wp\/v2\/comments?post=79711"}],"wp:featuredmedia":[{"embeddable":true,"href":"https:\/\/www.soanam.de\/en\/wp-json\/wp\/v2\/media\/79850"}],"wp:attachment":[{"href":"https:\/\/www.soanam.de\/en\/wp-json\/wp\/v2\/media?parent=79711"}],"wp:term":[{"taxonomy":"product_brand","embeddable":true,"href":"https:\/\/www.soanam.de\/en\/wp-json\/wp\/v2\/product_brand?post=79711"},{"taxonomy":"product_cat","embeddable":true,"href":"https:\/\/www.soanam.de\/en\/wp-json\/wp\/v2\/product_cat?post=79711"},{"taxonomy":"product_tag","embeddable":true,"href":"https:\/\/www.soanam.de\/en\/wp-json\/wp\/v2\/product_tag?post=79711"}],"curies":[{"name":"wp","href":"https:\/\/api.w.org\/{rel}","templated":true}]}}