{"id":79688,"date":"2023-12-13T23:16:44","date_gmt":"2023-12-13T22:16:44","guid":{"rendered":"https:\/\/www.soanam.de\/?post_type=product&#038;p=79688"},"modified":"2023-12-13T23:19:31","modified_gmt":"2023-12-13T22:19:31","slug":"reebok-jogginganzug-mit-linearem-reebok-logo-in-schwarz-weiss-groesse-m","status":"publish","type":"product","link":"https:\/\/www.soanam.de\/en\/produkt\/reebok-jogginganzug-mit-linearem-reebok-logo-in-schwarz-weiss-groesse-m\/","title":{"rendered":"Reebok Jogginganzug mit linearem Reebok Logo , in Schwarz \/ Wei\u00df, Gr\u00f6\u00dfe M"},"content":{"rendered":"<p>2-piece jogging suit from Reebok<br \/>\nWith linear Reebok logo<br \/>\nSlim fit trousers<br \/>\nRelaxed top<br \/>\nWith soft fleece lining<\/p>\n<p>Train in style and comfort in this women's tracksuit.<br \/>\nThe top has a relaxed fit so that you feel comfortable and can move freely.<br \/>\nThe slim-fit pants are ribbed at the cuffs to prevent them from slipping.<\/p>\n<p>Material: 70 % cotton and 30 % polyester<br \/>\nCare instructions: Machine wash<\/p>\n<p>Color: black, white<br \/>\nPattern: linear logo<br \/>\nSize: M<\/p>\n<p>Top part dimensions<br \/>\nShoulder width: 56cm<br \/>\nChest width: 114cm<br \/>\nSleeve length: 54cm<br \/>\nTotal length: 60cm<\/p>\n<p>Pants dimensions<br \/>\nWaist size: 70cm<br \/>\nHip circumference: 106cm<br \/>\nStep length: 69cm<br \/>\nTotal length: 100cm<\/p>\n<p>This new item is a customer return without a label.<\/p>","protected":false},"excerpt":{"rendered":"<table class=\"woocommerce-product-attributes shop_attributes\">\n<tbody>\n<tr class=\"woocommerce-product-attributes-item woocommerce-product-attributes-item--attribute_pa_soort\">\n<th class=\"woocommerce-product-attributes-item__label\"><span>Zweck<\/span><\/th>\n<td class=\"woocommerce-product-attributes-item__value\"><span>SPORTKLEIDUNG<\/span><\/td>\n<\/tr>\n<tr class=\"woocommerce-product-attributes-item woocommerce-product-attributes-item--attribute_pa_merk\">\n<th class=\"woocommerce-product-attributes-item__label\"><span>Brand<\/span><\/th>\n<td class=\"woocommerce-product-attributes-item__value\"><span>Reebok<\/span><\/td>\n<\/tr>\n<tr class=\"woocommerce-product-attributes-item woocommerce-product-attributes-item--attribute_pa_maat\">\n<th class=\"woocommerce-product-attributes-item__label\"><span>Size<\/span><\/th>\n<td class=\"woocommerce-product-attributes-item__value\"><span>M<\/span><\/td>\n<\/tr>\n<tr class=\"woocommerce-product-attributes-item woocommerce-product-attributes-item--attribute_pa_kleur\">\n<th class=\"woocommerce-product-attributes-item__label\"><span>Color<\/span><\/th>\n<td class=\"woocommerce-product-attributes-item__value\"><span>Black, White<\/span><\/td>\n<\/tr>\n<tr class=\"woocommerce-product-attributes-item woocommerce-product-attributes-item--attribute_pa_geslacht\">\n<th class=\"woocommerce-product-attributes-item__label\"><span>Sex<\/span><\/th>\n<td class=\"woocommerce-product-attributes-item__value\"><span>Damen<\/span><\/td>\n<\/tr>\n<tr class=\"woocommerce-product-attributes-item woocommerce-product-attributes-item--attribute_pa_ean\">\n<th class=\"woocommerce-product-attributes-item__label\"><span>EAN<\/span><\/th>\n<td class=\"woocommerce-product-attributes-item__value\"><span>4060522544976<\/span><\/td>\n<\/tr>\n<tr class=\"woocommerce-product-attributes-item woocommerce-product-attributes-item--attribute_pa_webshop\">\n<th class=\"woocommerce-product-attributes-item__label\"><span>Anzahl Teile<\/span><\/th>\n<td class=\"woocommerce-product-attributes-item__value\"><span>2<\/span><\/td>\n<\/tr>\n<tr class=\"woocommerce-product-attributes-item woocommerce-product-attributes-item--attribute_pa_specifieke-kleur\">\n<th class=\"woocommerce-product-attributes-item__label\"><span>spezifische Farbe<\/span><\/th>\n<td class=\"woocommerce-product-attributes-item__value\"><span>SCHWARZ<\/span><\/td>\n<\/tr>\n<tr class=\"woocommerce-product-attributes-item woocommerce-product-attributes-item--attribute_pa_extra-informatie\">\n<th class=\"woocommerce-product-attributes-item__label\"><span>Zusatzinformation<\/span><\/th>\n<td class=\"woocommerce-product-attributes-item__value\"><span>Elastischer Bund, Fleece aus 70 % Baumwolle und 30 % Polyester, Rippb\u00fcndchen an Sweatshirt und Hose, entspanntes Oberteil;\u00a0Slim-Fit-Hose, Rundhalsausschnitt<\/span><\/td>\n<\/tr>\n<\/tbody>\n<\/table>","protected":false},"featured_media":79812,"comment_status":"open","ping_status":"closed","template":"","meta":{"_seopress_robots_primary_cat":"","_seopress_titles_title":"","_seopress_titles_desc":"","_seopress_robots_index":""},"product_brand":[],"product_cat":[1348,1402,1587],"product_tag":[],"class_list":{"0":"post-79688","1":"product","2":"type-product","3":"status-publish","4":"has-post-thumbnail","6":"product_cat-damen-mode","7":"product_cat-sportbekleidung-damen-mode","8":"product_cat-jogginganzuege","9":"product_shipping_class-standard-versand","11":"first","12":"instock","13":"sale","14":"taxable","15":"shipping-taxable","16":"purchasable","17":"product-type-simple"},"_links":{"self":[{"href":"https:\/\/www.soanam.de\/en\/wp-json\/wp\/v2\/product\/79688","targetHints":{"allow":["GET"]}}],"collection":[{"href":"https:\/\/www.soanam.de\/en\/wp-json\/wp\/v2\/product"}],"about":[{"href":"https:\/\/www.soanam.de\/en\/wp-json\/wp\/v2\/types\/product"}],"replies":[{"embeddable":true,"href":"https:\/\/www.soanam.de\/en\/wp-json\/wp\/v2\/comments?post=79688"}],"wp:featuredmedia":[{"embeddable":true,"href":"https:\/\/www.soanam.de\/en\/wp-json\/wp\/v2\/media\/79812"}],"wp:attachment":[{"href":"https:\/\/www.soanam.de\/en\/wp-json\/wp\/v2\/media?parent=79688"}],"wp:term":[{"taxonomy":"product_brand","embeddable":true,"href":"https:\/\/www.soanam.de\/en\/wp-json\/wp\/v2\/product_brand?post=79688"},{"taxonomy":"product_cat","embeddable":true,"href":"https:\/\/www.soanam.de\/en\/wp-json\/wp\/v2\/product_cat?post=79688"},{"taxonomy":"product_tag","embeddable":true,"href":"https:\/\/www.soanam.de\/en\/wp-json\/wp\/v2\/product_tag?post=79688"}],"curies":[{"name":"wp","href":"https:\/\/api.w.org\/{rel}","templated":true}]}}