{"id":79611,"date":"2023-12-13T23:15:05","date_gmt":"2023-12-13T22:15:05","guid":{"rendered":"https:\/\/www.soanam.de\/?post_type=product&#038;p=79611"},"modified":"2023-12-13T23:17:15","modified_gmt":"2023-12-13T22:17:15","slug":"lascana-bestickte-strandhose-in-khaki-groesse-36","status":"publish","type":"product","link":"https:\/\/www.soanam.de\/en\/produkt\/lascana-bestickte-strandhose-in-khaki-groesse-36\/","title":{"rendered":"LASCANA embroidered beach pants, in khaki, size 36"},"content":{"rendered":"<p>Locker geschnittene Webhose von Lascana<br \/>\nGummizug mit Kordel<br \/>\nMit Stickerei auf dem Bein<br \/>\nGerade Beinform mit B\u00fcndchen<br \/>\nAus leichter Viskose<\/p>\n<p>Die leichte, gerade geschnittene Webhose wird durch die B\u00fcndchen an den Beinabschl\u00fcssen und den breiten Gummizugbund mit Kordel wahnsinnig gem\u00fctlich.<br \/>\nDie angesagte Strandhose von Lascana mit gro\u00dfer Blumenstickerei am Bein ist zudem auf Grund der Viskose Qualit\u00e4t angenehm k\u00fchl und leicht.<\/p>\n<p>Material: Obermaterial: 100% Viskose. B\u00fcndchen: 95% Baumwolle, 5% Elasthan<br \/>\nCare instructions: Machine wash<\/p>\n<p>Color: khaki<br \/>\nPattern: Flowers<br \/>\nSize: 36<\/p>\n<p>Bundweite: 75cm<br \/>\nH\u00fcftumfang: 100cm<br \/>\nStep length: 77cm<br \/>\nGesamtl\u00e4nge: 101cm<\/p>\n<p>This new item is a customer return without a label.<\/p>","protected":false},"excerpt":{"rendered":"<table class=\"dv_characteristicsTable\">\n<tbody>\n<tr>\n<td class=\"left\">Size<\/td>\n<td>36<\/td>\n<\/tr>\n<tr>\n<td class=\"left\">Gr\u00f6\u00dfentyp<\/td>\n<td>Normalgr\u00f6\u00dfen<\/td>\n<\/tr>\n<tr>\n<td class=\"left\">Material composition<\/td>\n<td>Obermaterial: 100% Viskose. B\u00fcndchen: 95% Baumwolle, 5% Elasthan<\/td>\n<\/tr>\n<tr>\n<td class=\"left\">Materialart<\/td>\n<td>Web<\/td>\n<\/tr>\n<tr>\n<td class=\"left\">Care instructions<\/td>\n<td>Machine wash<\/td>\n<\/tr>\n<tr>\n<td class=\"left\">Stil<\/td>\n<td>modisch<\/td>\n<\/tr>\n<tr>\n<td class=\"left\">Color<\/td>\n<td>khaki<\/td>\n<\/tr>\n<tr>\n<td class=\"left\">Leibh\u00f6he<\/td>\n<td>normal<\/td>\n<\/tr>\n<tr>\n<td class=\"left\">Bundabschluss<\/td>\n<td>elastischer Bund<\/td>\n<\/tr>\n<tr>\n<td class=\"left\">Bundabschlussdetails<\/td>\n<td>Kordel mit Metallenden<\/td>\n<\/tr>\n<tr>\n<td class=\"left\">Beinabschluss<\/td>\n<td>Ribbed cuffs<\/td>\n<\/tr>\n<tr>\n<td class=\"left\">Beinabschlussdetails<\/td>\n<td>mit Gummizug<\/td>\n<\/tr>\n<tr>\n<td class=\"left\">Fit<\/td>\n<td>gerade<\/td>\n<\/tr>\n<tr>\n<td class=\"left\">Schnittform L\u00e4nge<\/td>\n<td>lang<\/td>\n<\/tr>\n<tr>\n<td class=\"left\">Applikationen<\/td>\n<td>Stickerei<\/td>\n<\/tr>\n<tr>\n<td class=\"left\">Bags<\/td>\n<td>Pockets<\/td>\n<\/tr>\n<tr>\n<td class=\"left\">Besondere Merkmale<\/td>\n<td>mit Blumenstickerei<\/td>\n<\/tr>\n<\/tbody>\n<\/table>","protected":false},"featured_media":79714,"comment_status":"open","ping_status":"closed","template":"","meta":{"_seopress_robots_primary_cat":"","_seopress_titles_title":"","_seopress_titles_desc":"","_seopress_robots_index":""},"product_brand":[],"product_cat":[1348,1349,1396,1574],"product_tag":[],"class_list":{"0":"post-79611","1":"product","2":"type-product","3":"status-publish","4":"has-post-thumbnail","6":"product_cat-damen-mode","7":"product_cat-hosen-damen-mode","8":"product_cat-stoffhosen-hosen-damen-mode","9":"product_cat-sommerhosen","10":"product_shipping_class-standard-versand","12":"first","13":"instock","14":"sale","15":"taxable","16":"shipping-taxable","17":"purchasable","18":"product-type-simple"},"_links":{"self":[{"href":"https:\/\/www.soanam.de\/en\/wp-json\/wp\/v2\/product\/79611","targetHints":{"allow":["GET"]}}],"collection":[{"href":"https:\/\/www.soanam.de\/en\/wp-json\/wp\/v2\/product"}],"about":[{"href":"https:\/\/www.soanam.de\/en\/wp-json\/wp\/v2\/types\/product"}],"replies":[{"embeddable":true,"href":"https:\/\/www.soanam.de\/en\/wp-json\/wp\/v2\/comments?post=79611"}],"wp:featuredmedia":[{"embeddable":true,"href":"https:\/\/www.soanam.de\/en\/wp-json\/wp\/v2\/media\/79714"}],"wp:attachment":[{"href":"https:\/\/www.soanam.de\/en\/wp-json\/wp\/v2\/media?parent=79611"}],"wp:term":[{"taxonomy":"product_brand","embeddable":true,"href":"https:\/\/www.soanam.de\/en\/wp-json\/wp\/v2\/product_brand?post=79611"},{"taxonomy":"product_cat","embeddable":true,"href":"https:\/\/www.soanam.de\/en\/wp-json\/wp\/v2\/product_cat?post=79611"},{"taxonomy":"product_tag","embeddable":true,"href":"https:\/\/www.soanam.de\/en\/wp-json\/wp\/v2\/product_tag?post=79611"}],"curies":[{"name":"wp","href":"https:\/\/api.w.org\/{rel}","templated":true}]}}