{"id":79605,"date":"2023-12-13T23:15:03","date_gmt":"2023-12-13T22:15:03","guid":{"rendered":"https:\/\/www.soanam.de\/?post_type=product&#038;p=79605"},"modified":"2023-12-13T23:16:48","modified_gmt":"2023-12-13T22:16:48","slug":"lascana-active-push-up-sports-bra-in-white-size-80c","status":"publish","type":"product","link":"https:\/\/www.soanam.de\/en\/produkt\/lascana-active-push-up-sport-bh-in-weiss-groesse-80c\/","title":{"rendered":"LASCANA ACTIVE push-up sports bra, in white, size 80C"},"content":{"rendered":"<p>Sports push-up bra from Lascana Active<br \/>\nWith seamless molded cups<br \/>\nModern racerback<br \/>\nElastic, wide straps with logo<br \/>\nAdjustable straps and back closure<\/p>\n<p>The casual sports push-up bra from LASCANA ACTIVE impresses with its functionality and fashionable design.<br \/>\nThe seamless, pre-shaped cups have an integrated underwire and, together with the fashionable racerback, provide good support.<br \/>\nThe bra is ideal for sports such as weight training or ball sports thanks to its medium load-bearing capacity. The front of the cups are covered with a sporty mesh material and the back of the sports bra features soft, comfortable micro-touch material.<\/p>\n<p>Material: 67% polyamide, 20% elastane, 13% polyester<br \/>\nCare instructions: Hand wash<\/p>\n<p>Color: white<br \/>\nPattern: Net<br \/>\nSize: 80C<\/p>\n<p>Underbust girth: 80<br \/>\nCup size: Cup C<\/p>","protected":false},"excerpt":{"rendered":"<table class=\"dv_characteristicsTable\">\n<caption>MASSANGABE<\/caption>\n<tbody>\n<tr>\n<td class=\"left\">K\u00f6rbchengr\u00f6\u00dfe<\/td>\n<td>Cup C<\/td>\n<\/tr>\n<tr>\n<td class=\"left\">Unterbrustumfang<\/td>\n<td>80<\/td>\n<\/tr>\n<\/tbody>\n<\/table>\n<table class=\"dv_characteristicsTable\">\n<caption>COLOR<\/caption>\n<tbody>\n<tr>\n<td class=\"left\">Color<\/td>\n<td>wei\u00df<\/td>\n<\/tr>\n<\/tbody>\n<\/table>\n<table class=\"dv_characteristicsTable\">\n<caption>MATERIAL<\/caption>\n<tbody>\n<tr>\n<td class=\"left\">Material composition<\/td>\n<td>Obermaterial: 67% Polyamid, 20% Elasthan, 13% Polyester<\/td>\n<\/tr>\n<tr>\n<td class=\"left\">Materialart<\/td>\n<td>Netz<br \/>\nMicrotouch<\/td>\n<\/tr>\n<tr>\n<td class=\"left\">Care instructions<\/td>\n<td>Hand wash<\/td>\n<\/tr>\n<\/tbody>\n<\/table>\n<table class=\"dv_characteristicsTable\">\n<caption>OPTIK\/STIL<\/caption>\n<tbody>\n<tr>\n<td class=\"left\">Stil<\/td>\n<td>sportlich<\/td>\n<\/tr>\n<\/tbody>\n<\/table>\n<table class=\"dv_characteristicsTable\">\n<caption>FUNKTIONEN<\/caption>\n<tbody>\n<tr>\n<td class=\"left\">Funktionen<\/td>\n<td>vergr\u00f6\u00dfert optisch die Br\u00fcste<\/td>\n<\/tr>\n<\/tbody>\n<\/table>\n<table class=\"dv_characteristicsTable\">\n<caption>K\u00d6RBCHEN \/ CUP<\/caption>\n<tbody>\n<tr>\n<td class=\"left\">Cupdetails<\/td>\n<td>nahtlos vorgeformt<\/td>\n<\/tr>\n<tr>\n<td class=\"left\">B\u00fcgel<\/td>\n<td>mit B\u00fcgel<\/td>\n<\/tr>\n<tr>\n<td class=\"left\">Art Push-up-Effekt<\/td>\n<td>mit integriertem Kissen<\/td>\n<\/tr>\n<\/tbody>\n<\/table>\n<table class=\"dv_characteristicsTable\">\n<caption>BH-TR\u00c4GER<\/caption>\n<tbody>\n<tr>\n<td class=\"left\">Tr\u00e4ger<\/td>\n<td>mit Tr\u00e4ger<\/td>\n<\/tr>\n<tr>\n<td class=\"left\">Tr\u00e4gerdetails<\/td>\n<td>im R\u00fccken gekreuzt<\/td>\n<\/tr>\n<\/tbody>\n<\/table>\n<table class=\"dv_characteristicsTable\">\n<caption>BH-R\u00dcCKENTEIL<\/caption>\n<tbody>\n<tr>\n<td class=\"left\">R\u00fcckenteil<\/td>\n<td>Racerbackr\u00fccken<\/td>\n<\/tr>\n<\/tbody>\n<\/table>\n<table class=\"dv_characteristicsTable\">\n<caption>VERSCHLUSS<\/caption>\n<tbody>\n<tr>\n<td class=\"left\">Verschluss<\/td>\n<td>Haken &amp; \u00d6sen<\/td>\n<\/tr>\n<tr>\n<td class=\"left\">Verschlussdetails<\/td>\n<td>hinten<\/td>\n<\/tr>\n<\/tbody>\n<\/table>\n<table class=\"dv_characteristicsTable\">\n<caption>FUNKTIONEN<\/caption>\n<tbody>\n<tr>\n<td class=\"left\">Belastungsgrad<\/td>\n<td>mittel<\/td>\n<\/tr>\n<\/tbody>\n<\/table>","protected":false},"featured_media":79692,"comment_status":"open","ping_status":"closed","template":"","meta":{"_seopress_robots_primary_cat":"","_seopress_titles_title":"","_seopress_titles_desc":"","_seopress_robots_index":""},"product_brand":[],"product_cat":[1348,1444,1516],"product_tag":[],"class_list":{"0":"post-79605","1":"product","2":"type-product","3":"status-publish","4":"has-post-thumbnail","6":"product_cat-damen-mode","7":"product_cat-unterwaesche","8":"product_cat-bhs","9":"product_shipping_class-standard-versand","11":"first","12":"instock","13":"taxable","14":"shipping-taxable","15":"purchasable","16":"product-type-simple"},"_links":{"self":[{"href":"https:\/\/www.soanam.de\/en\/wp-json\/wp\/v2\/product\/79605","targetHints":{"allow":["GET"]}}],"collection":[{"href":"https:\/\/www.soanam.de\/en\/wp-json\/wp\/v2\/product"}],"about":[{"href":"https:\/\/www.soanam.de\/en\/wp-json\/wp\/v2\/types\/product"}],"replies":[{"embeddable":true,"href":"https:\/\/www.soanam.de\/en\/wp-json\/wp\/v2\/comments?post=79605"}],"wp:featuredmedia":[{"embeddable":true,"href":"https:\/\/www.soanam.de\/en\/wp-json\/wp\/v2\/media\/79692"}],"wp:attachment":[{"href":"https:\/\/www.soanam.de\/en\/wp-json\/wp\/v2\/media?parent=79605"}],"wp:term":[{"taxonomy":"product_brand","embeddable":true,"href":"https:\/\/www.soanam.de\/en\/wp-json\/wp\/v2\/product_brand?post=79605"},{"taxonomy":"product_cat","embeddable":true,"href":"https:\/\/www.soanam.de\/en\/wp-json\/wp\/v2\/product_cat?post=79605"},{"taxonomy":"product_tag","embeddable":true,"href":"https:\/\/www.soanam.de\/en\/wp-json\/wp\/v2\/product_tag?post=79605"}],"curies":[{"name":"wp","href":"https:\/\/api.w.org\/{rel}","templated":true}]}}