{"id":79583,"date":"2023-12-13T23:14:37","date_gmt":"2023-12-13T22:14:37","guid":{"rendered":"https:\/\/www.soanam.de\/?post_type=product&#038;p=79583"},"modified":"2023-12-13T23:16:38","modified_gmt":"2023-12-13T22:16:38","slug":"s-oliver-schalen-bh-lisette-in-creme-groesse-85c","status":"publish","type":"product","link":"https:\/\/www.soanam.de\/en\/produkt\/s-oliver-schalen-bh-lisette-in-creme-groesse-85c\/","title":{"rendered":"s.Oliver LISETTE cup bra, in cream, size 85C"},"content":{"rendered":"<p>Schalen BH von s.Oliver mit sch\u00f6nem Spitzenr\u00fccken<br \/>\nMit Vorderverschluss<br \/>\nSeamless pre-shaped cups<br \/>\nMit aufgesetztem Spitzenband an der Cupkante<br \/>\nSeitlich und hinten aus Spitze in Netz Optik<br \/>\nTr\u00e4ger verstellbar<\/p>\n<p>Die nahtlos vorgeformten Cups des Schalen-BH LISETTE sind an den Kanten mit einem feinen Spitzenband versehen.<br \/>\nAuch die Seitenteile und die verf\u00fchrerische R\u00fcckenpartie sind aus zarter Spitze gearbeitet und sorgen f\u00fcr die hinrei\u00dfende Optik des BHs.<br \/>\nDer Verschluss des Spitzen-BHs befindet sind ganz praktisch auf der Vorderseite, die Tr\u00e4ger sind verstellbar und die weiche Qualit\u00e4t verspricht angenehmen Tragekomfort.<\/p>\n<p>Material: 85% polyamide, 15% elastane<br \/>\nCare instructions: Hand wash<\/p>\n<p>Color: cream<br \/>\nPattern: Blossoms<br \/>\nSize: 85C<\/p>\n<p>Underbust girth: 85<br \/>\nCup size: Cup C<\/p>","protected":false},"excerpt":{"rendered":"<table class=\"dv_characteristicsTable\">\n<caption>MASSANGABE<\/caption>\n<tbody>\n<tr>\n<td class=\"left\">K\u00f6rbchengr\u00f6\u00dfe<\/td>\n<td>Cup C<\/td>\n<\/tr>\n<tr>\n<td class=\"left\">Unterbrustumfang<\/td>\n<td>85<\/td>\n<\/tr>\n<\/tbody>\n<\/table>\n<table class=\"dv_characteristicsTable\">\n<caption>COLOR<\/caption>\n<tbody>\n<tr>\n<td class=\"left\">Color<\/td>\n<td>creme<\/td>\n<\/tr>\n<\/tbody>\n<\/table>\n<table class=\"dv_characteristicsTable\">\n<caption>MATERIAL<\/caption>\n<tbody>\n<tr>\n<td class=\"left\">Material composition<\/td>\n<td>Obermaterial: 85% Polyamid, 15% Elasthan<\/td>\n<\/tr>\n<tr>\n<td class=\"left\">Care instructions<\/td>\n<td>Hand wash<\/td>\n<\/tr>\n<\/tbody>\n<\/table>\n<table class=\"dv_characteristicsTable\">\n<caption>K\u00d6RBCHEN \/ CUP<\/caption>\n<tbody>\n<tr>\n<td class=\"left\">Cupdetails<\/td>\n<td>mit Schale<br \/>\nnahtlos vorgeformt<\/td>\n<\/tr>\n<tr>\n<td class=\"left\">B\u00fcgel<\/td>\n<td>mit B\u00fcgel<\/td>\n<\/tr>\n<\/tbody>\n<\/table>\n<table class=\"dv_characteristicsTable\">\n<caption>BH-R\u00dcCKENTEIL<\/caption>\n<tbody>\n<tr>\n<td class=\"left\">R\u00fcckenteil<\/td>\n<td>Spitzenr\u00fccken<\/td>\n<\/tr>\n<\/tbody>\n<\/table>\n<table class=\"dv_characteristicsTable\">\n<caption>VERSCHLUSS<\/caption>\n<tbody>\n<tr>\n<td class=\"left\">Verschlussdetails<\/td>\n<td>vorn<\/td>\n<\/tr>\n<\/tbody>\n<\/table>","protected":false},"featured_media":79681,"comment_status":"open","ping_status":"closed","template":"","meta":{"_seopress_robots_primary_cat":"","_seopress_titles_title":"","_seopress_titles_desc":"","_seopress_robots_index":""},"product_brand":[],"product_cat":[1348,1444,1516],"product_tag":[],"class_list":{"0":"post-79583","1":"product","2":"type-product","3":"status-publish","4":"has-post-thumbnail","6":"product_cat-damen-mode","7":"product_cat-unterwaesche","8":"product_cat-bhs","9":"product_shipping_class-standard-versand","11":"first","12":"instock","13":"taxable","14":"shipping-taxable","15":"purchasable","16":"product-type-simple"},"_links":{"self":[{"href":"https:\/\/www.soanam.de\/en\/wp-json\/wp\/v2\/product\/79583","targetHints":{"allow":["GET"]}}],"collection":[{"href":"https:\/\/www.soanam.de\/en\/wp-json\/wp\/v2\/product"}],"about":[{"href":"https:\/\/www.soanam.de\/en\/wp-json\/wp\/v2\/types\/product"}],"replies":[{"embeddable":true,"href":"https:\/\/www.soanam.de\/en\/wp-json\/wp\/v2\/comments?post=79583"}],"wp:featuredmedia":[{"embeddable":true,"href":"https:\/\/www.soanam.de\/en\/wp-json\/wp\/v2\/media\/79681"}],"wp:attachment":[{"href":"https:\/\/www.soanam.de\/en\/wp-json\/wp\/v2\/media?parent=79583"}],"wp:term":[{"taxonomy":"product_brand","embeddable":true,"href":"https:\/\/www.soanam.de\/en\/wp-json\/wp\/v2\/product_brand?post=79583"},{"taxonomy":"product_cat","embeddable":true,"href":"https:\/\/www.soanam.de\/en\/wp-json\/wp\/v2\/product_cat?post=79583"},{"taxonomy":"product_tag","embeddable":true,"href":"https:\/\/www.soanam.de\/en\/wp-json\/wp\/v2\/product_tag?post=79583"}],"curies":[{"name":"wp","href":"https:\/\/api.w.org\/{rel}","templated":true}]}}