{"id":79562,"date":"2023-12-13T23:14:08","date_gmt":"2023-12-13T22:14:08","guid":{"rendered":"https:\/\/www.soanam.de\/?post_type=product&#038;p=79562"},"modified":"2023-12-13T23:16:00","modified_gmt":"2023-12-13T22:16:00","slug":"jette-push-up-bh-mit-leopardenmuster-in-leo-groesse-85d","status":"publish","type":"product","link":"https:\/\/www.soanam.de\/en\/produkt\/jette-push-up-bh-mit-leopardenmuster-in-leo-groesse-85d\/","title":{"rendered":"JETTE push-up bra with leopard print, in leo, size 85D"},"content":{"rendered":"<p>Push-up-BH von Jette Joop<br \/>\nMit nicht herausnehmbaren Kissen<br \/>\nModisches Leomuster<br \/>\nDoppelte Spaghettitr\u00e4ger<br \/>\nMetall-Logo am Steg<\/p>\n<p>Das wilde Leomuster und die geformten Cups mit nicht herausnehmbaren Kissen zaubern ein verf\u00fchrerisches Dekollet\u00e9, dazu kommt die feine Spitze, die sich an den Seitenteilen entlangzieht.<br \/>\nDie doppelten Spaghettitr\u00e4ger sind verstellbar und geben perfekten Halt.<br \/>\nEin kleines Metall-Logo am schmalen Steg perfektioniert den reizvollen Look des Push-up-BH von Jette Joop.<\/p>\n<p>Material: 90% polyamide, 10% elastane<br \/>\nCare instructions: Hand wash<\/p>\n<p>Farbe: leo<br \/>\nPattern: leo<br \/>\nSize: 85D<\/p>\n<p>Underbust girth: 85<br \/>\nCup size: Cup D<\/p>","protected":false},"excerpt":{"rendered":"<table class=\"dv_characteristicsTable\">\n<caption>MASSANGABE<\/caption>\n<tbody>\n<tr>\n<td class=\"left\">K\u00f6rbchengr\u00f6\u00dfe<\/td>\n<td>Cup D<\/td>\n<\/tr>\n<tr>\n<td class=\"left\">Unterbrustumfang<\/td>\n<td>85<\/td>\n<\/tr>\n<\/tbody>\n<\/table>\n<table class=\"dv_characteristicsTable\">\n<caption>COLOR<\/caption>\n<tbody>\n<tr>\n<td class=\"left\">Color<\/td>\n<td>leo<br \/>\nbedruckt<\/td>\n<\/tr>\n<\/tbody>\n<\/table>\n<table class=\"dv_characteristicsTable\">\n<caption>MATERIAL<\/caption>\n<tbody>\n<tr>\n<td class=\"left\">Material composition<\/td>\n<td>Obermaterial: 90% Polyamid, 10% Elasthan<\/td>\n<\/tr>\n<tr>\n<td class=\"left\">Care instructions<\/td>\n<td>Hand wash<\/td>\n<\/tr>\n<\/tbody>\n<\/table>","protected":false},"featured_media":79657,"comment_status":"open","ping_status":"closed","template":"","meta":{"_seopress_robots_primary_cat":"","_seopress_titles_title":"","_seopress_titles_desc":"","_seopress_robots_index":""},"product_brand":[],"product_cat":[1348,1444,1516],"product_tag":[],"class_list":{"0":"post-79562","1":"product","2":"type-product","3":"status-publish","4":"has-post-thumbnail","6":"product_cat-damen-mode","7":"product_cat-unterwaesche","8":"product_cat-bhs","9":"product_shipping_class-standard-versand","11":"first","12":"instock","13":"taxable","14":"shipping-taxable","15":"purchasable","16":"product-type-simple"},"_links":{"self":[{"href":"https:\/\/www.soanam.de\/en\/wp-json\/wp\/v2\/product\/79562","targetHints":{"allow":["GET"]}}],"collection":[{"href":"https:\/\/www.soanam.de\/en\/wp-json\/wp\/v2\/product"}],"about":[{"href":"https:\/\/www.soanam.de\/en\/wp-json\/wp\/v2\/types\/product"}],"replies":[{"embeddable":true,"href":"https:\/\/www.soanam.de\/en\/wp-json\/wp\/v2\/comments?post=79562"}],"wp:featuredmedia":[{"embeddable":true,"href":"https:\/\/www.soanam.de\/en\/wp-json\/wp\/v2\/media\/79657"}],"wp:attachment":[{"href":"https:\/\/www.soanam.de\/en\/wp-json\/wp\/v2\/media?parent=79562"}],"wp:term":[{"taxonomy":"product_brand","embeddable":true,"href":"https:\/\/www.soanam.de\/en\/wp-json\/wp\/v2\/product_brand?post=79562"},{"taxonomy":"product_cat","embeddable":true,"href":"https:\/\/www.soanam.de\/en\/wp-json\/wp\/v2\/product_cat?post=79562"},{"taxonomy":"product_tag","embeddable":true,"href":"https:\/\/www.soanam.de\/en\/wp-json\/wp\/v2\/product_tag?post=79562"}],"curies":[{"name":"wp","href":"https:\/\/api.w.org\/{rel}","templated":true}]}}