{"id":79364,"date":"2023-12-13T22:38:09","date_gmt":"2023-12-13T21:38:09","guid":{"rendered":"https:\/\/www.soanam.de\/?post_type=product&#038;p=79364"},"modified":"2023-12-13T22:40:30","modified_gmt":"2023-12-13T21:40:30","slug":"nuance-underwired-bra-with-embroidery-in-taupe-and-black-size-85e","status":"publish","type":"product","link":"https:\/\/www.soanam.de\/en\/produkt\/nuance-buegel-bh-mit-stickerei-in-taupe-und-schwarz-groesse-85e\/","title":{"rendered":"Nuance underwired bra with embroidery, in taupe and black, size 85E"},"content":{"rendered":"<p>Underwired bra from Nuance with an optimal cut<br \/>\nDecorative embroidered lace inserts on the upper cup<br \/>\nPretty embroidery motifs on the straps<br \/>\nDouble-layer cups for good shaping<br \/>\nIn a subtle polka dot print<br \/>\nAdjustable elastic straps and back closure<\/p>\n<p>The embroidered lace on the upper cup and on the straps at the front create a beautiful look. The lined cups and the support at the sides shape a beautiful bust and provide support.<br \/>\nWider elastic bands along the edges, which do not cut in thanks to the highly elastic seams, ensure a high level of comfort, while the back fastener offers 3 adjustment options.<\/p>\n<p>Material: 80% polyamide, 10% elastane, 10% viscose<br \/>\nCare instructions: Hand wash<\/p>\n<p>Color: taupe, black<br \/>\nPattern: dotted<br \/>\nSize: 85E<\/p>\n<p>Underbust girth: 85<br \/>\nCup size: Cup E<\/p>","protected":false},"excerpt":{"rendered":"<table class=\"dv_characteristicsTable\">\n<caption>MASSANGABE<\/caption>\n<tbody>\n<tr>\n<td class=\"left\">K\u00f6rbchengr\u00f6\u00dfe<\/td>\n<td>Cup E<\/td>\n<\/tr>\n<tr>\n<td class=\"left\">Unterbrustumfang<\/td>\n<td>85<\/td>\n<\/tr>\n<\/tbody>\n<\/table>\n<table class=\"dv_characteristicsTable\">\n<caption>COLOR<\/caption>\n<tbody>\n<tr>\n<td class=\"left\">Color<\/td>\n<td>taupe<br \/>\nschwarz<\/td>\n<\/tr>\n<\/tbody>\n<\/table>\n<table class=\"dv_characteristicsTable\">\n<caption>MATERIAL<\/caption>\n<tbody>\n<tr>\n<td class=\"left\">Material composition<\/td>\n<td>Obermaterial: 80% Polyamid, 10% Elasthan, 10% Viskose<\/td>\n<\/tr>\n<tr>\n<td class=\"left\">Materialart<\/td>\n<td>Microtouch<br \/>\nSpitze<\/td>\n<\/tr>\n<tr>\n<td class=\"left\">Care instructions<\/td>\n<td>Hand wash<\/td>\n<\/tr>\n<\/tbody>\n<\/table>\n<table class=\"dv_characteristicsTable\">\n<caption>OPTIK\/STIL<\/caption>\n<tbody>\n<tr>\n<td class=\"left\">Stil<\/td>\n<td>feminin<\/td>\n<\/tr>\n<\/tbody>\n<\/table>\n<table class=\"dv_characteristicsTable\">\n<caption>K\u00d6RBCHEN \/ CUP<\/caption>\n<tbody>\n<tr>\n<td class=\"left\">Cupdetails<\/td>\n<td>gef\u00fcttert<br \/>\nAbn\u00e4her<\/td>\n<\/tr>\n<tr>\n<td class=\"left\">B\u00fcgel<\/td>\n<td>mit B\u00fcgel<\/td>\n<\/tr>\n<\/tbody>\n<\/table>\n<table class=\"dv_characteristicsTable\">\n<caption>BH-TR\u00c4GER<\/caption>\n<tbody>\n<tr>\n<td class=\"left\">Tr\u00e4ger<\/td>\n<td>mit Tr\u00e4ger<\/td>\n<\/tr>\n<tr>\n<td class=\"left\">Tr\u00e4gerdetails<\/td>\n<td>verstellbar<br \/>\nSpitze<\/td>\n<\/tr>\n<\/tbody>\n<\/table>\n<table class=\"dv_characteristicsTable\">\n<caption>VERSCHLUSS<\/caption>\n<tbody>\n<tr>\n<td class=\"left\">Verschluss<\/td>\n<td>Haken &amp; \u00d6sen<\/td>\n<\/tr>\n<tr>\n<td class=\"left\">Verschlussdetails<\/td>\n<td>hinten<\/td>\n<\/tr>\n<\/tbody>\n<\/table>","protected":false},"featured_media":79480,"comment_status":"open","ping_status":"closed","template":"","meta":{"_seopress_robots_primary_cat":"","_seopress_titles_title":"","_seopress_titles_desc":"","_seopress_robots_index":""},"product_brand":[],"product_cat":[1348,1444,1516],"product_tag":[],"class_list":{"0":"post-79364","1":"product","2":"type-product","3":"status-publish","4":"has-post-thumbnail","6":"product_cat-damen-mode","7":"product_cat-unterwaesche","8":"product_cat-bhs","9":"product_shipping_class-standard-versand","11":"first","12":"instock","13":"sale","14":"taxable","15":"shipping-taxable","16":"purchasable","17":"product-type-simple"},"_links":{"self":[{"href":"https:\/\/www.soanam.de\/en\/wp-json\/wp\/v2\/product\/79364","targetHints":{"allow":["GET"]}}],"collection":[{"href":"https:\/\/www.soanam.de\/en\/wp-json\/wp\/v2\/product"}],"about":[{"href":"https:\/\/www.soanam.de\/en\/wp-json\/wp\/v2\/types\/product"}],"replies":[{"embeddable":true,"href":"https:\/\/www.soanam.de\/en\/wp-json\/wp\/v2\/comments?post=79364"}],"wp:featuredmedia":[{"embeddable":true,"href":"https:\/\/www.soanam.de\/en\/wp-json\/wp\/v2\/media\/79480"}],"wp:attachment":[{"href":"https:\/\/www.soanam.de\/en\/wp-json\/wp\/v2\/media?parent=79364"}],"wp:term":[{"taxonomy":"product_brand","embeddable":true,"href":"https:\/\/www.soanam.de\/en\/wp-json\/wp\/v2\/product_brand?post=79364"},{"taxonomy":"product_cat","embeddable":true,"href":"https:\/\/www.soanam.de\/en\/wp-json\/wp\/v2\/product_cat?post=79364"},{"taxonomy":"product_tag","embeddable":true,"href":"https:\/\/www.soanam.de\/en\/wp-json\/wp\/v2\/product_tag?post=79364"}],"curies":[{"name":"wp","href":"https:\/\/api.w.org\/{rel}","templated":true}]}}