{"id":79321,"date":"2023-12-13T22:37:18","date_gmt":"2023-12-13T21:37:18","guid":{"rendered":"https:\/\/www.soanam.de\/?post_type=product&#038;p=79321"},"modified":"2023-12-13T22:39:34","modified_gmt":"2023-12-13T21:39:34","slug":"halti-womens-huippu-down-jacket-women-down-jacket-in-aqua-mint-gr-l","status":"publish","type":"product","link":"https:\/\/www.soanam.de\/en\/produkt\/halti-womens-huippu-down-jacket-damen-daunenjacke-in-aqua-mint-gr-l\/","title":{"rendered":"HALTI - Women's Huippu Down Jacket - Women's down jacket in aqua mint, size L"},"content":{"rendered":"<h3>Description<\/h3>\n<p>Optimal eignet sich die Women's Huippu Down Jacket Daunenjacke von Halti f\u00fcr den Einsatz als funktionaler Midlayer bei sportlichen Aktivit\u00e4ten am Berg. Feuchtigkeit, die durch Schwitzen beim Sport entsteht, kann durch die atmungsaktiven Eigenschaften der hochwertigen Materialien schnell und einfach an die Oberfl\u00e4che diffundieren und dort verdunsten. Kleinigkeiten k\u00f6nnen in den hierf\u00fcr vorgesehenen Taschen untergebracht werden. Sie sind ger\u00e4umig verarbeitet und verhindern mit den robusten Rei\u00dfverschl\u00fcssen, dass sich die Gegenst\u00e4nde verselbstst\u00e4ndigen und herausfallen.<\/p>\n<p>Die w\u00e4rmende Kapuze der Jacke passt sich dank des elastischen Bandes perfekt an die Kopfform der Tr\u00e4gerin an. So wird auch dieser empfindliche Bereich vor dem Wetter gesch\u00fctzt. Die niedrigen Temperaturen k\u00f6nnen kommen. Die Huippu ist bereit.<\/p>\n<h3>Details<\/h3>\n<p>Suitable for: Ladies<br \/>\nEinsatzbereich: Trekking, Schneeschuhwandern, Klettern, Freizeit, Winterwandern<br \/>\nMain material: 100% polyamide<br \/>\nFilling material: 100% down<br \/>\nInnenmaterial: 100% Polyamid<br \/>\nMaterial type: Down filling<br \/>\nMaterial information: Contains non-textile parts of animal origin<br \/>\nTechnologie: Pertex Quantum<br \/>\nMaterialeigenschaften: winddicht, stark wasserabweisend, atmungsaktiv, isolierend<br \/>\nBauschkraft: 700 cuin<br \/>\nMischungsverh\u00e4ltnis: 90\/10 (Daune zu Federn)<br \/>\nVerschluss: durchgehender Front-RV<br \/>\nKapuze: elastisch<br \/>\nTaschen: 2 RV-Seitentaschen<br \/>\nExtras: elastische \u00c4rmelb\u00fcndchen, reflektierende Details, elastischer Saum<\/p>","protected":false},"excerpt":{"rendered":"<h3>Artikelmerkmale<\/h3>\n<p>Item condition: New with label: New, unused and unworn item in its original packaging<\/p>\n<table border=\"0\" frame=\"VOID\" rules=\"NONE\" cellspacing=\"0\">\n<colgroup>\n<col width=\"137\" \/>\n<col width=\"216\" \/><\/colgroup>\n<tbody>\n<tr>\n<td align=\"LEFT\" width=\"137\" height=\"17\">EAN:<\/td>\n<td align=\"LEFT\" width=\"216\">6438361613258<\/td>\n<\/tr>\n<tr>\n<td align=\"LEFT\" height=\"17\">Color:<\/td>\n<td align=\"LEFT\">Blue<\/td>\n<\/tr>\n<tr>\n<td align=\"LEFT\" height=\"17\">Size:<\/td>\n<td align=\"LEFT\">L<\/td>\n<\/tr>\n<tr>\n<td align=\"LEFT\" height=\"17\">Marke:<\/td>\n<td align=\"LEFT\">Halti<\/td>\n<\/tr>\n<tr>\n<td align=\"LEFT\" height=\"17\">Material:<\/td>\n<td align=\"LEFT\">Daune<\/td>\n<\/tr>\n<\/tbody>\n<\/table>","protected":false},"featured_media":79435,"comment_status":"open","ping_status":"closed","template":"","meta":{"_seopress_robots_primary_cat":"","_seopress_titles_title":"","_seopress_titles_desc":"","_seopress_robots_index":""},"product_brand":[],"product_cat":[1348,1375,1376],"product_tag":[],"class_list":{"0":"post-79321","1":"product","2":"type-product","3":"status-publish","4":"has-post-thumbnail","6":"product_cat-damen-mode","7":"product_cat-winterjacken","8":"product_cat-daunenjacken-steppjacken","9":"product_shipping_class-standard-versand","11":"first","12":"instock","13":"sale","14":"taxable","15":"shipping-taxable","16":"purchasable","17":"product-type-simple"},"_links":{"self":[{"href":"https:\/\/www.soanam.de\/en\/wp-json\/wp\/v2\/product\/79321","targetHints":{"allow":["GET"]}}],"collection":[{"href":"https:\/\/www.soanam.de\/en\/wp-json\/wp\/v2\/product"}],"about":[{"href":"https:\/\/www.soanam.de\/en\/wp-json\/wp\/v2\/types\/product"}],"replies":[{"embeddable":true,"href":"https:\/\/www.soanam.de\/en\/wp-json\/wp\/v2\/comments?post=79321"}],"wp:featuredmedia":[{"embeddable":true,"href":"https:\/\/www.soanam.de\/en\/wp-json\/wp\/v2\/media\/79435"}],"wp:attachment":[{"href":"https:\/\/www.soanam.de\/en\/wp-json\/wp\/v2\/media?parent=79321"}],"wp:term":[{"taxonomy":"product_brand","embeddable":true,"href":"https:\/\/www.soanam.de\/en\/wp-json\/wp\/v2\/product_brand?post=79321"},{"taxonomy":"product_cat","embeddable":true,"href":"https:\/\/www.soanam.de\/en\/wp-json\/wp\/v2\/product_cat?post=79321"},{"taxonomy":"product_tag","embeddable":true,"href":"https:\/\/www.soanam.de\/en\/wp-json\/wp\/v2\/product_tag?post=79321"}],"curies":[{"name":"wp","href":"https:\/\/api.w.org\/{rel}","templated":true}]}}