{"id":79277,"date":"2023-12-13T22:36:16","date_gmt":"2023-12-13T21:36:16","guid":{"rendered":"https:\/\/www.soanam.de\/?post_type=product&#038;p=79277"},"modified":"2023-12-13T22:38:38","modified_gmt":"2023-12-13T21:38:38","slug":"go-in-jazz-pants-slips-im-10er-pack-in-beerenfarben-groesse-40-42","status":"publish","type":"product","link":"https:\/\/www.soanam.de\/en\/produkt\/go-in-jazz-pants-slips-im-10er-pack-in-beerenfarben-groesse-40-42\/","title":{"rendered":"Go in jazz pants briefs in a pack of 10, in berry colors, size 40\/42"},"content":{"rendered":"<p>Jazzpants im 10er-Pack von Go in<br \/>\nBequeme Leibh\u00f6he<br \/>\nMit elastischen Abschl\u00fcssen an Taillen- und Beinausschnitten<br \/>\nAus weicher Baumwoll-Stretch-Qualit\u00e4t<\/p>\n<p>Die modischen Jazzpants von Go In bestechen durch zeitloses Slipdesign und hohen Tragekomfort.<br \/>\nDer modische Damenslip \u00fcberzeugt mit bequemer Leibh\u00f6he, die weiche Baumwoll-Stretch-Qualit\u00e4t schmiegt sich sanft an den K\u00f6rper und verspricht ein tolles Tragegef\u00fchl.<br \/>\nWohlf\u00fchl-Basics im 10er Pack, einfach traumhaft.<\/p>\n<p>Material: 95% cotton , 5% spandex<br \/>\nCare instructions: Machine wash<\/p>\n<p>Color: berry<br \/>\nPattern: without<br \/>\nSize: 40\/42<\/p>","protected":false},"excerpt":{"rendered":"<table class=\"dv_characteristicsTable\">\n<caption>MASSANGABE<\/caption>\n<tbody>\n<tr>\n<td class=\"left\">Size<\/td>\n<td>40\/42<\/td>\n<\/tr>\n<tr>\n<td class=\"left\">Gr\u00f6\u00dfentyp<\/td>\n<td>Normalgr\u00f6\u00dfen<\/td>\n<\/tr>\n<\/tbody>\n<\/table>\n<table class=\"dv_characteristicsTable\">\n<caption>COLOR<\/caption>\n<tbody>\n<tr>\n<td class=\"left\">Color<\/td>\n<td>beere<\/td>\n<\/tr>\n<\/tbody>\n<\/table>\n<table class=\"dv_characteristicsTable\">\n<caption>PRODUKTDETAILS<\/caption>\n<tbody>\n<tr>\n<td class=\"left\">Ausstattung<\/td>\n<td>Baumwollzwickel<\/td>\n<\/tr>\n<tr>\n<td class=\"left\">Care instructions<\/td>\n<td>Machine wash<\/td>\n<\/tr>\n<\/tbody>\n<\/table>\n<table class=\"dv_characteristicsTable\">\n<caption>MATERIAL<\/caption>\n<tbody>\n<tr>\n<td class=\"left\">Material composition<\/td>\n<td>Obermaterial: 95% Baumwolle\u00a0, 5% Elasthan<\/td>\n<\/tr>\n<\/tbody>\n<\/table>","protected":false},"featured_media":79389,"comment_status":"open","ping_status":"closed","template":"","meta":{"_seopress_robots_primary_cat":"","_seopress_titles_title":"","_seopress_titles_desc":"","_seopress_robots_index":""},"product_brand":[],"product_cat":[1348,1444,1501],"product_tag":[],"class_list":{"0":"post-79277","1":"product","2":"type-product","3":"status-publish","4":"has-post-thumbnail","6":"product_cat-damen-mode","7":"product_cat-unterwaesche","8":"product_cat-slips","9":"product_shipping_class-standard-versand","11":"first","12":"instock","13":"sale","14":"taxable","15":"shipping-taxable","16":"purchasable","17":"product-type-simple"},"_links":{"self":[{"href":"https:\/\/www.soanam.de\/en\/wp-json\/wp\/v2\/product\/79277","targetHints":{"allow":["GET"]}}],"collection":[{"href":"https:\/\/www.soanam.de\/en\/wp-json\/wp\/v2\/product"}],"about":[{"href":"https:\/\/www.soanam.de\/en\/wp-json\/wp\/v2\/types\/product"}],"replies":[{"embeddable":true,"href":"https:\/\/www.soanam.de\/en\/wp-json\/wp\/v2\/comments?post=79277"}],"wp:featuredmedia":[{"embeddable":true,"href":"https:\/\/www.soanam.de\/en\/wp-json\/wp\/v2\/media\/79389"}],"wp:attachment":[{"href":"https:\/\/www.soanam.de\/en\/wp-json\/wp\/v2\/media?parent=79277"}],"wp:term":[{"taxonomy":"product_brand","embeddable":true,"href":"https:\/\/www.soanam.de\/en\/wp-json\/wp\/v2\/product_brand?post=79277"},{"taxonomy":"product_cat","embeddable":true,"href":"https:\/\/www.soanam.de\/en\/wp-json\/wp\/v2\/product_cat?post=79277"},{"taxonomy":"product_tag","embeddable":true,"href":"https:\/\/www.soanam.de\/en\/wp-json\/wp\/v2\/product_tag?post=79277"}],"curies":[{"name":"wp","href":"https:\/\/api.w.org\/{rel}","templated":true}]}}