{"id":79165,"date":"2023-12-13T22:01:32","date_gmt":"2023-12-13T21:01:32","guid":{"rendered":"https:\/\/www.soanam.de\/?post_type=product&#038;p=79165"},"modified":"2023-12-13T22:36:34","modified_gmt":"2023-12-13T21:36:34","slug":"bergans-of-norway-roros-ins-3-4-pants-men-women-black-size-m","status":"publish","type":"product","link":"https:\/\/www.soanam.de\/en\/produkt\/bergans-of-norway-roros-ins-3-4-pants-maenner-frauen-schwarz-groesse-m\/","title":{"rendered":"Bergans of Norway R\u00f8ros Ins 3\/4 Pants, Men, Women, Black, Size M"},"content":{"rendered":"<h3>Description<\/h3>\n<p>Lightweight, water-repellent PrimaLoft\u00ae insulation pants.<br \/>\nThe perfect addition to any mountain outfit for tours on particularly cold days.<\/p>\n<p>The R\u00f8ros Insulated 3\/4 trousers are a reliable insulating layer that fits into any backpack thanks to their small pack size. The windproof and water-repellent Pertex outer fabric promises optimum weather protection and is particularly comfortable to wear. Filled with extremely lightweight Primaloft\u00ae Silver Eco, they provide cozy warmth even when wet, are windproof and can be worn over or under a hard shell.<\/p>\n<p>The full-length zipper makes it easy to put on and take off the trousers, while the adjustable waistband can be adjusted to suit your needs, ensuring a secure and comfortable fit. The pre-shaped knee section also offers the best possible freedom of movement. When not in use, the R\u00f8ros Insulated 3\/4 trousers from Bergans can easily be stowed in their own pocket.<\/p>\n<p>Sport &amp; use: Mountain hiking<br \/>\nSuitable for: Men, Women<br \/>\nConstruction: Insulation pants<br \/>\nPrimaLoft\u00ae, Pertex\u00ae<br \/>\nPrimaLoft\u00ae Silver Eco<br \/>\nSynthetic fiber insulation<br \/>\nFeatures: quick-drying, fast moisture transport, breathable, windproof, water-repellent, elastic, hard-wearing, packs down small<br \/>\nFeatures: full-length zipper, pre-shaped knees, adjustable waistband, side pocket(s) with zipper<br \/>\nManufacture: contains recycled materials, PFC-free impregnation<br \/>\nPercentage of recycled material: 70% polyester<br \/>\nMaterial: Main material: 100% polyamide<br \/>\nFilling: 100% polyester<\/p>","protected":false},"excerpt":{"rendered":"<h3>Artikelmerkmale<\/h3>\n<p>Item condition: New with label: New, unused and unworn item in its original packaging<\/p>\n<table border=\"0\" frame=\"VOID\" rules=\"NONE\" cellspacing=\"0\">\n<colgroup>\n<col width=\"131\" \/>\n<col width=\"108\" \/><\/colgroup>\n<tbody>\n<tr>\n<td align=\"LEFT\" width=\"131\" height=\"17\">Abteilung:<\/td>\n<td align=\"LEFT\" width=\"108\">Unisex<\/td>\n<\/tr>\n<tr>\n<td align=\"LEFT\" height=\"17\">Aktivit\u00e4t:<\/td>\n<td align=\"LEFT\">Wanderung<\/td>\n<\/tr>\n<tr>\n<td align=\"LEFT\" height=\"17\">Anlass:<\/td>\n<td align=\"LEFT\">Freizeit<\/td>\n<\/tr>\n<tr>\n<td align=\"LEFT\" height=\"17\">EAN:<\/td>\n<td align=\"LEFT\">7031582132912<\/td>\n<\/tr>\n<tr>\n<td align=\"LEFT\" height=\"17\">Color:<\/td>\n<td align=\"LEFT\">Black<\/td>\n<\/tr>\n<tr>\n<td align=\"LEFT\" height=\"17\">Gewebeart:<\/td>\n<td align=\"LEFT\">Kunstfaser<\/td>\n<\/tr>\n<tr>\n<td align=\"LEFT\" height=\"17\">Size:<\/td>\n<td align=\"LEFT\">M<\/td>\n<\/tr>\n<tr>\n<td align=\"LEFT\" height=\"17\">Gr\u00f6\u00dfenkategorie:<\/td>\n<td align=\"LEFT\">Normalgr\u00f6\u00dfe<\/td>\n<\/tr>\n<tr>\n<td align=\"LEFT\" height=\"17\">Marke:<\/td>\n<td align=\"LEFT\">Bergans<\/td>\n<\/tr>\n<tr>\n<td align=\"LEFT\" height=\"17\">Material:<\/td>\n<td align=\"LEFT\">100% Polyester<\/td>\n<\/tr>\n<tr>\n<td align=\"LEFT\" height=\"17\">Produktart:<\/td>\n<td align=\"LEFT\">Pants<\/td>\n<\/tr>\n<tr>\n<td align=\"LEFT\" height=\"17\">Stil:<\/td>\n<td align=\"LEFT\">Schneehose<\/td>\n<\/tr>\n<tr>\n<td align=\"LEFT\" height=\"17\">Thema:<\/td>\n<td align=\"LEFT\">Bergwandern<\/td>\n<\/tr>\n<tr>\n<td align=\"LEFT\" height=\"17\">Verschluss:<\/td>\n<td align=\"LEFT\">Zipper<\/td>\n<\/tr>\n<tr>\n<td align=\"LEFT\" height=\"17\">Vintage:<\/td>\n<td align=\"LEFT\">Nein<\/td>\n<\/tr>\n<tr>\n<td align=\"LEFT\" height=\"17\"><\/td>\n<td align=\"LEFT\"><\/td>\n<\/tr>\n<tr>\n<td align=\"LEFT\" height=\"17\"><strong>Ma\u00dfangaben<\/strong><\/td>\n<td align=\"LEFT\"><\/td>\n<\/tr>\n<tr>\n<td align=\"LEFT\" height=\"17\"><\/td>\n<td align=\"LEFT\"><\/td>\n<\/tr>\n<tr>\n<td align=\"LEFT\" height=\"17\">K\u00f6rpergr\u00f6\u00dfe:<\/td>\n<td align=\"LEFT\">176 \u2013 179 cm<\/td>\n<\/tr>\n<tr>\n<td align=\"LEFT\" height=\"17\">Brust:<\/td>\n<td align=\"LEFT\">97 \u2013 104 cm<\/td>\n<\/tr>\n<tr>\n<td align=\"LEFT\" height=\"17\">Taille:<\/td>\n<td align=\"LEFT\">84 \u2013 91 cm<\/td>\n<\/tr>\n<tr>\n<td align=\"LEFT\" height=\"17\">H\u00fcfte:<\/td>\n<td align=\"LEFT\">99 \u2013 105 cm<\/td>\n<\/tr>\n<tr>\n<td align=\"LEFT\" height=\"17\">Beinl\u00e4nge<\/td>\n<td align=\"LEFT\">84,5 \u2013 84,5 cm<\/td>\n<\/tr>\n<\/tbody>\n<\/table>","protected":false},"featured_media":79287,"comment_status":"open","ping_status":"closed","template":"","meta":{"_seopress_robots_primary_cat":"","_seopress_titles_title":"","_seopress_titles_desc":"","_seopress_robots_index":""},"product_brand":[],"product_cat":[1345,1346,1348,1349,1527,1566,1567,1568],"product_tag":[],"class_list":{"0":"post-79165","1":"product","2":"type-product","3":"status-publish","4":"has-post-thumbnail","6":"product_cat-herrenmode","7":"product_cat-hosen","8":"product_cat-damen-mode","9":"product_cat-hosen-damen-mode","10":"product_cat-kurze-hosen","11":"product_cat-bermudas-kurze-hosen","12":"product_cat-kurze-hosen-hosen","13":"product_cat-bermudas-kurze-hosen-hosen","14":"product_shipping_class-standard-versand","16":"first","17":"instock","18":"sale","19":"taxable","20":"shipping-taxable","21":"purchasable","22":"product-type-simple"},"_links":{"self":[{"href":"https:\/\/www.soanam.de\/en\/wp-json\/wp\/v2\/product\/79165","targetHints":{"allow":["GET"]}}],"collection":[{"href":"https:\/\/www.soanam.de\/en\/wp-json\/wp\/v2\/product"}],"about":[{"href":"https:\/\/www.soanam.de\/en\/wp-json\/wp\/v2\/types\/product"}],"replies":[{"embeddable":true,"href":"https:\/\/www.soanam.de\/en\/wp-json\/wp\/v2\/comments?post=79165"}],"wp:featuredmedia":[{"embeddable":true,"href":"https:\/\/www.soanam.de\/en\/wp-json\/wp\/v2\/media\/79287"}],"wp:attachment":[{"href":"https:\/\/www.soanam.de\/en\/wp-json\/wp\/v2\/media?parent=79165"}],"wp:term":[{"taxonomy":"product_brand","embeddable":true,"href":"https:\/\/www.soanam.de\/en\/wp-json\/wp\/v2\/product_brand?post=79165"},{"taxonomy":"product_cat","embeddable":true,"href":"https:\/\/www.soanam.de\/en\/wp-json\/wp\/v2\/product_cat?post=79165"},{"taxonomy":"product_tag","embeddable":true,"href":"https:\/\/www.soanam.de\/en\/wp-json\/wp\/v2\/product_tag?post=79165"}],"curies":[{"name":"wp","href":"https:\/\/api.w.org\/{rel}","templated":true}]}}