{"id":79145,"date":"2023-12-13T22:01:07","date_gmt":"2023-12-13T21:01:07","guid":{"rendered":"https:\/\/www.soanam.de\/?post_type=product&#038;p=79145"},"modified":"2023-12-13T22:35:55","modified_gmt":"2023-12-13T21:35:55","slug":"ray-ban-0rb3447-round-metal-sonnenbrille-unisex-gold-gruen-gr-50mm","status":"publish","type":"product","link":"https:\/\/www.soanam.de\/en\/produkt\/ray-ban-0rb3447-round-metal-sonnenbrille-unisex-gold-gruen-gr-50mm\/","title":{"rendered":"Ray-Ban 0RB3447 ROUND METAL - Sonnenbrille, Unisex, Gold-Gr\u00fcn, Gr. 50mm"},"content":{"rendered":"<h3>Description<\/h3>\n<p>More about this product<br \/>\nFrame color: Gold<br \/>\nLens color: Green<br \/>\nGlass height: 4.5 cm,<br \/>\nGlass width: 5 cm<br \/>\nOptics: Coated lenses<br \/>\nTint level: Dark (filter category 3)<br \/>\nUV protection: Yes<br \/>\nGlasses case: hard shell<\/p>\n<p><strong>Fit<\/strong><\/p>\n<p>Width: 12 cm for size 50<br \/>\nTemple length: 14 cm for size 50<br \/>\nBar width: 2 cm for size 50<\/p>","protected":false},"excerpt":{"rendered":"<h3>Artikelmerkmale<\/h3>\n<p>Item condition: New with label: New, unused and unworn item in its original packaging<\/p>\n<table style=\"height: 534px;\" border=\"0\" width=\"427\" frame=\"VOID\" rules=\"NONE\" cellspacing=\"0\">\n<colgroup>\n<col width=\"188\" \/>\n<col width=\"175\" \/><\/colgroup>\n<tbody>\n<tr>\n<td align=\"LEFT\" width=\"188\" height=\"17\">Abteilung:<\/td>\n<td align=\"LEFT\" width=\"175\">Unisex<\/td>\n<\/tr>\n<tr>\n<td align=\"LEFT\" height=\"17\">Charakter:<\/td>\n<td align=\"LEFT\">ohne<\/td>\n<\/tr>\n<tr>\n<td align=\"LEFT\" height=\"17\">Gl\u00e4sertechnologie:<\/td>\n<td align=\"LEFT\">Get\u00f6nt<\/td>\n<\/tr>\n<tr>\n<td align=\"LEFT\" height=\"17\">Glasfarbe:<\/td>\n<td align=\"LEFT\">Green<\/td>\n<\/tr>\n<tr>\n<td align=\"LEFT\" height=\"17\">Glasmaterial:<\/td>\n<td align=\"LEFT\">Glas<\/td>\n<\/tr>\n<tr>\n<td align=\"LEFT\" height=\"17\">Herstellernummer:<\/td>\n<td align=\"LEFT\">Nicht zutreffend<\/td>\n<\/tr>\n<tr>\n<td align=\"LEFT\" height=\"17\">Herstellungsland und -region:<\/td>\n<td align=\"LEFT\">Italien<\/td>\n<\/tr>\n<tr>\n<td align=\"LEFT\" height=\"17\">Marke:<\/td>\n<td align=\"LEFT\">Ray-Ban<\/td>\n<\/tr>\n<tr>\n<td align=\"LEFT\" height=\"17\">Modell:<\/td>\n<td align=\"LEFT\">Round Metal<\/td>\n<\/tr>\n<tr>\n<td align=\"LEFT\" height=\"17\">Muster:<\/td>\n<td align=\"LEFT\">Ohne Muster<\/td>\n<\/tr>\n<tr>\n<td align=\"LEFT\" height=\"17\">Produktart:<\/td>\n<td align=\"LEFT\">Sonnenbrille<\/td>\n<\/tr>\n<tr>\n<td align=\"LEFT\" height=\"17\">Rahmenfarbe:<\/td>\n<td align=\"LEFT\">Gold<\/td>\n<\/tr>\n<tr>\n<td align=\"LEFT\" height=\"17\">Rahmenmaterial:<\/td>\n<td align=\"LEFT\">Kunststoff, Metall<\/td>\n<\/tr>\n<tr>\n<td align=\"LEFT\" height=\"17\">Stil:<\/td>\n<td align=\"LEFT\">Rund<\/td>\n<\/tr>\n<tr>\n<td align=\"LEFT\" height=\"17\">Thema:<\/td>\n<td align=\"LEFT\">Designer, Modern, Outdoor<\/td>\n<\/tr>\n<tr>\n<td align=\"LEFT\" height=\"17\">UV-Schutz:<\/td>\n<td align=\"LEFT\">UV400<\/td>\n<\/tr>\n<tr>\n<td align=\"LEFT\" height=\"17\">Vergr\u00f6\u00dferungsst\u00e4rke:<\/td>\n<td align=\"LEFT\">nicht zutreffend<\/td>\n<\/tr>\n<tr>\n<td align=\"LEFT\" height=\"17\">Vintage:<\/td>\n<td align=\"LEFT\">Ja<\/td>\n<\/tr>\n<\/tbody>\n<\/table>","protected":false},"featured_media":79251,"comment_status":"open","ping_status":"closed","template":"","meta":{"_seopress_robots_primary_cat":"","_seopress_titles_title":"","_seopress_titles_desc":"","_seopress_robots_index":""},"product_brand":[],"product_cat":[1345,1348,1357,1387,1515,1565],"product_tag":[],"class_list":{"0":"post-79145","1":"product","2":"type-product","3":"status-publish","4":"has-post-thumbnail","6":"product_cat-herrenmode","7":"product_cat-damen-mode","8":"product_cat-accessoires","9":"product_cat-accessoires-herrenmode","10":"product_cat-sonnenbrillen","11":"product_cat-sonnenbrillen-accessoires-herrenmode","12":"product_shipping_class-standard-versand","14":"first","15":"instock","16":"sale","17":"taxable","18":"shipping-taxable","19":"purchasable","20":"product-type-simple"},"_links":{"self":[{"href":"https:\/\/www.soanam.de\/en\/wp-json\/wp\/v2\/product\/79145","targetHints":{"allow":["GET"]}}],"collection":[{"href":"https:\/\/www.soanam.de\/en\/wp-json\/wp\/v2\/product"}],"about":[{"href":"https:\/\/www.soanam.de\/en\/wp-json\/wp\/v2\/types\/product"}],"replies":[{"embeddable":true,"href":"https:\/\/www.soanam.de\/en\/wp-json\/wp\/v2\/comments?post=79145"}],"wp:featuredmedia":[{"embeddable":true,"href":"https:\/\/www.soanam.de\/en\/wp-json\/wp\/v2\/media\/79251"}],"wp:attachment":[{"href":"https:\/\/www.soanam.de\/en\/wp-json\/wp\/v2\/media?parent=79145"}],"wp:term":[{"taxonomy":"product_brand","embeddable":true,"href":"https:\/\/www.soanam.de\/en\/wp-json\/wp\/v2\/product_brand?post=79145"},{"taxonomy":"product_cat","embeddable":true,"href":"https:\/\/www.soanam.de\/en\/wp-json\/wp\/v2\/product_cat?post=79145"},{"taxonomy":"product_tag","embeddable":true,"href":"https:\/\/www.soanam.de\/en\/wp-json\/wp\/v2\/product_tag?post=79145"}],"curies":[{"name":"wp","href":"https:\/\/api.w.org\/{rel}","templated":true}]}}