{"id":79108,"date":"2023-12-13T22:00:09","date_gmt":"2023-12-13T21:00:09","guid":{"rendered":"https:\/\/www.soanam.de\/?post_type=product&#038;p=79108"},"modified":"2023-12-13T22:34:47","modified_gmt":"2023-12-13T21:34:47","slug":"petite-fleur-gold-set-corsage-mit-string-mit-strapshaltern-in-schwarz-groesse-90b-44-46","status":"publish","type":"product","link":"https:\/\/www.soanam.de\/en\/produkt\/petite-fleur-gold-set-corsage-mit-string-mit-strapshaltern-in-schwarz-groesse-90b-44-46\/","title":{"rendered":"petite fleur gold set: Corsage with thong with suspender straps, in black, size 90B, 44\/46"},"content":{"rendered":"<p>Verf\u00fchrerisches Set bestehend aus Corsage und String von Petite Fleur Gold<br \/>\nCups auf Formb\u00fcgel gearbeitet f\u00fcr einen optimalen Halt<br \/>\nAus transparentem Netzmaterial mit Strapsb\u00e4ndern<br \/>\nInklusive passendem String mit eingearbeitetem Baumwollzwickel<\/p>\n<p>Feines Netzmaterial kombiniert mit edlen Strapsb\u00e4ndern und zarter Spitze.<br \/>\nDie Cups sind komplett aus leicht transparenter, floraler Spitze und bekommen durch einen integrierten B\u00fcgel zus\u00e4tzlichen Halt. Die feine Borte rund um das Cup, sowie die Zierschleife vorne mittig, verleihen der Corsage eine verspielte Note. Die Corsage endet unten in feinen Strapsen welche sich individuell einstellen lassen. Der passende Slip aus weichem Netzmaterial mit eingearbeitetem Baumwollzwickel rundet das Outfit gekonnt ab.<\/p>\n<p>Material: 90% polyamide, 10% elastane<br \/>\nCare instructions: Hand wash<\/p>\n<p>Color: black<br \/>\nPattern: Blossoms<\/p>\n<p>String Gr\u00f6\u00dfe 44\/46<br \/>\nCorsage Gr\u00f6\u00dfe 90B<\/p>\n<p>Underbust girth: 90<br \/>\nCup size: Cup B<\/p>","protected":false},"excerpt":{"rendered":"<table class=\"dv_characteristicsTable\">\n<caption>MASSANGABE<\/caption>\n<tbody>\n<tr>\n<td class=\"left\">K\u00f6rbchengr\u00f6\u00dfe<\/td>\n<td>Cup B<\/td>\n<\/tr>\n<tr>\n<td class=\"left\">Unterbrustumfang<\/td>\n<td>90<\/td>\n<\/tr>\n<\/tbody>\n<\/table>\n<table class=\"dv_characteristicsTable\">\n<caption>COLOR<\/caption>\n<tbody>\n<tr>\n<td class=\"left\">Color<\/td>\n<td>schwarz<\/td>\n<\/tr>\n<\/tbody>\n<\/table>\n<table class=\"dv_characteristicsTable\">\n<caption>MATERIAL<\/caption>\n<tbody>\n<tr>\n<td class=\"left\">Material composition<\/td>\n<td>Obermaterial: 90% Polyamid, 10% Elasthan<\/td>\n<\/tr>\n<tr>\n<td class=\"left\">Care instructions<\/td>\n<td>Hand wash<\/td>\n<\/tr>\n<\/tbody>\n<\/table>\n<table class=\"dv_characteristicsTable\">\n<caption>PRODUKTDETAILS OBERTEIL<\/caption>\n<tbody>\n<tr>\n<td class=\"left\">Art Tr\u00e4ger<\/td>\n<td>mit Tr\u00e4ger<\/td>\n<\/tr>\n<\/tbody>\n<\/table>","protected":false},"featured_media":79211,"comment_status":"open","ping_status":"closed","template":"","meta":{"_seopress_robots_primary_cat":"","_seopress_titles_title":"","_seopress_titles_desc":"","_seopress_robots_index":""},"product_brand":[],"product_cat":[1348,1444,1560],"product_tag":[],"class_list":{"0":"post-79108","1":"product","2":"type-product","3":"status-publish","4":"has-post-thumbnail","6":"product_cat-damen-mode","7":"product_cat-unterwaesche","8":"product_cat-sets","9":"product_shipping_class-standard-versand","11":"first","12":"instock","13":"sale","14":"taxable","15":"shipping-taxable","16":"purchasable","17":"product-type-simple"},"_links":{"self":[{"href":"https:\/\/www.soanam.de\/en\/wp-json\/wp\/v2\/product\/79108","targetHints":{"allow":["GET"]}}],"collection":[{"href":"https:\/\/www.soanam.de\/en\/wp-json\/wp\/v2\/product"}],"about":[{"href":"https:\/\/www.soanam.de\/en\/wp-json\/wp\/v2\/types\/product"}],"replies":[{"embeddable":true,"href":"https:\/\/www.soanam.de\/en\/wp-json\/wp\/v2\/comments?post=79108"}],"wp:featuredmedia":[{"embeddable":true,"href":"https:\/\/www.soanam.de\/en\/wp-json\/wp\/v2\/media\/79211"}],"wp:attachment":[{"href":"https:\/\/www.soanam.de\/en\/wp-json\/wp\/v2\/media?parent=79108"}],"wp:term":[{"taxonomy":"product_brand","embeddable":true,"href":"https:\/\/www.soanam.de\/en\/wp-json\/wp\/v2\/product_brand?post=79108"},{"taxonomy":"product_cat","embeddable":true,"href":"https:\/\/www.soanam.de\/en\/wp-json\/wp\/v2\/product_cat?post=79108"},{"taxonomy":"product_tag","embeddable":true,"href":"https:\/\/www.soanam.de\/en\/wp-json\/wp\/v2\/product_tag?post=79108"}],"curies":[{"name":"wp","href":"https:\/\/api.w.org\/{rel}","templated":true}]}}