{"id":78903,"date":"2023-12-13T21:55:33","date_gmt":"2023-12-13T20:55:33","guid":{"rendered":"https:\/\/www.soanam.de\/?post_type=product&#038;p=78903"},"modified":"2023-12-13T21:57:39","modified_gmt":"2023-12-13T20:57:39","slug":"lascana-blusenkleid-mit-volants-in-creme-schwarz-groesse-52-54","status":"publish","type":"product","link":"https:\/\/www.soanam.de\/en\/produkt\/lascana-blusenkleid-mit-volants-in-creme-schwarz-groesse-52-54\/","title":{"rendered":"LASCANA Blusenkleid mit Volants, in Creme-Schwarz, Gr\u00f6\u00dfe 52\/54"},"content":{"rendered":"<p>Longbluse von LASCANA<br \/>\nDeep V-neckline<br \/>\nLange \u00c4rmel mit Volant<br \/>\nLeicht ausgestelltes Rockteil<br \/>\nFigure-hugging fit<br \/>\nKnitterarme, glatte Ware<\/p>\n<p>Dank der \u00c4rmel mit Volantabschluss und des tiefen V-Ausschnitts wirkt die Freizeitbluse sehr feminin. Ein sch\u00f6nes Allovermuster macht auch die R\u00fcckseite zu einem Blickfang. Das Rockteil der Damenbluse ist in leichter A-Linie gearbeitet und umspielt angenehm die Figur.<\/p>\n<p>Material: 100% polyester<br \/>\nCare instructions: Machine wash<\/p>\n<p>Farbe: creme-schwarz<br \/>\nPattern: Blossoms<br \/>\nGr\u00f6\u00dfe: 52\/54<\/p>\n<p>Shoulder width: 45cm<br \/>\nBrustweite: 136cm<br \/>\nSleeve length: 51cm<br \/>\nTotal length: 90cm<\/p>\n<p>&nbsp;<\/p>\n<p>This new item is a customer return without a label.<\/p>","protected":false},"excerpt":{"rendered":"<table class=\"dv_characteristicsTable\">\n<tbody>\n<tr>\n<td class=\"left\">Size<\/td>\n<td>52\/54<\/td>\n<\/tr>\n<tr>\n<td class=\"left\">Gr\u00f6\u00dfentyp<\/td>\n<td>Normalgr\u00f6\u00dfen<\/td>\n<\/tr>\n<tr>\n<td class=\"left\">Material composition<\/td>\n<td>Obermaterial: 100% Polyester<\/td>\n<\/tr>\n<tr>\n<td class=\"left\">Materialart<\/td>\n<td>Web<\/td>\n<\/tr>\n<tr>\n<td class=\"left\">Care instructions<\/td>\n<td>Machine wash<\/td>\n<\/tr>\n<tr>\n<td class=\"left\">Stil<\/td>\n<td>modisch<\/td>\n<\/tr>\n<tr>\n<td class=\"left\">Ausschnitt<\/td>\n<td>V-Ausschnitt<\/td>\n<\/tr>\n<tr>\n<td class=\"left\">\u00c4rmel<\/td>\n<td>3\/4-\u00c4rmel<\/td>\n<\/tr>\n<tr>\n<td class=\"left\">\u00c4rmeldetails<\/td>\n<td>weit<\/td>\n<\/tr>\n<tr>\n<td class=\"left\">\u00c4rmelabschluss<\/td>\n<td>Volant<\/td>\n<\/tr>\n<tr>\n<td class=\"left\">Kleidersaum<\/td>\n<td>ausgestellter Saum<\/td>\n<\/tr>\n<tr>\n<td class=\"left\">Fit<\/td>\n<td>figurumspielend<\/td>\n<\/tr>\n<tr>\n<td class=\"left\">Schnittdetails<\/td>\n<td>Volants<\/td>\n<\/tr>\n<tr>\n<td class=\"left\">Schnittform L\u00e4nge<\/td>\n<td>ca. Mitte Oberschenkel<\/td>\n<\/tr>\n<tr>\n<td class=\"left\">Color<\/td>\n<td>creme, schwarz<\/td>\n<\/tr>\n<tr>\n<td class=\"left\">Besondere Merkmale<\/td>\n<td>in weiter Form mit Volants<\/td>\n<\/tr>\n<\/tbody>\n<\/table>","protected":false},"featured_media":79002,"comment_status":"open","ping_status":"closed","template":"","meta":{"_seopress_robots_primary_cat":"","_seopress_titles_title":"","_seopress_titles_desc":"","_seopress_robots_index":""},"product_brand":[],"product_cat":[1348,1379,1414,1540],"product_tag":[],"class_list":{"0":"post-78903","1":"product","2":"type-product","3":"status-publish","4":"has-post-thumbnail","6":"product_cat-damen-mode","7":"product_cat-kleider","8":"product_cat-blusen","9":"product_cat-3-4-arm","10":"product_shipping_class-standard-versand","12":"first","13":"instock","14":"sale","15":"taxable","16":"shipping-taxable","17":"purchasable","18":"product-type-simple"},"_links":{"self":[{"href":"https:\/\/www.soanam.de\/en\/wp-json\/wp\/v2\/product\/78903","targetHints":{"allow":["GET"]}}],"collection":[{"href":"https:\/\/www.soanam.de\/en\/wp-json\/wp\/v2\/product"}],"about":[{"href":"https:\/\/www.soanam.de\/en\/wp-json\/wp\/v2\/types\/product"}],"replies":[{"embeddable":true,"href":"https:\/\/www.soanam.de\/en\/wp-json\/wp\/v2\/comments?post=78903"}],"wp:featuredmedia":[{"embeddable":true,"href":"https:\/\/www.soanam.de\/en\/wp-json\/wp\/v2\/media\/79002"}],"wp:attachment":[{"href":"https:\/\/www.soanam.de\/en\/wp-json\/wp\/v2\/media?parent=78903"}],"wp:term":[{"taxonomy":"product_brand","embeddable":true,"href":"https:\/\/www.soanam.de\/en\/wp-json\/wp\/v2\/product_brand?post=78903"},{"taxonomy":"product_cat","embeddable":true,"href":"https:\/\/www.soanam.de\/en\/wp-json\/wp\/v2\/product_cat?post=78903"},{"taxonomy":"product_tag","embeddable":true,"href":"https:\/\/www.soanam.de\/en\/wp-json\/wp\/v2\/product_tag?post=78903"}],"curies":[{"name":"wp","href":"https:\/\/api.w.org\/{rel}","templated":true}]}}