{"id":78884,"date":"2023-12-13T21:55:07","date_gmt":"2023-12-13T20:55:07","guid":{"rendered":"https:\/\/www.soanam.de\/?post_type=product&#038;p=78884"},"modified":"2023-12-13T21:57:25","modified_gmt":"2023-12-13T20:57:25","slug":"lascana-hemdbluse-in-weiss-groesse-36","status":"publish","type":"product","link":"https:\/\/www.soanam.de\/en\/produkt\/lascana-hemdbluse-in-weiss-groesse-36\/","title":{"rendered":"LASCANA Hemdbluse, in Wei\u00df, Gr\u00f6\u00dfe 36"},"content":{"rendered":"<p>Hemdbluse von Lascana mit bezogenen Kn\u00f6pfen<br \/>\nModische Raffung an der Schulter und Passe<br \/>\nFull-length button placket<br \/>\nL\u00e4ssige Oversize Form<br \/>\nSlightly longer cut at the back<br \/>\nGewebte Viskose<\/p>\n<p>Optisch begeistern die trendy Raffungen an der Schulterpasse und die Ton in Ton gehaltene Knopfleiste an der Damenbluse mit der l\u00e4ssigen Oversize-Passform, die hinten l\u00e4nger geschnitten ist als vorne.<br \/>\nDer klassische Kragen und die Hemdb\u00fcndchen an den \u00c4rmeln vervollst\u00e4ndigen den hinrei\u00dfenden Look dieser Hemdbluse.<\/p>\n<p>Material: 100% viscose<br \/>\nCare instructions: Machine wash<\/p>\n<p>Color: white<br \/>\nPattern: without<br \/>\nSize: 36<\/p>\n<p>Shoulder width: 42cm<br \/>\nChest width: 114cm<br \/>\nSleeve length: 61cm<br \/>\nTotal length: 74cm<\/p>","protected":false},"excerpt":{"rendered":"<table class=\"dv_characteristicsTable\">\n<tbody>\n<tr>\n<td class=\"left\">Size<\/td>\n<td>36<\/td>\n<\/tr>\n<tr>\n<td class=\"left\">Gr\u00f6\u00dfentyp<\/td>\n<td>Normalgr\u00f6\u00dfen<\/td>\n<\/tr>\n<tr>\n<td class=\"left\">Material composition<\/td>\n<td>Obermaterial: 100% Viskose<\/td>\n<\/tr>\n<tr>\n<td class=\"left\">Materialart<\/td>\n<td>Web<\/td>\n<\/tr>\n<tr>\n<td class=\"left\">Care instructions<\/td>\n<td>Machine wash<\/td>\n<\/tr>\n<tr>\n<td class=\"left\">Optik<\/td>\n<td>unifarben<\/td>\n<\/tr>\n<tr>\n<td class=\"left\">Stil<\/td>\n<td>modisch<\/td>\n<\/tr>\n<tr>\n<td class=\"left\">Color<\/td>\n<td>creme<\/td>\n<\/tr>\n<tr>\n<td class=\"left\">Kragen<\/td>\n<td>Blusenkragen<\/td>\n<\/tr>\n<tr>\n<td class=\"left\">\u00c4rmel<\/td>\n<td>Long sleeve<\/td>\n<\/tr>\n<tr>\n<td class=\"left\">\u00c4rmelabschluss<\/td>\n<td>1-Knopf-Manschette<\/td>\n<\/tr>\n<tr>\n<td class=\"left\">Rumpfabschluss<\/td>\n<td>Rounded hem<\/td>\n<\/tr>\n<tr>\n<td class=\"left\">Fit<\/td>\n<td>figurumspielend<\/td>\n<\/tr>\n<tr>\n<td class=\"left\">Schnittdetails<\/td>\n<td>hinten l\u00e4nger geschnitten<\/td>\n<\/tr>\n<tr>\n<td class=\"left\">Schnittform L\u00e4nge<\/td>\n<td>Po-bedeckend<\/td>\n<\/tr>\n<tr>\n<td class=\"left\">Applikationen<\/td>\n<td>Stoff\u00fcberzogene Kn\u00f6pfe<\/td>\n<\/tr>\n<tr>\n<td class=\"left\">Verschluss<\/td>\n<td>Button placket<\/td>\n<\/tr>\n<tr>\n<td class=\"left\">Verschlussdetails<\/td>\n<td>durchgehend<\/td>\n<\/tr>\n<tr>\n<td class=\"left\">Besondere Merkmale<\/td>\n<td>mit bezogenen Kn\u00f6pfen<\/td>\n<\/tr>\n<\/tbody>\n<\/table>","protected":false},"featured_media":78994,"comment_status":"open","ping_status":"closed","template":"","meta":{"_seopress_robots_primary_cat":"","_seopress_titles_title":"","_seopress_titles_desc":"","_seopress_robots_index":""},"product_brand":[],"product_cat":[1348,1414,1415],"product_tag":[],"class_list":{"0":"post-78884","1":"product","2":"type-product","3":"status-publish","4":"has-post-thumbnail","6":"product_cat-damen-mode","7":"product_cat-blusen","8":"product_cat-langarm","9":"product_shipping_class-standard-versand","11":"first","12":"instock","13":"sale","14":"taxable","15":"shipping-taxable","16":"purchasable","17":"product-type-simple"},"_links":{"self":[{"href":"https:\/\/www.soanam.de\/en\/wp-json\/wp\/v2\/product\/78884","targetHints":{"allow":["GET"]}}],"collection":[{"href":"https:\/\/www.soanam.de\/en\/wp-json\/wp\/v2\/product"}],"about":[{"href":"https:\/\/www.soanam.de\/en\/wp-json\/wp\/v2\/types\/product"}],"replies":[{"embeddable":true,"href":"https:\/\/www.soanam.de\/en\/wp-json\/wp\/v2\/comments?post=78884"}],"wp:featuredmedia":[{"embeddable":true,"href":"https:\/\/www.soanam.de\/en\/wp-json\/wp\/v2\/media\/78994"}],"wp:attachment":[{"href":"https:\/\/www.soanam.de\/en\/wp-json\/wp\/v2\/media?parent=78884"}],"wp:term":[{"taxonomy":"product_brand","embeddable":true,"href":"https:\/\/www.soanam.de\/en\/wp-json\/wp\/v2\/product_brand?post=78884"},{"taxonomy":"product_cat","embeddable":true,"href":"https:\/\/www.soanam.de\/en\/wp-json\/wp\/v2\/product_cat?post=78884"},{"taxonomy":"product_tag","embeddable":true,"href":"https:\/\/www.soanam.de\/en\/wp-json\/wp\/v2\/product_tag?post=78884"}],"curies":[{"name":"wp","href":"https:\/\/api.w.org\/{rel}","templated":true}]}}